{"id":983,"date":"2018-10-08T16:13:01","date_gmt":"2018-10-08T14:13:01","guid":{"rendered":"http:\/\/websrv.saske.sk\/uef\/?page_id=983"},"modified":"2019-10-31T13:52:34","modified_gmt":"2019-10-31T12:52:34","slug":"laboratoria","status":"publish","type":"page","link":"https:\/\/websrv.saske.sk\/uef\/oddelenia-a-laboratoria\/oddelenie-fyziky-magnetickych-javov\/laboratoria\/","title":{"rendered":"Laborat\u00f3ria"},"content":{"rendered":"<ul>\n<li><strong><a href=\"http:\/\/websrv.saske.sk\/uef\/wp-content\/uploads\/2019\/10\/Laborat\u00f3rium-dielektrick\u00fdch-meran\u00ed.pdf\">Laborat\u00f3rium dielektrick\u00fdch meran\u00ed<\/a><\/strong><\/li>\n<li><strong><a href=\"http:\/\/websrv.saske.sk\/uef\/wp-content\/uploads\/2019\/10\/Chemick\u00e9-laborat\u00f3rium.pdf\">Chemick\u00e9 laborat\u00f3rium<\/a><\/strong><\/li>\n<li><strong><a href=\"http:\/\/websrv.saske.sk\/uef\/wp-content\/uploads\/2019\/10\/www-Laborat\u00f3rium-hypertermie.pdf\">Laborat\u00f3rium hypertermie<\/a><\/strong><\/li>\n<li><strong><a href=\"http:\/\/websrv.saske.sk\/uef\/wp-content\/uploads\/2019\/10\/www-Laboratorium-infracervenej-a-Ramanovej-spektroskopie-a-mikroskopie.pdf\">Laborat\u00f3rium infra\u010dervenej a Ramanovej spektroskopie a mikroskopie<\/a><\/strong><\/li>\n<li><strong><a href=\"http:\/\/websrv.saske.sk\/uef\/wp-content\/uploads\/2019\/10\/www-Laboratorium-vysokeho-magnetickeho-pola.pdf\">Laborat\u00f3rium vysok\u00e9ho magnetick\u00e9ho po\u013ea<\/a><\/strong><\/li>\n<li><strong><a href=\"http:\/\/websrv.saske.sk\/uef\/wp-content\/uploads\/2019\/10\/www-Syst\u00e9m-rastrovacej-sondovej-mikroskopie.pdf\">Syst\u00e9m rastrovacej sondovej mikroskopie<\/a><\/strong><\/li>\n<li><a href=\"http:\/\/websrv.saske.sk\/uef\/wp-content\/uploads\/2019\/10\/TechnologickeLab.pdf\"><strong>Technologick\u00e9 laborat\u00f3rium<\/strong><\/a><\/li>\n<\/ul>\n","protected":false},"excerpt":{"rendered":"<p>Laborat\u00f3rium dielektrick\u00fdch meran\u00ed Chemick\u00e9 laborat\u00f3rium Laborat\u00f3rium hypertermie Laborat\u00f3rium infra\u010dervenej a Ramanovej spektroskopie a mikroskopie Laborat\u00f3rium vysok\u00e9ho magnetick\u00e9ho po\u013ea Syst\u00e9m rastrovacej sondovej mikroskopie Technologick\u00e9 laborat\u00f3rium<\/p>\n","protected":false},"author":4,"featured_media":0,"parent":562,"menu_order":60,"comment_status":"closed","ping_status":"closed","template":"","meta":{"footnotes":""},"_links":{"self":[{"href":"https:\/\/websrv.saske.sk\/uef\/wp-json\/wp\/v2\/pages\/983"}],"collection":[{"href":"https:\/\/websrv.saske.sk\/uef\/wp-json\/wp\/v2\/pages"}],"about":[{"href":"https:\/\/websrv.saske.sk\/uef\/wp-json\/wp\/v2\/types\/page"}],"author":[{"embeddable":true,"href":"https:\/\/websrv.saske.sk\/uef\/wp-json\/wp\/v2\/users\/4"}],"replies":[{"embeddable":true,"href":"https:\/\/websrv.saske.sk\/uef\/wp-json\/wp\/v2\/comments?post=983"}],"version-history":[{"count":8,"href":"https:\/\/websrv.saske.sk\/uef\/wp-json\/wp\/v2\/pages\/983\/revisions"}],"predecessor-version":[{"id":3131,"href":"https:\/\/websrv.saske.sk\/uef\/wp-json\/wp\/v2\/pages\/983\/revisions\/3131"}],"up":[{"embeddable":true,"href":"https:\/\/websrv.saske.sk\/uef\/wp-json\/wp\/v2\/pages\/562"}],"wp:attachment":[{"href":"https:\/\/websrv.saske.sk\/uef\/wp-json\/wp\/v2\/media?parent=983"}],"curies":[{"name":"wp","href":"https:\/\/api.w.org\/{rel}","templated":true}]}}