{"id":9339,"date":"2025-09-02T08:54:21","date_gmt":"2025-09-02T06:54:21","guid":{"rendered":"https:\/\/websrv.saske.sk\/uef\/?page_id=9339"},"modified":"2025-09-02T09:45:55","modified_gmt":"2025-09-02T07:45:55","slug":"hrs4r","status":"publish","type":"page","link":"https:\/\/websrv.saske.sk\/uef\/o-nas\/dokumenty-ustavu\/hrs4r\/","title":{"rendered":"HRS4R"},"content":{"rendered":"<p><img loading=\"lazy\" decoding=\"async\" class=\"alignnone\" src=\"http:\/\/websrv.saske.sk\/uef\/wp-content\/uploads\/2025\/09\/CMYK_logo_positive_vertical.jpg\" width=\"123\" height=\"123\" \/><\/p>\n<p>Z\u00e1sady n\u00e1boru a v\u00fdberu zamestnancov vo verejnej v\u00fdskumnej in\u0161tit\u00facii\u00a0 \u00daEF SAV, v.v.i. <a href=\"http:\/\/websrv.saske.sk\/uef\/wp-content\/uploads\/2025\/09\/OTS-N-Zasady-naboru-a-vyberu-zamestnancov-vo-verejnej-vyskumnej-institucii_pre_UEF-SAV.pdf\">(.pdf_sk)<\/a><\/p>\n<p>Z\u00e1sady n\u00e1boru a v\u00fdberu zamestnancov vo verejnej v\u00fdskumnej in\u0161tit\u00facii\u00a0 \u00daEF SAV, v.v.i. <a href=\"http:\/\/websrv.saske.sk\/uef\/wp-content\/uploads\/2025\/09\/OTS-N-Zasady-naboru-a-vyberu-zamestnancov-vo-verejnej-vyskumnej-institucii_IEP-SAS_EN.pdf\">(.pdf_en)<\/a><\/p>\n<p>&nbsp;<\/p>\n","protected":false},"excerpt":{"rendered":"<p>Z\u00e1sady n\u00e1boru a v\u00fdberu zamestnancov vo verejnej v\u00fdskumnej in\u0161tit\u00facii\u00a0 \u00daEF SAV, v.v.i. (.pdf_sk) Z\u00e1sady n\u00e1boru a v\u00fdberu zamestnancov vo verejnej v\u00fdskumnej in\u0161tit\u00facii\u00a0 \u00daEF SAV, v.v.i&#8230;.<\/p>\n","protected":false},"author":1,"featured_media":0,"parent":180,"menu_order":0,"comment_status":"closed","ping_status":"closed","template":"","meta":{"footnotes":""},"_links":{"self":[{"href":"https:\/\/websrv.saske.sk\/uef\/wp-json\/wp\/v2\/pages\/9339"}],"collection":[{"href":"https:\/\/websrv.saske.sk\/uef\/wp-json\/wp\/v2\/pages"}],"about":[{"href":"https:\/\/websrv.saske.sk\/uef\/wp-json\/wp\/v2\/types\/page"}],"author":[{"embeddable":true,"href":"https:\/\/websrv.saske.sk\/uef\/wp-json\/wp\/v2\/users\/1"}],"replies":[{"embeddable":true,"href":"https:\/\/websrv.saske.sk\/uef\/wp-json\/wp\/v2\/comments?post=9339"}],"version-history":[{"count":7,"href":"https:\/\/websrv.saske.sk\/uef\/wp-json\/wp\/v2\/pages\/9339\/revisions"}],"predecessor-version":[{"id":9349,"href":"https:\/\/websrv.saske.sk\/uef\/wp-json\/wp\/v2\/pages\/9339\/revisions\/9349"}],"up":[{"embeddable":true,"href":"https:\/\/websrv.saske.sk\/uef\/wp-json\/wp\/v2\/pages\/180"}],"wp:attachment":[{"href":"https:\/\/websrv.saske.sk\/uef\/wp-json\/wp\/v2\/media?parent=9339"}],"curies":[{"name":"wp","href":"https:\/\/api.w.org\/{rel}","templated":true}]}}