{"id":9254,"date":"2025-06-23T09:15:27","date_gmt":"2025-06-23T07:15:27","guid":{"rendered":"https:\/\/websrv.saske.sk\/uef\/?page_id=9254"},"modified":"2026-02-11T10:07:29","modified_gmt":"2026-02-11T09:07:29","slug":"temy-pre-studentsku-vedecku-staz","status":"publish","type":"page","link":"https:\/\/websrv.saske.sk\/uef\/vzdelavanie\/temy-pre-studentsku-vedecku-staz\/","title":{"rendered":"T\u00e9my pre \u0161tudentsk\u00fa vedeck\u00fa st\u00e1\u017e"},"content":{"rendered":"<p><strong>T\u00e9my pre \u0161tudentsk\u00fa vedeck\u00fa st\u00e1\u017e:<\/strong><\/p>\n<p>1. N\u00e1zov t\u00e9my \u2013\u00a0 Mana\u017ement a prev\u00e1dzka vysokov\u00fdkonnej v\u00fdpo\u010dtovej techniky v distribuovanom prostred\u00ed WLCG ( The Worldwide LHC Computing Grid) <a href=\"http:\/\/websrv.saske.sk\/uef\/wp-content\/uploads\/2025\/06\/staz_osf.pdf\">(.pdf)<\/a><\/p>\n<p>2. N\u00e1zov t\u00e9my \u2013 Charakteristika vlastnost\u00ed vybran\u00fdch prote\u00ednov <a href=\"http:\/\/websrv.saske.sk\/uef\/wp-content\/uploads\/2025\/06\/Staz.docx\">(.doc)<\/a><\/p>\n","protected":false},"excerpt":{"rendered":"<p>T\u00e9my pre \u0161tudentsk\u00fa vedeck\u00fa st\u00e1\u017e: 1. N\u00e1zov t\u00e9my \u2013\u00a0 Mana\u017ement a prev\u00e1dzka vysokov\u00fdkonnej v\u00fdpo\u010dtovej techniky v distribuovanom prostred\u00ed WLCG ( The Worldwide LHC Computing Grid)&#8230;<\/p>\n","protected":false},"author":1,"featured_media":0,"parent":13,"menu_order":0,"comment_status":"closed","ping_status":"closed","template":"","meta":{"footnotes":""},"_links":{"self":[{"href":"https:\/\/websrv.saske.sk\/uef\/wp-json\/wp\/v2\/pages\/9254"}],"collection":[{"href":"https:\/\/websrv.saske.sk\/uef\/wp-json\/wp\/v2\/pages"}],"about":[{"href":"https:\/\/websrv.saske.sk\/uef\/wp-json\/wp\/v2\/types\/page"}],"author":[{"embeddable":true,"href":"https:\/\/websrv.saske.sk\/uef\/wp-json\/wp\/v2\/users\/1"}],"replies":[{"embeddable":true,"href":"https:\/\/websrv.saske.sk\/uef\/wp-json\/wp\/v2\/comments?post=9254"}],"version-history":[{"count":4,"href":"https:\/\/websrv.saske.sk\/uef\/wp-json\/wp\/v2\/pages\/9254\/revisions"}],"predecessor-version":[{"id":9803,"href":"https:\/\/websrv.saske.sk\/uef\/wp-json\/wp\/v2\/pages\/9254\/revisions\/9803"}],"up":[{"embeddable":true,"href":"https:\/\/websrv.saske.sk\/uef\/wp-json\/wp\/v2\/pages\/13"}],"wp:attachment":[{"href":"https:\/\/websrv.saske.sk\/uef\/wp-json\/wp\/v2\/media?parent=9254"}],"curies":[{"name":"wp","href":"https:\/\/api.w.org\/{rel}","templated":true}]}}