{"id":9169,"date":"2025-06-11T10:43:18","date_gmt":"2025-06-11T08:43:18","guid":{"rendered":"https:\/\/websrv.saske.sk\/uef\/?page_id=9169"},"modified":"2025-06-11T11:02:21","modified_gmt":"2025-06-11T09:02:21","slug":"studentska-vedecka-staz","status":"publish","type":"page","link":"https:\/\/websrv.saske.sk\/uef\/vzdelavanie\/studentska-vedecka-staz\/","title":{"rendered":"\u0160tudentsk\u00e1 vedeck\u00e1 st\u00e1\u017e"},"content":{"rendered":"<p><img loading=\"lazy\" decoding=\"async\" class=\"\" src=\"http:\/\/websrv.saske.sk\/uef\/wp-content\/uploads\/2025\/06\/staz.jpg\" width=\"253\" height=\"118\" \/><\/p>\n<p>Smernica na obsadenie poz\u00edci\u00ed \u0160tudentsk\u00e1 vedeck\u00e1 st\u00e1\u017e<br \/>\n___________________________________________________________________________<\/p>\n<p>1. \u0160tudentsk\u00e1 vedeck\u00e1 st\u00e1\u017e (\u0160VS) je \u0161peci\u00e1lna pracovn\u00e1 poz\u00edcia ur\u010den\u00e1 na zapojenie \u0161tudentov<br \/>\nuniverz\u00edt do vedecko-v\u00fdskumnej \u010dinnosti, ktor\u00e1 sa realizuje na \u00daEF SAV, v. v. i.<br \/>\n2. \u0160VS realizuje \u010diastkov\u00e9 \u00falohy spojen\u00e9 s rie\u0161en\u00edm vedeck\u00fdch projektov \u00fastavu.<br \/>\n3. T\u00e9mu a n\u00e1pl\u0148 pr\u00e1ce pre \u0160VS m\u00f4\u017ee vyp\u00edsa\u0165 vedeck\u00fd pracovn\u00edk (t\u00fator) so s\u00fahlasom ved\u00faceho<br \/>\noddelenia, resp. v\u00fdskumnej skupiny. T\u00fator m\u00f4\u017ee v danom roku vyp\u00edsa\u0165 najviac 1 t\u00e9mu.<br \/>\n4. T\u00e9my sa zverej\u0148uj\u00fa na webovom s\u00eddle \u00fastavu k 20. j\u00fanu dan\u00e9ho roka. V opodstatnen\u00fdch<br \/>\npr\u00edpadoch je mo\u017en\u00e9 na \u017eiados\u0165 ved\u00faceho oddelenia\/v\u00fdskumnej skupiny a po schv\u00e1len\u00ed<br \/>\nriadite\u013ekou \u00fastavu vyp\u00edsa\u0165 t\u00e9my aj v inom term\u00edne.<br \/>\n5. T\u00e9my musia obsahova\u0165:<br \/>\na) n\u00e1zov t\u00e9my<br \/>\nb) zodpovedn\u00fa osobu \u2013 t\u00fatora,<br \/>\nc) v\u00e4zbu na vedecko-v\u00fdskumn\u00fa aktivitu t\u00fatora,<br \/>\nd) zdroj financovania,<br \/>\ne) obdobie vykon\u00e1vania poz\u00edcie \u0160VS (maxim\u00e1lne 1 mesiac) a rozsah pr\u00e1c v hodin\u00e1ch.<br \/>\nf) \u010dinnos\u0165, ktor\u00fa bude \u0161tudent vykon\u00e1va\u0165,<br \/>\ng) sp\u00f4sob vyhodnotenia \u010dinnosti vykonanej \u0161tudentom (semin\u00e1r v r\u00e1mci<br \/>\noddelenia\/v\u00fdskumnej skupiny, spr\u00e1va o \u010dinnosti st\u00e1\u017eistu a pod.).<br \/>\n6. Vedeck\u00e9 zameranie \u0160VS nem\u00f4\u017ee s\u00favisie\u0165 s t\u00e9mou bakal\u00e1rskej\/diplomovej pr\u00e1ce \u0161tudenta.<br \/>\n7. Zdrojmi financovania \u0160VS s\u00fa:<br \/>\na) prostriedky in\u0161titucion\u00e1lnej formy podpory v\u00fdskumu a v\u00fdvoja,<br \/>\nb) granty\/projekty,<br \/>\nc) extern\u00e9 zdroje.<br \/>\n8. O v\u00fd\u0161ke financovania vy\u010dlenenej pre poz\u00edcie \u0160VS z prostriedkov in\u0161titucion\u00e1lnej formy<br \/>\npodpory v\u00fdskumu a v\u00fdvoja na dan\u00fd rok rozhoduje \u0161tatut\u00e1r.<br \/>\n9. Prihl\u00e1\u0161ky sa pod\u00e1vaj\u00fa do 5 pracovn\u00fdch dn\u00ed od zverejnenia vyp\u00edsan\u00fdch t\u00e9m. S\u00fa\u010das\u0165ou<br \/>\nprihl\u00e1\u0161ky je motiva\u010dn\u00fd list. Dokumenty m\u00f4\u017eu by\u0165 dodan\u00e9 aj v anglickom jazyku.<br \/>\n10. O z\u00edskan\u00ed poz\u00edcie \u0160VS rozhoduje \u0161tatut\u00e1r na z\u00e1klade odpor\u00fa\u010dania odbornej komisie, ktor\u00fa<br \/>\nmenuje \u0161tatut\u00e1r. V\u00fdsledky bud\u00fa uch\u00e1dza\u010dom a t\u00fatorom ozn\u00e1men\u00e9 najnesk\u00f4r do konca j\u00fana<br \/>\ndan\u00e9ho roka.<br \/>\n11. S \u00faspe\u0161n\u00fdmi uch\u00e1dza\u010dmi \u00fastav uzatvor\u00ed pracovno-pr\u00e1vny vz\u0165ah na dobu ur\u010dit\u00fa, pri\u010dom sa<br \/>\nzoh\u013eadnia \u0161pecifik\u00e1 pre pracovno-pr\u00e1vne pomery \u0161tudentov. Maxim\u00e1lny rozsah pr\u00e1c pre<br \/>\npoz\u00edciu \u0160VS je 80 hod\u00edn mesa\u010dne. O v\u00fd\u0161ke hodinovej sadzby rozhoduje \u0161tatut\u00e1r.<br \/>\n12. Pracovno-pr\u00e1vny vz\u0165ah s \u0160VS sa uzatv\u00e1ra spravidla na obdobie 1 mesiac po\u010das mesiacov j\u00fal<br \/>\n&#8211; september. V opodstatnen\u00fdch pr\u00edpadoch je mo\u017en\u00e9 ur\u010di\u0165 in\u00e9 obdobie \u010dinnosti \u0160VS.<br \/>\n13. Zodpovednos\u0165 za pr\u00e1cu v r\u00e1mci \u0160VS (obsah, \u00farove\u0148, mno\u017estvo) m\u00e1 t\u00fator, u ktor\u00e9ho \u0161tudent<br \/>\nst\u00e1\u017e vykon\u00e1va.<br \/>\n14. Odmena pre \u0160VS je vypl\u00e1can\u00e1 v s\u00falade s uzavretou formou pracovn\u00e9ho vz\u0165ahu vo v\u00fdplatnom<br \/>\nterm\u00edne stanoven\u00fdch \u00fastavom. Podmienkou vyplatenia odmeny je odovzdanie v\u00fdkazu<br \/>\nvykonan\u00fdch pr\u00e1c ods\u00fahlasen\u00e9ho a podp\u00edsan\u00e9ho t\u00fatorom.<br \/>\n15. V pr\u00edpade, \u017ee \u0161tudent nepln\u00ed ur\u010den\u00e9 \u00falohy, t\u00fator alebo ved\u00faci oddelenia\/v\u00fdskumnej skupiny<br \/>\nm\u00f4\u017ee \u0161tatut\u00e1rovi navrhn\u00fa\u0165 pozastavenie vypl\u00e1cania odmeny, resp. ukon\u010denie \u010dinnosti \u0160VS<\/p>\n<p>Prihl\u00e1\u0161ka na \u0161tudentsk\u00fa vedeck\u00fa st\u00e1\u017e\u00a0<a href=\"http:\/\/websrv.saske.sk\/uef\/wp-content\/uploads\/2025\/06\/SVS-prihlaska.docx\">(.doc)<\/a><\/p>\n<p>T\u00e9ma\u00a0 na \u0161tudentsk\u00fa vedeck\u00fa st\u00e1\u017e <a href=\"http:\/\/websrv.saske.sk\/uef\/wp-content\/uploads\/2025\/06\/SVS-tema.docx\">(.doc)<\/a><\/p>\n","protected":false},"excerpt":{"rendered":"<p>Smernica na obsadenie poz\u00edci\u00ed \u0160tudentsk\u00e1 vedeck\u00e1 st\u00e1\u017e ___________________________________________________________________________ 1. \u0160tudentsk\u00e1 vedeck\u00e1 st\u00e1\u017e (\u0160VS) je \u0161peci\u00e1lna pracovn\u00e1 poz\u00edcia ur\u010den\u00e1 na zapojenie \u0161tudentov univerz\u00edt do vedecko-v\u00fdskumnej \u010dinnosti,&#8230;<\/p>\n","protected":false},"author":1,"featured_media":0,"parent":13,"menu_order":0,"comment_status":"closed","ping_status":"closed","template":"","meta":{"footnotes":""},"_links":{"self":[{"href":"https:\/\/websrv.saske.sk\/uef\/wp-json\/wp\/v2\/pages\/9169"}],"collection":[{"href":"https:\/\/websrv.saske.sk\/uef\/wp-json\/wp\/v2\/pages"}],"about":[{"href":"https:\/\/websrv.saske.sk\/uef\/wp-json\/wp\/v2\/types\/page"}],"author":[{"embeddable":true,"href":"https:\/\/websrv.saske.sk\/uef\/wp-json\/wp\/v2\/users\/1"}],"replies":[{"embeddable":true,"href":"https:\/\/websrv.saske.sk\/uef\/wp-json\/wp\/v2\/comments?post=9169"}],"version-history":[{"count":8,"href":"https:\/\/websrv.saske.sk\/uef\/wp-json\/wp\/v2\/pages\/9169\/revisions"}],"predecessor-version":[{"id":9180,"href":"https:\/\/websrv.saske.sk\/uef\/wp-json\/wp\/v2\/pages\/9169\/revisions\/9180"}],"up":[{"embeddable":true,"href":"https:\/\/websrv.saske.sk\/uef\/wp-json\/wp\/v2\/pages\/13"}],"wp:attachment":[{"href":"https:\/\/websrv.saske.sk\/uef\/wp-json\/wp\/v2\/media?parent=9169"}],"curies":[{"name":"wp","href":"https:\/\/api.w.org\/{rel}","templated":true}]}}