{"id":9079,"date":"2025-05-16T10:12:02","date_gmt":"2025-05-16T08:12:02","guid":{"rendered":"https:\/\/websrv.saske.sk\/uef\/?page_id=9079"},"modified":"2025-05-16T10:49:53","modified_gmt":"2025-05-16T08:49:53","slug":"letna-skola-fyziky","status":"publish","type":"page","link":"https:\/\/websrv.saske.sk\/uef\/udalosti\/letna-skola-fyziky\/","title":{"rendered":"Letn\u00e1 \u0161kola fyziky"},"content":{"rendered":"<p><span style=\"font-family: Times New Roman, Times, serif;\">V\u00e1\u017een\u00e9 \u0161tudentky, v\u00e1\u017een\u00ed \u0161tudenti,<br \/>\n<\/span><\/p>\n<p><span style=\"font-family: Times New Roman, Times, serif;\">\u00dastav experiment\u00e1lnej fyziky SAV, v.v.i.\u00a0 v\u00e1s poz\u00fdva na letn\u00fa \u0161kolu pre \u0161tudentov.\u00a0 Letn\u00e1 \u0161kola v\u00e1m uk\u00e1\u017ee ak\u00e1 veda sa rob\u00ed na \u00daEF SAV a zozn\u00e1mi v\u00e1s s vedcami, ktor\u00ed sa jej v Ko\u0161iciach venuj\u00fa.<br \/>\n<\/span><\/p>\n<p><span style=\"font-family: Times New Roman, Times, serif;\">10 t\u00e9m z biofyziky, astrofyziky, jadrovej fyziky, fyziky materi\u00e1lov a magnetizmu.<br \/>\n<\/span><\/p>\n<p><span style=\"font-family: Times New Roman, Times, serif;\">Kedy: <strong>17. septembra 2025<\/strong><br \/>\n<\/span><\/p>\n<p><span style=\"font-family: Times New Roman, Times, serif;\">Kde: \u00dastav experiment\u00e1lnej fyziky SAV, v.v.i.<br \/>\nWatsonova 47, 040 01 Ko\u0161ice<br \/>\n<\/span><\/p>\n<p><span style=\"font-family: Times New Roman, Times, serif;\">Z\u00edskajte kontak na vedcov, ktor\u00ed sa venuj\u00fa oblasti,<br \/>\nktor\u00e1 v\u00e1s zauj\u00edma \ud83d\ude42<br \/>\n<\/span><\/p>\n<p><span style=\"font-family: Times New Roman, Times, serif;\">Na ak\u00e9ko\u013evek ot\u00e1zky o letnej \u0161kole sa p\u00fdtajte<br \/>\nna adrese bobik@saske.sk<br \/>\n<\/span><\/p>\n<p><span style=\"font-family: Times New Roman, Times, serif;\">Viac inform\u00e1ci\u00ed n\u00e1jdete <a href=\"https:\/\/letna-skola.saske.sk\/\">tu:<\/a><\/span><\/p>\n","protected":false},"excerpt":{"rendered":"<p>V\u00e1\u017een\u00e9 \u0161tudentky, v\u00e1\u017een\u00ed \u0161tudenti, \u00dastav experiment\u00e1lnej fyziky SAV, v.v.i.\u00a0 v\u00e1s poz\u00fdva na letn\u00fa \u0161kolu pre \u0161tudentov.\u00a0 Letn\u00e1 \u0161kola v\u00e1m uk\u00e1\u017ee ak\u00e1 veda sa rob\u00ed na&#8230;<\/p>\n","protected":false},"author":1,"featured_media":0,"parent":15,"menu_order":0,"comment_status":"closed","ping_status":"closed","template":"","meta":{"footnotes":""},"_links":{"self":[{"href":"https:\/\/websrv.saske.sk\/uef\/wp-json\/wp\/v2\/pages\/9079"}],"collection":[{"href":"https:\/\/websrv.saske.sk\/uef\/wp-json\/wp\/v2\/pages"}],"about":[{"href":"https:\/\/websrv.saske.sk\/uef\/wp-json\/wp\/v2\/types\/page"}],"author":[{"embeddable":true,"href":"https:\/\/websrv.saske.sk\/uef\/wp-json\/wp\/v2\/users\/1"}],"replies":[{"embeddable":true,"href":"https:\/\/websrv.saske.sk\/uef\/wp-json\/wp\/v2\/comments?post=9079"}],"version-history":[{"count":7,"href":"https:\/\/websrv.saske.sk\/uef\/wp-json\/wp\/v2\/pages\/9079\/revisions"}],"predecessor-version":[{"id":9089,"href":"https:\/\/websrv.saske.sk\/uef\/wp-json\/wp\/v2\/pages\/9079\/revisions\/9089"}],"up":[{"embeddable":true,"href":"https:\/\/websrv.saske.sk\/uef\/wp-json\/wp\/v2\/pages\/15"}],"wp:attachment":[{"href":"https:\/\/websrv.saske.sk\/uef\/wp-json\/wp\/v2\/media?parent=9079"}],"curies":[{"name":"wp","href":"https:\/\/api.w.org\/{rel}","templated":true}]}}