{"id":907,"date":"2018-10-03T16:58:20","date_gmt":"2018-10-03T14:58:20","guid":{"rendered":"http:\/\/websrv.saske.sk\/uef\/?page_id=907"},"modified":"2019-03-13T09:38:06","modified_gmt":"2019-03-13T08:38:06","slug":"zameranie-2","status":"publish","type":"page","link":"https:\/\/websrv.saske.sk\/uef\/oddelenia-a-laboratoria\/oddelenie-teoretickej-fyziky\/zameranie-2\/","title":{"rendered":"Zameranie"},"content":{"rendered":"<p><strong><em>Vedeck\u00e9 smery oddelenia<\/em><\/strong><\/p>\n<ul>\n<li><strong>Silne korelovan\u00e9 elektr\u00f3nov\u00e9 syst\u00e9my, modelovanie z prvotn\u00fdch princ\u00edpov<\/strong><\/li>\n<\/ul>\n<p style=\"padding-left: 30px\">\u00a0Hana \u010cen\u010darikov\u00e1, Pavol Farka\u0161ovsk\u00fd<\/p>\n<p>&nbsp;<\/p>\n<ul>\n<li><strong>Stochastick\u00e9 a \u0161tatisticko-mechanick\u00e9 syst\u00e9my: \u0161t\u00fadium univerz\u00e1lnych z\u00e1konitost\u00ed, f\u00e1zov\u00fdch prechodov a kritick\u00fdch javov\u00a0<\/strong><\/li>\n<\/ul>\n<p style=\"padding-left: 30px\">Michal Hnati\u010d, Mari\u00e1n Jur\u010di\u0161in, Eva Jur\u010di\u0161inov\u00e1<\/p>\n<p>&nbsp;<\/p>\n<ul>\n<li><strong>Te\u00f3ria \u0161trukturaliza\u010dn\u00fdch javov v syst\u00e9moch nano\u010dast\u00edc<\/strong><\/li>\n<\/ul>\n<p style=\"padding-left: 30px\">Peter Kop\u010dansk\u00fd<\/p>\n<p>&nbsp;<\/p>\n<ul>\n<li><strong>Supratekutos\u0165, supravodivos\u0165, fyzika nehomog\u00e9nnych tuh\u00fdch l\u00e1tok\u00a0<\/strong><\/li>\n<\/ul>\n<p style=\"padding-left: 30px\">Martin Kupka<\/p>\n<p>&nbsp;<\/p>\n<ul>\n<li><strong>Jadrov\u00e9 efekty v produkcii \u010dast\u00edc pri vysok\u00fdch energi\u00e1ch<\/strong><\/li>\n<\/ul>\n<p style=\"padding-left: 30px\">J\u00e1n Nem\u010d\u00edk<\/p>\n<p>&nbsp;<\/p>\n<ul>\n<li><strong>Fuler\u00e9ny, nanotrubky, graf\u00e9ny, elektron\u00f3v\u00e9 prenosy vo fotosyntetick\u00fdch reak\u010dn\u00fdch centr\u00e1ch. Ekonofyzika, \u0161t\u00fadium silne stochastick\u00fdch \u010dasov\u00fdch radov<\/strong><\/li>\n<\/ul>\n<p style=\"padding-left: 30px\">Richard Pin\u010d\u00e1k<\/p>\n<p>&nbsp;<\/p>\n<ul>\n<li><em><strong>Vysokoenergetick\u00e9 \u010dastice vo vesm\u00edre\u00a0<\/strong><\/em><\/li>\n<\/ul>\n","protected":false},"excerpt":{"rendered":"<p>Vedeck\u00e9 smery oddelenia Silne korelovan\u00e9 elektr\u00f3nov\u00e9 syst\u00e9my, modelovanie z prvotn\u00fdch princ\u00edpov \u00a0Hana \u010cen\u010darikov\u00e1, Pavol Farka\u0161ovsk\u00fd &nbsp; Stochastick\u00e9 a \u0161tatisticko-mechanick\u00e9 syst\u00e9my: \u0161t\u00fadium univerz\u00e1lnych z\u00e1konitost\u00ed, f\u00e1zov\u00fdch prechodov&#8230;<\/p>\n","protected":false},"author":10,"featured_media":0,"parent":567,"menu_order":110,"comment_status":"closed","ping_status":"closed","template":"","meta":{"footnotes":""},"_links":{"self":[{"href":"https:\/\/websrv.saske.sk\/uef\/wp-json\/wp\/v2\/pages\/907"}],"collection":[{"href":"https:\/\/websrv.saske.sk\/uef\/wp-json\/wp\/v2\/pages"}],"about":[{"href":"https:\/\/websrv.saske.sk\/uef\/wp-json\/wp\/v2\/types\/page"}],"author":[{"embeddable":true,"href":"https:\/\/websrv.saske.sk\/uef\/wp-json\/wp\/v2\/users\/10"}],"replies":[{"embeddable":true,"href":"https:\/\/websrv.saske.sk\/uef\/wp-json\/wp\/v2\/comments?post=907"}],"version-history":[{"count":5,"href":"https:\/\/websrv.saske.sk\/uef\/wp-json\/wp\/v2\/pages\/907\/revisions"}],"predecessor-version":[{"id":1950,"href":"https:\/\/websrv.saske.sk\/uef\/wp-json\/wp\/v2\/pages\/907\/revisions\/1950"}],"up":[{"embeddable":true,"href":"https:\/\/websrv.saske.sk\/uef\/wp-json\/wp\/v2\/pages\/567"}],"wp:attachment":[{"href":"https:\/\/websrv.saske.sk\/uef\/wp-json\/wp\/v2\/media?parent=907"}],"curies":[{"name":"wp","href":"https:\/\/api.w.org\/{rel}","templated":true}]}}