{"id":891,"date":"2018-10-03T16:53:51","date_gmt":"2018-10-03T14:53:51","guid":{"rendered":"http:\/\/websrv.saske.sk\/uef\/?page_id=891"},"modified":"2020-02-04T20:02:01","modified_gmt":"2020-02-04T19:02:01","slug":"uzitocne-odkazy-2","status":"publish","type":"page","link":"https:\/\/websrv.saske.sk\/uef\/oddelenia-a-laboratoria\/oddelenie-teoretickej-fyziky\/uzitocne-odkazy-2\/","title":{"rendered":"U\u017eito\u010dn\u00e9 odkazy"},"content":{"rendered":"<p><strong>Slovensk\u00e1 akad\u00e9mia vied:<\/strong><\/p>\n<ul>\n<li><a href=\"http:\/\/www.sav.sk\/\">SAV<\/a><\/li>\n<\/ul>\n<p><strong>Grantov\u00e9 agent\u00fary:<\/strong><\/p>\n<ul>\n<li><a href=\"http:\/\/vega.sav.sk\/\">VEGA<\/a><\/li>\n<li><a href=\"http:\/\/www.apvv.sk\/\">APVV<\/a><\/li>\n<li><a href=\"http:\/\/h2020.cvtisr.sk\/\">HORIZONT 2020<\/a><\/li>\n<\/ul>\n<p><strong>Web of Science:\u00a0<\/strong><\/p>\n<ul>\n<li><a href=\"http:\/\/apps.webofknowledge.com\/\">http:\/\/apps.webofknowledge.com\/<\/a><\/li>\n<\/ul>\n<p><strong>Scopus:\u00a0<\/strong><\/p>\n<ul>\n<li><a href=\"https:\/\/www.scopus.com\">https:\/\/www.scopus.com<\/a><\/li>\n<\/ul>\n<p><strong>\u0160truktur\u00e1lne fondy E\u00da:<\/strong><\/p>\n<ul>\n<li><a href=\"http:\/\/www.nsrr.sk\/\">\u0160truktur\u00e1lne fondy<\/a><\/li>\n<li><a href=\"http:\/\/www.minedu.sk\/index.php?lang=sk&amp;rootId=2016\">V\u00fdzvy<\/a><\/li>\n<li><a href=\"http:\/\/www.asfeu.sk\/\">Agent\u00fara Ministerstva \u0161kolstva pre \u0161truktur\u00e1lne fondy<\/a><\/li>\n<\/ul>\n<p><strong>Datab\u00e1zy odborn\u00fdch \u010dasopisov:<\/strong><\/p>\n<ul>\n<li><a href=\"https:\/\/www.elsevier.com\/journals\/title\/all\">https:\/\/journals.aps.org\/<\/a><\/li>\n<li><a href=\"https:\/\/www.elsevier.com\/journals\/title\/all\">http:\/\/iopscience.iop.org\/journalList<\/a><\/li>\n<li><a href=\"https:\/\/www.elsevier.com\/journals\/title\/all\">https:\/\/www.elsevier.com\/journals\/title\/all<\/a><\/li>\n<\/ul>\n<p><strong>Aktu\u00e1lne konferencie SAV:<\/strong><\/p>\n<ul>\n<li><a href=\"http:\/\/www.sav.sk\/?lang=sk&amp;doc=activity-conf\">http:\/\/www.sav.sk\/?lang=sk&amp;doc=activity-conf<\/a><\/li>\n<\/ul>\n<p><strong>Kni\u017enica SAV:<\/strong><\/p>\n<ul>\n<li><a href=\"http:\/\/www.uk.sav.sk\/uk_pre_SAV\/\">\u00dastredn\u00e1 kni\u017enica SAV<\/a><\/li>\n<\/ul>\n","protected":false},"excerpt":{"rendered":"<p>Slovensk\u00e1 akad\u00e9mia vied: SAV Grantov\u00e9 agent\u00fary: VEGA APVV HORIZONT 2020 Web of Science:\u00a0 http:\/\/apps.webofknowledge.com\/ Scopus:\u00a0 https:\/\/www.scopus.com \u0160truktur\u00e1lne fondy E\u00da: \u0160truktur\u00e1lne fondy V\u00fdzvy Agent\u00fara Ministerstva \u0161kolstva&#8230;<\/p>\n","protected":false},"author":10,"featured_media":0,"parent":567,"menu_order":90,"comment_status":"closed","ping_status":"closed","template":"","meta":{"footnotes":""},"_links":{"self":[{"href":"https:\/\/websrv.saske.sk\/uef\/wp-json\/wp\/v2\/pages\/891"}],"collection":[{"href":"https:\/\/websrv.saske.sk\/uef\/wp-json\/wp\/v2\/pages"}],"about":[{"href":"https:\/\/websrv.saske.sk\/uef\/wp-json\/wp\/v2\/types\/page"}],"author":[{"embeddable":true,"href":"https:\/\/websrv.saske.sk\/uef\/wp-json\/wp\/v2\/users\/10"}],"replies":[{"embeddable":true,"href":"https:\/\/websrv.saske.sk\/uef\/wp-json\/wp\/v2\/comments?post=891"}],"version-history":[{"count":4,"href":"https:\/\/websrv.saske.sk\/uef\/wp-json\/wp\/v2\/pages\/891\/revisions"}],"predecessor-version":[{"id":3860,"href":"https:\/\/websrv.saske.sk\/uef\/wp-json\/wp\/v2\/pages\/891\/revisions\/3860"}],"up":[{"embeddable":true,"href":"https:\/\/websrv.saske.sk\/uef\/wp-json\/wp\/v2\/pages\/567"}],"wp:attachment":[{"href":"https:\/\/websrv.saske.sk\/uef\/wp-json\/wp\/v2\/media?parent=891"}],"curies":[{"name":"wp","href":"https:\/\/api.w.org\/{rel}","templated":true}]}}