{"id":889,"date":"2018-10-03T16:53:27","date_gmt":"2018-10-03T14:53:27","guid":{"rendered":"http:\/\/websrv.saske.sk\/uef\/?page_id=889"},"modified":"2021-05-06T13:58:35","modified_gmt":"2021-05-06T11:58:35","slug":"informacie-pre-studentov-2","status":"publish","type":"page","link":"https:\/\/websrv.saske.sk\/uef\/oddelenia-a-laboratoria\/oddelenie-teoretickej-fyziky\/informacie-pre-studentov-2\/","title":{"rendered":"Inform\u00e1cie pre \u0161tudentov"},"content":{"rendered":"<h3><strong>Doktorandsk\u00e9 \u0161t\u00fadium<\/strong><em><br \/>\n<\/em><\/h3>\n<p>\u00dastav experiment\u00e1lnej fyziky SAV v Ko\u0161iciach sa spolupodie\u013ea ako extern\u00e1 vzdel\u00e1vacia in\u0161tit\u00facia\u00a0na uskuto\u010d\u0148ovan\u00ed \u00a0\u0161tudijn\u00fdch programov tretieho stup\u0148a (zoznam akreditovan\u00fdch \u0161tudijn\u00fdch programov a \u010fal\u0161ie aktu\u00e1lne inform\u00e1cie o \u0161t\u00fadiu\u00a0<a href=\"https:\/\/websrv.saske.sk\/uef\/vzdelavanie\/phd-studium\/\">tu<\/a>), ktor\u00e9 sa realizuj\u00fa v spolupr\u00e1ci s <a href=\"http:\/\/www.upjs.sk\/prirodovedecka-fakulta\/\">Pr\u00edrodovedeckou fakultou<\/a>\u00a0Univerzity P. J. \u0160af\u00e1rika v Ko\u0161iciach \u00a0a\u00a0<a href=\"http:\/\/web.tuke.sk\/hf\/\">Hutn\u00edckou fakultou<\/a>\u00a0Technickej univerzity v Ko\u0161iciach.<\/p>\n<p><a href=\"https:\/\/websrv.saske.sk\/uef\/wp-content\/uploads\/2021\/02\/Temy-PhD-2021-2022_UEF-SAV.pdf\">T\u00e9my \u00a0pre doktorandsk\u00e9 \u0161t\u00fadium \u00a0pre ak. rok 2021\/2022, vyp\u00edsan\u00e9 pracovn\u00edkmi teoretick\u00e9ho oddelenia v \u0161tudijnom odbore <strong>4-1-2 V\u0161eobecn\u00e1 a matematick\u00e1 fyzika<\/strong>.\u00a0<\/a><\/p>\n<h3><\/h3>\n<p>&nbsp;<\/p>\n<h3><strong>Diplomov\u00e9 pr\u00e1ce<\/strong><\/h3>\n<p>V pr\u00edpade z\u00e1ujmu o \u0161kolenie diplomovej pr\u00e1ce pros\u00edme kontaktova\u0165 \u0161kolite\u013ea.<\/p>\n<p>Kontaktn\u00e9 \u00fadaje pracovn\u00edkov OTF <a href=\"https:\/\/websrv.saske.sk\/uef\/oddelenia-a-laboratoria\/oddelenie-teoretickej-fyziky\/ludia-2\/\">tu<\/a>.<\/p>\n","protected":false},"excerpt":{"rendered":"<p>Doktorandsk\u00e9 \u0161t\u00fadium \u00dastav experiment\u00e1lnej fyziky SAV v Ko\u0161iciach sa spolupodie\u013ea ako extern\u00e1 vzdel\u00e1vacia in\u0161tit\u00facia\u00a0na uskuto\u010d\u0148ovan\u00ed \u00a0\u0161tudijn\u00fdch programov tretieho stup\u0148a (zoznam akreditovan\u00fdch \u0161tudijn\u00fdch programov a \u010fal\u0161ie&#8230;<\/p>\n","protected":false},"author":10,"featured_media":0,"parent":567,"menu_order":80,"comment_status":"closed","ping_status":"closed","template":"","meta":{"footnotes":""},"_links":{"self":[{"href":"https:\/\/websrv.saske.sk\/uef\/wp-json\/wp\/v2\/pages\/889"}],"collection":[{"href":"https:\/\/websrv.saske.sk\/uef\/wp-json\/wp\/v2\/pages"}],"about":[{"href":"https:\/\/websrv.saske.sk\/uef\/wp-json\/wp\/v2\/types\/page"}],"author":[{"embeddable":true,"href":"https:\/\/websrv.saske.sk\/uef\/wp-json\/wp\/v2\/users\/10"}],"replies":[{"embeddable":true,"href":"https:\/\/websrv.saske.sk\/uef\/wp-json\/wp\/v2\/comments?post=889"}],"version-history":[{"count":16,"href":"https:\/\/websrv.saske.sk\/uef\/wp-json\/wp\/v2\/pages\/889\/revisions"}],"predecessor-version":[{"id":5251,"href":"https:\/\/websrv.saske.sk\/uef\/wp-json\/wp\/v2\/pages\/889\/revisions\/5251"}],"up":[{"embeddable":true,"href":"https:\/\/websrv.saske.sk\/uef\/wp-json\/wp\/v2\/pages\/567"}],"wp:attachment":[{"href":"https:\/\/websrv.saske.sk\/uef\/wp-json\/wp\/v2\/media?parent=889"}],"curies":[{"name":"wp","href":"https:\/\/api.w.org\/{rel}","templated":true}]}}