{"id":8877,"date":"2025-02-26T11:23:08","date_gmt":"2025-02-26T10:23:08","guid":{"rendered":"https:\/\/websrv.saske.sk\/uef\/?page_id=8877"},"modified":"2025-02-26T11:46:42","modified_gmt":"2025-02-26T10:46:42","slug":"citke","status":"publish","type":"page","link":"https:\/\/websrv.saske.sk\/uef\/oddelenia-a-laboratoria\/citke\/","title":{"rendered":"CITKE"},"content":{"rendered":"<p><strong>Zoznam pracovn\u00edkov:<\/strong><\/p>\n<p>Ing. Marcela Brasov\u00e1\u00a0 marcela@saske.sk \u00a0 tel: 055\/7922205<\/p>\n<p>Ing. Richard B\u00edlek\u00a0\u00a0 \u00a0 \u00a0 bilek@saske.sk\u00a0\u00a0\u00a0\u00a0\u00a0\u00a0\u00a0 tel: 055\/7922205<\/p>\n<p>Ing. Viktor Ko\u010dan\u00a0\u00a0\u00a0\u00a0 \u00a0 kocan@saske.sk \u00a0\u00a0\u00a0\u00a0\u00a0 tel: 055\/7922205<\/p>\n<p>&nbsp;<\/p>\n<p><strong>Materi\u00e1ly a inform\u00e1cie:<\/strong><\/p>\n<p>\u0160tatut CITKE\u00a0 ( doc.)<\/p>\n<p><strong>Formul\u00e1re a \u017eiadosti:<\/strong><\/p>\n<p>\u017diados\u0165 o vytvorenie konta elektronickej po\u0161ty (.doc)<\/p>\n<p><strong>N\u00e1vody a nastavenia:<\/strong><\/p>\n<p>&nbsp;<\/p>\n<p>&nbsp;<\/p>\n","protected":false},"excerpt":{"rendered":"<p>Zoznam pracovn\u00edkov: Ing. Marcela Brasov\u00e1\u00a0 marcela@saske.sk \u00a0 tel: 055\/7922205 Ing. Richard B\u00edlek\u00a0\u00a0 \u00a0 \u00a0 bilek@saske.sk\u00a0\u00a0\u00a0\u00a0\u00a0\u00a0\u00a0 tel: 055\/7922205 Ing. Viktor Ko\u010dan\u00a0\u00a0\u00a0\u00a0 \u00a0 kocan@saske.sk \u00a0\u00a0\u00a0\u00a0\u00a0 tel: 055\/7922205&#8230;<\/p>\n","protected":false},"author":1,"featured_media":0,"parent":9,"menu_order":80,"comment_status":"closed","ping_status":"closed","template":"","meta":{"footnotes":""},"_links":{"self":[{"href":"https:\/\/websrv.saske.sk\/uef\/wp-json\/wp\/v2\/pages\/8877"}],"collection":[{"href":"https:\/\/websrv.saske.sk\/uef\/wp-json\/wp\/v2\/pages"}],"about":[{"href":"https:\/\/websrv.saske.sk\/uef\/wp-json\/wp\/v2\/types\/page"}],"author":[{"embeddable":true,"href":"https:\/\/websrv.saske.sk\/uef\/wp-json\/wp\/v2\/users\/1"}],"replies":[{"embeddable":true,"href":"https:\/\/websrv.saske.sk\/uef\/wp-json\/wp\/v2\/comments?post=8877"}],"version-history":[{"count":8,"href":"https:\/\/websrv.saske.sk\/uef\/wp-json\/wp\/v2\/pages\/8877\/revisions"}],"predecessor-version":[{"id":8894,"href":"https:\/\/websrv.saske.sk\/uef\/wp-json\/wp\/v2\/pages\/8877\/revisions\/8894"}],"up":[{"embeddable":true,"href":"https:\/\/websrv.saske.sk\/uef\/wp-json\/wp\/v2\/pages\/9"}],"wp:attachment":[{"href":"https:\/\/websrv.saske.sk\/uef\/wp-json\/wp\/v2\/media?parent=8877"}],"curies":[{"name":"wp","href":"https:\/\/api.w.org\/{rel}","templated":true}]}}