{"id":887,"date":"2018-10-03T16:53:07","date_gmt":"2018-10-03T14:53:07","guid":{"rendered":"http:\/\/websrv.saske.sk\/uef\/?page_id=887"},"modified":"2020-02-04T19:58:12","modified_gmt":"2020-02-04T18:58:12","slug":"konferencie-2","status":"publish","type":"page","link":"https:\/\/websrv.saske.sk\/uef\/oddelenia-a-laboratoria\/oddelenie-teoretickej-fyziky\/konferencie-2\/","title":{"rendered":"Konferencie"},"content":{"rendered":"<p><strong>Aktu\u00e1lne organizovan\u00e9 konferencie:<\/strong><\/p>\n<p>&nbsp;<\/p>\n<p><strong>Predch\u00e1dzaj\u00face konferencie:<\/strong><\/p>\n<div>\n<ul>\n<li><a href=\"https:\/\/indico-hlit.jinr.ru\/event\/162\/\">21 th SMALL TRIANGLE MEETING on Theoretical Physics 2019, 6-9 October 2019, Spi\u0161sk\u00e9 Tom\u00e1\u0161ovce, Slovakia<\/a><\/li>\n<li><a href=\"https:\/\/indico-hlit.jinr.ru\/event\/122\/\">20 th SMALL TRIANGLE MEETING on Theoretical Physics 2018, 7-10 October 2018, Pti\u010die, Slovakia<\/a><\/li>\n<li><a href=\"http:\/\/indico-hlit.jinr.ru\/event\/96\/\">19th<strong>\u00a0<\/strong>SMALL TRIANGLE MEETING on Theoretical Physics 2017<\/a><a href=\"http:\/\/indico-hlit.jinr.ru\/event\/96\/\">, 15-18 October 2017, Medzilaborce, Slovakia<\/a><\/li>\n<li><a href=\"https:\/\/indico-hlit.jinr.ru\/event\/63\/\">18 th\u00a0SMALL TRIANGLE MEETING on Theoretical Physics 2016, 16-19 October 2016, Pti\u010die, Slovakia<\/a><\/li>\n<li>17 th SMALL TRIANGLE MEETING on Theoretical Physics 2015, 07-11 September 2015, Sveta Nedelja, Hvar,Croatia<\/li>\n<li><a href=\"http:\/\/www.saske.sk\/Uef\/Conferences\/stm14\/\">16\u00a0th SMALL TRIANGLE MEETING on Theoretical Physics, October 5-8, 2014, Pti\u010die, Humenn\u00e9<\/a><\/li>\n<li><a href=\"http:\/\/www.saske.sk\/Uef\/Conferences\/stm13\/\">15 th SMALL TRIANGLE MEETING on Theoretical Physics,\u00a0October 27-30, 2013, Star\u00e1 Lesn\u00e1<\/a><\/li>\n<li>14 th SMALL TRIANGLE MEETING on Theoretical Physics 2012<\/li>\n<li>13 th SMALL TRIANGLE MEETING on Theoretical Physics 2011<\/li>\n<li>12 th SMALL TRIANGLE MEETING on Theoretical Physics 2010<\/li>\n<li>11 th SMALL TRIANGLE MEETING on Theoretical Physics 2009<\/li>\n<li>10 th STM September 21-24 2008, Medzilaborce<\/li>\n<li>9 th STM 2007, Medzilaborce<\/li>\n<li>8 th STM 2006, Her\u013eany<\/li>\n<li>7 th STM 2005, Snina<\/li>\n<\/ul>\n<p>Fotogal\u00e9ria z predch\u00e1dzaj\u00facich konferenci\u00ed\u00a0<a href=\"http:\/\/www.saske.sk\/Uef\/Conferences\/stm12\/gallery.html\">tu<\/a>.<\/p>\n<\/div>\n","protected":false},"excerpt":{"rendered":"<p>Aktu\u00e1lne organizovan\u00e9 konferencie: &nbsp; Predch\u00e1dzaj\u00face konferencie: 21 th SMALL TRIANGLE MEETING on Theoretical Physics 2019, 6-9 October 2019, Spi\u0161sk\u00e9 Tom\u00e1\u0161ovce, Slovakia 20 th SMALL TRIANGLE&#8230;<\/p>\n","protected":false},"author":10,"featured_media":0,"parent":567,"menu_order":70,"comment_status":"closed","ping_status":"closed","template":"","meta":{"footnotes":""},"_links":{"self":[{"href":"https:\/\/websrv.saske.sk\/uef\/wp-json\/wp\/v2\/pages\/887"}],"collection":[{"href":"https:\/\/websrv.saske.sk\/uef\/wp-json\/wp\/v2\/pages"}],"about":[{"href":"https:\/\/websrv.saske.sk\/uef\/wp-json\/wp\/v2\/types\/page"}],"author":[{"embeddable":true,"href":"https:\/\/websrv.saske.sk\/uef\/wp-json\/wp\/v2\/users\/10"}],"replies":[{"embeddable":true,"href":"https:\/\/websrv.saske.sk\/uef\/wp-json\/wp\/v2\/comments?post=887"}],"version-history":[{"count":10,"href":"https:\/\/websrv.saske.sk\/uef\/wp-json\/wp\/v2\/pages\/887\/revisions"}],"predecessor-version":[{"id":3858,"href":"https:\/\/websrv.saske.sk\/uef\/wp-json\/wp\/v2\/pages\/887\/revisions\/3858"}],"up":[{"embeddable":true,"href":"https:\/\/websrv.saske.sk\/uef\/wp-json\/wp\/v2\/pages\/567"}],"wp:attachment":[{"href":"https:\/\/websrv.saske.sk\/uef\/wp-json\/wp\/v2\/media?parent=887"}],"curies":[{"name":"wp","href":"https:\/\/api.w.org\/{rel}","templated":true}]}}