{"id":8840,"date":"2025-02-21T11:42:08","date_gmt":"2025-02-21T10:42:08","guid":{"rendered":"https:\/\/websrv.saske.sk\/uef\/?page_id=8840"},"modified":"2026-01-15T18:25:48","modified_gmt":"2026-01-15T17:25:48","slug":"2025-2","status":"publish","type":"page","link":"https:\/\/websrv.saske.sk\/uef\/oddelenia-a-laboratoria\/oddelenie-teoretickej-fyziky\/publikacie-2\/2025-2\/","title":{"rendered":"2025"},"content":{"rendered":"<ol>\n<li><strong>* P. FARKA\u0160OVSK\u00dd<\/strong>, Pressure induced superconducting pairing symmetry transitions in the Hubbard model with Falicov\u2013Kimball and hund coupling, <a href=\"https:\/\/epjplus.epj.org\/articles\/epjplus\/abs\/2025\/12\/13360_2025_Article_7142\/13360_2025_Article_7142.html\"><strong>European Physical Journal Plus 140 (2025) 1223<\/strong><\/a><strong> [<span style=\"color: #ff0000\">IF<\/span>\/MedIF(2024)=<span style=\"color: #ff0000\">2.9<\/span>\/1.8=1.611]<\/strong> (10 pages).<\/li>\n<li><strong>P. FARKA\u0160OVSK\u00dd<\/strong>, Impact of charge stripes on magnetization processes in rare-earth tetraborides, <a href=\"https:\/\/doi.org\/10.1016\/j.jmmm.2025.173284\"><strong>Journal of Magnetism and Magnetic Materials 629 (2025) 173284<\/strong> <\/a><strong>[<span style=\"color: #ff0000\">IF<\/span>\/MedIF(2024)=<span style=\"color: #ff0000\">3<\/span>\/2.8=1.071]<\/strong> (8 pages).<\/li>\n<li><strong>P. FARKA\u0160OVSK\u00dd<\/strong>, Superconducting correlations in the asymmetric Hubbard model, <a href=\"https:\/\/doi.org\/10.1016\/j.physc.2025.1354693\"><strong>Physica C\u00a0 632 (2025) 1354693<\/strong><\/a> [<strong><span style=\"color: #ff0000\">IF<\/span>\/MedIF(2024)=<span style=\"color: #ff0000\">1<\/span>\/2.7=0.370<\/strong>] (5 pages).<\/li>\n<li><strong>L. REGECIOV\u00c1<\/strong> and <strong>P. FARKA\u0160OVSK\u00dd<\/strong>, Optimization of magnetocaloric effect in molecular magnets within the Hubbard model, <a href=\"https:\/\/doi.org\/10.1142\/S0217979225502649\"><strong>International Journal of Modern Physics B 39 (2025) 2550264<\/strong><\/a> <strong>[<span style=\"color: #ff0000\">IF<\/span>\/MedIF(2024)=<span style=\"color: #ff0000\">2.8<\/span>\/1.5=1.867]<\/strong> (12 pages).<\/li>\n<li><strong>M. HNATI\u010c<\/strong>, M. KECER, M. V. KOMPANIETS, T. LU\u010cIVJANSK\u00dd, L. MI\u017dI\u0160IN, and Y. G. MOLOTKOV, Field-theoretic analysis of dynamic isotropic percolation: Three-loop approximation, <a href=\"https:\/\/doi.org\/10.1103\/87m5-mt2b\"><strong>Physical Review E 112 (2025) 014113<\/strong><\/a> <strong>[<span style=\"color: #ff0000\">IF<\/span>\/MedIF(2024)=<span style=\"color: #ff0000\">2.4<\/span>\/1.5=1.6]<\/strong> (14 pages).<\/li>\n<li><strong>M. HNATI\u010c<\/strong>, T. LU\u010cIVJANSK\u00dd, L. MI\u017dI\u0160IN, Y.i MOLOTKOV, and A. OVSIANNIKOV, Two-loop turbulent helical magnetohydrodynamics: Large-scale dynamo and energy spectrum, <a href=\"https:\/\/doi.org\/10.1103\/xhzb-5hr4\"><strong>Physical Review E 112 (2025) 015211<\/strong><\/a> <strong>[<span style=\"color: #ff0000\">IF<\/span>\/MedIF(2024)=<span style=\"color: #ff0000\">2.4<\/span>\/1.5=1.6]<\/strong> (42 pages).<\/li>\n<li>E. AYRYAN, J. BU\u0160A, <strong>M. HNATI\u010c<\/strong>, T. LU\u010cIVJANSK\u00dd, and V. MALYUTIN, Approximate calculation of functional integrals arising from the operator approach, <strong><a href=\"https:\/\/doi.org\/10.1016\/j.physa.2025.130616\">Physica A 670 (2025) 130616 <\/a>[<span style=\"color: #ff0000\">IF<\/span>\/MedIF(2024)=<span style=\"color: #ff0000\">3.1<\/span>\/1.8=1.722]<\/strong> (13 pages).<\/li>\n<li>K. B. OGANESYANA, J. BU\u0160A, K. DZIERZEGAD, A. H. GEVORGYANE, M. HNATI\u010c, I. \u0160AF\u00c1\u0158IK, M. TIMKO, and P. KOP\u010cANSK\u00dd, Plasma Diagnostics in High Magnetic Fields, <a href=\"https:\/\/doi.org\/10.1134\/S106377962570087X\"><strong>Physics of Particles and Nuclei 56 (2025) 1566\u20131570<\/strong><\/a>. <strong>[<span style=\"color: #ff0000\">IF<\/span>\/MedIF(2024)=<span style=\"color: #ff0000\">0.5<\/span>\/2.8=0.179]<\/strong> (5 pages).<\/li>\n<li><strong>M. HNATI\u010c<\/strong>, T. LU\u010cIVJANSK\u00dd, L. MI\u017dI\u0160IN, Y. MOLOTKOV, and A. OVSIANNIKOV, Turbulent Dynamo as Spontaneous Symmetry Breaking: \u03b1-Effect, <strong><a href=\"https:\/\/doi.org\/10.1134\/S1063779625700698\">Physics of Particles and Nuclei 56 (2025) 1467\u20131470<\/a> [<span style=\"color: #ff0000\">IF<\/span>\/MedIF(2024)=<span style=\"color: #ff0000\">0.5<\/span>\/2.8=0.179]<\/strong> (4 pages).<\/li>\n<li><strong>M. HNATI\u010c<\/strong>, M. KECER, T. LU\u010cIVJANSK\u00dd, L. MI\u017dI\u0160IN, and Y. G. MOLOTKOV, Dynamic Isotropic Percolation Process: Three-Loop Approximation, <a href=\"https:\/\/doi.org\/10.1134\/S1063779625700686\"><strong>Physics of Particles and Nuclei 56 (2025) 1462\u20131466<\/strong><\/a> <strong>[<span style=\"color: #ff0000\">IF<\/span>\/MedIF(2024)=<span style=\"color: #ff0000\">0.5<\/span>\/2.8=0.179]<\/strong> (5 pages).<\/li>\n<li><strong>M. HNATI\u010c<\/strong>, M. KECER, and T. LU\u010cIVJANSK\u00dd, Renormalization Group Analysis of Two-Species Reaction-Diffusion System: Crossover between Long-Range and Short-Range Spreading, <a href=\"https:\/\/doi.org\/10.1134\/S1547477125700086\"><strong>Physics of Particle and Nuclei Letters 22 (2025) 522\u2013524<\/strong><\/a> <strong>[<span style=\"color: #ff0000\">IF<\/span>\/MedIF(2024)=<span style=\"color: #ff0000\">0.4<\/span>\/2.8=0.143]<\/strong> (3 pages).<\/li>\n<li><strong>M. HNATI\u010c<\/strong>, T. LU\u010cIVJANSK\u00dd, L. MI\u017dI\u0160IN, Y. MOLOTKOV, and A. OVSIANNIKOV, Magnetohydrodynamic Turbulence with Parity Symmetry Breaking: Turbulent Dynamo as a Mechanism for System Stabilization, <a href=\"https:\/\/doi.org\/10.1134\/S1547477125700116\"><strong>Physics of Particle and Nuclei Letters 22 (2025) 532\u2013535<\/strong><\/a> <strong>[<span style=\"color: #ff0000\">IF<\/span>\/MedIF(2024)=<span style=\"color: #ff0000\">0.4<\/span>\/2.8=0.143]<\/strong> (4 pages).<\/li>\n<li><strong>E. JUR\u010cI\u0160INOV\u00c1<\/strong> and <strong>M. JUR\u010cI\u0160IN<\/strong>, Anomalous thermodynamics of the ferromagnetic p-state clock model on the kagome lattice An exact analysis within recursive lattice approach, <a href=\"https:\/\/doi.org\/10.1016\/j.physa.2025.131006\"><strong>Physica A 679 (2025) 131006 \u00a0<\/strong><\/a><strong>[<span style=\"color: #ff0000\">IF<\/span>\/MedIF(2024)=<span style=\"color: #ff0000\">3.1<\/span>\/1.8=1.722] <\/strong>(13 pages).<\/li>\n<li><strong>E. JUR\u010cI\u0160INOV\u00c1<\/strong> and <strong>M. JUR\u010cI\u0160IN<\/strong>, Kagome antiferromagnet with the multisite interaction in the external magnetic field: Exact results within higher recursive-lattice approximation, <a href=\"https:\/\/doi.org\/10.1016\/j.physa.2024.130326\"><strong>Physica A 659 (2025) 130326<\/strong><\/a> <strong>[<span style=\"color: #ff0000\">IF<\/span>\/MedIF(2024)=<span style=\"color: #ff0000\">3.1<\/span>\/1.8=1.722] <\/strong>(22 pages).<\/li>\n<li><strong>E. JUR\u010cI\u0160INOV\u00c1<\/strong>, <strong>M. JUR\u010cI\u0160IN<\/strong>, and <strong>R. REMECK\u00dd<\/strong>, Anomalous scaling and anisotropy persistence in kinematic magnetohydrodynamic turbulence, <a href=\"https:\/\/journals.aps.org\/pre\/abstract\/10.1103\/PhysRevE.111.045108\"><strong>Physical Review E 111 (2025) 045108<\/strong> <\/a> <strong>[<span style=\"color: #ff0000\">IF<\/span>\/MedIF(2024)=<span style=\"color: #ff0000\">2.4<\/span>\/1.5=1.600] <\/strong>(13 pages).<\/li>\n<li><strong>J. NEMCHIK<\/strong> and J. \u00d3BERTOV\u00c1, Searching for gluon saturation effects in the momentum transfer dependence of coherent charmonium electroproduction off nuclei, <a href=\"https:\/\/journals.aps.org\/prd\/abstract\/10.1103\/hmd1-64yj\"><strong>Physical Review D 112 (2025) 094005<\/strong><\/a> <strong>[<span style=\"color: #ff0000\">IF<\/span>\/MedIF(2024)=<span style=\"color: #ff0000\">5.3<\/span>\/2.8=1.893] <\/strong>(15 pages).<\/li>\n<li><b>\u00a0<\/b><strong>R. PIN\u010c\u00c1K<\/strong>, A. PIGAZZINI, M. PUDL\u00c1K, and E. BARTO\u0160, Introduction of the G2-Ricci flow: Geometric implications for spontaneous symmetry breaking and gauge boson masses,<a href=\"https:\/\/www.sciencedirect.com\/science\/article\/pii\/S0550321325001683?via%3Dihub\"><strong> Nuclear Physics B 1017 (2025) 116959<\/strong><\/a> <strong>[<span style=\"color: #ff0000\">IF<\/span>\/MedIF(2024)=<span style=\"color: #ff0000\">2.8<\/span>\/2.8=1] <\/strong>(17 pages).<\/li>\n<li>KAUSER, U. SHEIKH, <strong>R. PIN\u010c\u00c1K<\/strong>, and M. PUDL\u00c1K, Prediction of Buckyballs\u2019 physical properties using Sombor index, <a href=\"https:\/\/doi.org\/10.1142\/S0219887824502682\"><strong>International Journal of Geometric Methods in Modern Physics 22 (2025) 2450268<\/strong><\/a> <strong>[<span style=\"color: #ff0000\">IF<\/span>\/MedIF(2024)=<span style=\"color: #ff0000\">2.2<\/span>\/1.5=1.467] <\/strong>(18 pages).<\/li>\n<li><strong>R. PIN\u010c\u00c1K<\/strong>, K.KANJAMAPORNKUL, A. PIGAZZINI, and S. JAFARI, Exchanged flying ring of homochiral bosonic field in the genetic code, <a href=\"https:\/\/doi.org\/10.1142\/S0219887824502785\"><strong>International Journal of Geometric Methods in Modern Physics 22 (2025) 2450278<\/strong> <\/a> <strong>[<span style=\"color: #ff0000\">IF<\/span>\/MedIF(2024)=<span style=\"color: #ff0000\">2.2<\/span>\/1.5=1.467] <\/strong>(32 pages).<\/li>\n<li>S.ALI, U. SEIKH, M. HASNAIN, M. AWAIS, and <strong>R. PIN\u010c\u00c1K<\/strong>, Investigating dark energy and cosmic acceleration: A study using FRW and Tsallis entropy in Chern\u2013Simons gravity, <a href=\"https:\/\/www.worldscientific.com\/doi\/10.1142\/S0219887825500628\"><strong>International Journal of Geometric Methods in Modern Physics 22 (2025) 2550062<\/strong><\/a>\u00a0 <strong>[<span style=\"color: #ff0000\">IF<\/span>\/MedIF(2024)=<span style=\"color: #ff0000\">2.2<\/span>\/1.5=1.467] <\/strong>\u00a0(27 pages).<\/li>\n<li>U. SEIKH, S. ALI, and <strong>R. PIN\u010c\u00c1K<\/strong>, Rainbow effects on strange star model with charged stringy quark source: insights from SAXJ1808.4-3658 observations, <strong><a href=\"https:\/\/link.springer.com\/article\/10.1007\/s12648-024-03511-x\">Indian Journal of Physics 99(8) (2025) 2737<\/a><\/strong>\u00a0 <strong>[<span style=\"color: #ff0000\">IF<\/span>\/MedIF(2024)=<span style=\"color: #ff0000\">1.7<\/span>\/1.8=0.944] <\/strong>(16 pages).<\/li>\n<li><strong>R. PIN\u010c\u00c1K<\/strong>, K. KANJAMAPORNKUL, A. PIGAZZINI, and S. JAFARI, Theoretical investigation of Higgs mechanism in mutational behavior field of monkeypox virus, <a href=\"https:\/\/link.springer.com\/article\/10.1007\/s12648-025-03555-7\"><strong>Indian Journal of Physics 99 (2025) 3173<\/strong><\/a> <strong>[<span style=\"color: #ff0000\">IF<\/span>\/MedIF(2024)=<span style=\"color: #ff0000\">1.7<\/span>\/1.8=0.944] <\/strong>(24 pages).<\/li>\n<li>U. SEIKH, M. HUZAIFA, M. S. ZUBAIR, M. ASHRAF, and <strong>R. PIN\u010c\u00c1K<\/strong>, Magnetic sources for traversable wormhole creation, <a href=\"https:\/\/www.worldscientific.com\/doi\/10.1142\/S0217732325500440\"><strong>Modern Physics Letters A 40 (2025) 2550044<\/strong><\/a> <strong>[<span style=\"color: #ff0000\">IF<\/span>\/MedIF(2024)=<span style=\"color: #ff0000\">1.6<\/span>\/1.5=1.067] <\/strong>(16 pages).<\/li>\n<li><strong>L. REGECIOV\u00c1<\/strong> and K. J. KAPCIA, Localized fermions on the triangular lattice with Ising-like interactions, <a href=\"https:\/\/doi.org\/10.1103\/4lmb-6qqv\"><strong>Physical Review E 111 (2025) 064132<\/strong><\/a> <strong>[<span style=\"color: #ff0000\">IF<\/span>\/MedIF(2024)=<span style=\"color: #ff0000\">2.4<\/span>\/1.5=1.600]<\/strong> (11 pages).<\/li>\n<li><strong>H. VARGOV\u00c1<\/strong> (70%) and J. STRE\u010cKA (30%), The quantification of a genuine tetrapartite entanglement in a mixed spin-(1\/2,1) Heisenberg tetramer,<a href=\"https:\/\/www.sciencedirect.com\/science\/article\/abs\/pii\/S0378437125001165\"><strong> Physica A 644 (2025) 130464<\/strong><\/a> <strong>[<span style=\"color: #ff0000\">IF<\/span>\/MedIF(2024)=<span style=\"color: #ff0000\">3.1<\/span>\/1.8=1.722] <\/strong>(23 pages).<\/li>\n<\/ol>\n<h4><\/h4>\n<p>&nbsp;<\/p>\n<h4><strong>Publik\u00e1cie v registrovan\u00fdch dom\u00e1cich a zahrani\u010dn\u00fdch neimpaktovan\u00fdch \u010dasopisoch a zborn\u00edkoch:<\/strong><\/h4>\n<ol>\n<li>J. \u00d3BERTOV\u00c1 and <strong>J. NEMCHIK<\/strong>, Path integral treatment of coherence effects in charmonium production in nuclear ultra-peripheral collisions,<a href=\"https:\/\/pos.sissa.it\/476\/505\/pdf\"><strong> Proceedings of Science, PoS ICHEP2024 (2025) 505<\/strong><\/a> (6 pages).<\/li>\n<li>M. PANDISELVI, M.JEYARAMAN, S. JAFARI, G.NORDO, and <strong>R. PIN\u010c\u00c1K<\/strong>, Analysis of Fixed Point Theorems for Contractive Mappings in Complex-Valued Neutrosophic Metric Spaces and Their Application, <a href=\"https:\/\/fs.unm.edu\/nss8\/index.php\/111\/article\/view\/6414\"><strong>Neutrosophic Sets and Systems 86 (2025) 523<\/strong><\/a> (18 pages).<\/li>\n<li>S. JAFARI, A. PIGAZZINI, and <strong>R. PIN\u010c\u00c1K<\/strong>, ON RL TOPOLOGICAL SPACES, <a href=\"https:\/\/rsmams.org\/journals\/articleinfo.php?articleid=1089\"><strong>South East Asian Journal of Mathematics and Mathematical Sciences 21(1) (2025) 127<\/strong><\/a> (8 pages).<\/li>\n<\/ol>\n<p>&nbsp;<\/p>\n<p>&nbsp;<\/p>\n<h4><strong>Pr\u00edspevky na dom\u00e1cich a zahrani\u010dn\u00fdch konferenci\u00e1ch:<\/strong><\/h4>\n<ol>\n<li><strong>H. VARGOV\u00c1<\/strong> and J. STRE\u010cKA, Effect of Uniaxial Single-Ion Anisotropy on Stability of Quantumand Thermal Entanglement in a Mixed-Spin Heisenberg Trimer. In CSMAG25 : 18th Czech and Slovak Conferenceon Magnetism\u2013CSMAG\u201925, July 7-11, 2025, High Tatras, Slovak Republic. 1. vyd. &#8211; Ko\u0161ice : \u0160af\u00e1rikPress Publishing, 2025, p. 170.<\/li>\n<li>E. SHAHHOSSEINI SHAHRABADI, <strong>H. VARGOV\u00c1<\/strong>, and J. STRE\u010cKA, Probing Dynamical Correlations, Structure Factors, and Entanglement in a Spin-1\/2 Heisenberg Tetrahedron. In CSMAG25 : 18th Czech and Slovak Conferenceon Magnetism\u2013CSMAG\u201925, July 7-11, 2025, High Tatras, Slovak Republic. 1. vyd. &#8211; Ko\u0161ice : \u0160af\u00e1rikPress Publishing, 2025, p. 171. (CSMAG\u00b425 : Czech and Slovak Conference on Magnetism).<\/li>\n<li><strong>H. VARGOV\u00c1<\/strong> and J.\u00a0 STRE\u010cKA, Field-orientation-dependent magnetocaloric effect in an anisotropic mixed spin-(1\/2,1) Heisenberg dimer, In Coolmag2025, October 27th &#8211; 29th, 2025 Ko\u0161ice, Slovakia.<\/li>\n<li>E. SHAHHOSSEINI SHAHRABADI, <strong>H. VARGOV\u00c1<\/strong>, and J. STRE\u010cKA, A Combined Theoretical and Experimental Determination of Quantum Entanglement in a Spin-1\/2 Heisenberg Tetrahedron via Inelastic Neutron Scattering, In Coolmag2025, October 27th &#8211; 29th, 2025 Ko\u0161ice, Slovakia.<\/li>\n<li><strong>H. VARGOV\u00c1<\/strong> and J. STRE\u010cKA, Effect of a biquadratic exchange term on the thermal stability of genuine entanglement in a spin-1 Heisenberg trimer, In Aqumics, February 19th &#8211; 21st, 2025 Neuville-sur-Oise, France.<\/li>\n<\/ol>\n<p>&nbsp;<\/p>\n<p><strong>Predn\u00e1\u0161ly:<\/strong><\/p>\n<ol>\n<li><strong>R. PIN\u010c\u00c1K,<\/strong> Nov\u00fd geometrick\u00fd\/topologick\u00fd pr\u00edstup k \u201evyn\u00e1raj\u00facim sa priestorom\u201c v kozmol\u00f3gii<strong>,\u00a0 <\/strong><a href=\"https:\/\/websrv.saske.sk\/uef\/letna-skola-fyziky\/\">Letn\u00e1 \u0161kola fyziky \u00daEF SAV, v.v.i. v Ko\u0161iciach d\u0148a 17.09.2025<\/a><strong>.<\/strong><\/li>\n<\/ol>\n","protected":false},"excerpt":{"rendered":"<p>* P. FARKA\u0160OVSK\u00dd, Pressure induced superconducting pairing symmetry transitions in the Hubbard model with Falicov\u2013Kimball and hund coupling, European Physical Journal Plus 140 (2025) 1223&#8230;<\/p>\n","protected":false},"author":1,"featured_media":0,"parent":883,"menu_order":0,"comment_status":"closed","ping_status":"closed","template":"","meta":{"footnotes":""},"_links":{"self":[{"href":"https:\/\/websrv.saske.sk\/uef\/wp-json\/wp\/v2\/pages\/8840"}],"collection":[{"href":"https:\/\/websrv.saske.sk\/uef\/wp-json\/wp\/v2\/pages"}],"about":[{"href":"https:\/\/websrv.saske.sk\/uef\/wp-json\/wp\/v2\/types\/page"}],"author":[{"embeddable":true,"href":"https:\/\/websrv.saske.sk\/uef\/wp-json\/wp\/v2\/users\/1"}],"replies":[{"embeddable":true,"href":"https:\/\/websrv.saske.sk\/uef\/wp-json\/wp\/v2\/comments?post=8840"}],"version-history":[{"count":34,"href":"https:\/\/websrv.saske.sk\/uef\/wp-json\/wp\/v2\/pages\/8840\/revisions"}],"predecessor-version":[{"id":9746,"href":"https:\/\/websrv.saske.sk\/uef\/wp-json\/wp\/v2\/pages\/8840\/revisions\/9746"}],"up":[{"embeddable":true,"href":"https:\/\/websrv.saske.sk\/uef\/wp-json\/wp\/v2\/pages\/883"}],"wp:attachment":[{"href":"https:\/\/websrv.saske.sk\/uef\/wp-json\/wp\/v2\/media?parent=8840"}],"curies":[{"name":"wp","href":"https:\/\/api.w.org\/{rel}","templated":true}]}}