{"id":883,"date":"2018-10-03T16:52:18","date_gmt":"2018-10-03T14:52:18","guid":{"rendered":"http:\/\/websrv.saske.sk\/uef\/?page_id=883"},"modified":"2019-03-15T11:46:18","modified_gmt":"2019-03-15T10:46:18","slug":"publikacie-2","status":"publish","type":"page","link":"https:\/\/websrv.saske.sk\/uef\/oddelenia-a-laboratoria\/oddelenie-teoretickej-fyziky\/publikacie-2\/","title":{"rendered":"Publik\u00e1cie"},"content":{"rendered":"<p>Preh\u013ead v\u00fdsledkov v\u00fdskumu a vybran\u00e9 publik\u00e1cie pracovn\u00edkov oddelenia:<\/p>\n<ul>\n<li><a href=\"http:\/\/websrv.saske.sk\/uef\/oddelenia-a-laboratoria\/oddelenie-teoretickej-fyziky\/publikacie-2\/2019-2\/\"><strong>2019<\/strong><\/a><\/li>\n<li><strong><a href=\"http:\/\/websrv.saske.sk\/uef\/oddelenia-a-laboratoria\/oddelenie-teoretickej-fyziky\/publikacie-2\/2018-2\/\">2018<\/a> <a href=\"http:\/\/websrv.saske.sk\/uef\/wp-content\/uploads\/2019\/02\/Publik\u00e1cie-za-rok-2018.pdf\">(.pdf)<\/a><\/strong><\/li>\n<li><strong><a href=\"http:\/\/websrv.saske.sk\/uef\/oddelenia-a-laboratoria\/oddelenie-teoretickej-fyziky\/publikacie-2\/2017-2\/\">2017<\/a> <a href=\"http:\/\/websrv.saske.sk\/uef\/wp-content\/uploads\/2019\/02\/Publik\u00e1cie-za-rok-2017.pdf\">(.pdf)<\/a><\/strong><\/li>\n<li><strong>2016 <a href=\"http:\/\/websrv.saske.sk\/uef\/wp-content\/uploads\/2019\/02\/Publik\u00e1cie-za-rok-2016.pdf\">(.pdf)<\/a><\/strong><\/li>\n<li><strong>2015 <a href=\"http:\/\/websrv.saske.sk\/uef\/wp-content\/uploads\/2019\/02\/Publik\u00e1cie-za-rok-2015.pdf\">(.pdf)<\/a><\/strong><\/li>\n<li><strong>2014 <a href=\"http:\/\/websrv.saske.sk\/uef\/wp-content\/uploads\/2019\/02\/Publik\u00e1cie-za-rok-2014.pdf\">(.pdf)<\/a><\/strong><\/li>\n<li><strong>2013 <a href=\"http:\/\/websrv.saske.sk\/uef\/wp-content\/uploads\/2019\/02\/Publik\u00e1cie-za-rok-2013.pdf\">(.pdf)<\/a><\/strong><\/li>\n<\/ul>\n<p>Viac inform\u00e1ci\u00ed o publika\u010dnej \u010dinnosti oddelenia a \u00daEF\u00a0SAV\u00a0<a href=\"http:\/\/www.sav.sk\/?lang=sk&amp;charset=&amp;doc=org-ins&amp;institute_no=77&amp;action=publications\">tu<\/a>.<\/p>\n","protected":false},"excerpt":{"rendered":"<p>Preh\u013ead v\u00fdsledkov v\u00fdskumu a vybran\u00e9 publik\u00e1cie pracovn\u00edkov oddelenia: 2019 2018 (.pdf) 2017 (.pdf) 2016 (.pdf) 2015 (.pdf) 2014 (.pdf) 2013 (.pdf) Viac inform\u00e1ci\u00ed o publika\u010dnej&#8230;<\/p>\n","protected":false},"author":10,"featured_media":0,"parent":567,"menu_order":50,"comment_status":"closed","ping_status":"closed","template":"","meta":{"footnotes":""},"_links":{"self":[{"href":"https:\/\/websrv.saske.sk\/uef\/wp-json\/wp\/v2\/pages\/883"}],"collection":[{"href":"https:\/\/websrv.saske.sk\/uef\/wp-json\/wp\/v2\/pages"}],"about":[{"href":"https:\/\/websrv.saske.sk\/uef\/wp-json\/wp\/v2\/types\/page"}],"author":[{"embeddable":true,"href":"https:\/\/websrv.saske.sk\/uef\/wp-json\/wp\/v2\/users\/10"}],"replies":[{"embeddable":true,"href":"https:\/\/websrv.saske.sk\/uef\/wp-json\/wp\/v2\/comments?post=883"}],"version-history":[{"count":12,"href":"https:\/\/websrv.saske.sk\/uef\/wp-json\/wp\/v2\/pages\/883\/revisions"}],"predecessor-version":[{"id":1989,"href":"https:\/\/websrv.saske.sk\/uef\/wp-json\/wp\/v2\/pages\/883\/revisions\/1989"}],"up":[{"embeddable":true,"href":"https:\/\/websrv.saske.sk\/uef\/wp-json\/wp\/v2\/pages\/567"}],"wp:attachment":[{"href":"https:\/\/websrv.saske.sk\/uef\/wp-json\/wp\/v2\/media?parent=883"}],"curies":[{"name":"wp","href":"https:\/\/api.w.org\/{rel}","templated":true}]}}