{"id":8810,"date":"2025-02-11T10:15:51","date_gmt":"2025-02-11T09:15:51","guid":{"rendered":"https:\/\/websrv.saske.sk\/uef\/?page_id=8810"},"modified":"2026-02-16T08:38:21","modified_gmt":"2026-02-16T07:38:21","slug":"temy-pre-studentsku-vedecku-vypomoc","status":"publish","type":"page","link":"https:\/\/websrv.saske.sk\/uef\/vzdelavanie\/studentska-vedecka-vypomoc\/temy-pre-studentsku-vedecku-vypomoc\/","title":{"rendered":"T\u00e9my pre \u0161tudentsk\u00fa vedeck\u00fa v\u00fdpomoc"},"content":{"rendered":"<p>T\u00e9my pre \u0161tudentsk\u00fa vedeck\u00fa v\u00fdpomoc febru\u00e1r 2026<\/p>\n<p><strong>1<\/strong>. N\u00e1zov t\u00e9my &#8211;\u00a0 Teoretick\u00e9 simul\u00e1cie magnetick\u00fdch syst\u00e9mov <a href=\"http:\/\/websrv.saske.sk\/uef\/wp-content\/uploads\/2026\/02\/SVV-tema-Farkasovsky.pdf\">(.pdf)<\/a><\/p>\n<p><strong>2.<\/strong> N\u00e1zov t\u00e9my &#8211;\u00a0 Amyloidn\u00e9 \u0161trukt\u00fary prote\u00ednov &#8211; tvorba a inhib\u00edcia <a href=\"http:\/\/websrv.saske.sk\/uef\/wp-content\/uploads\/2026\/02\/SVV-tema-Gazova.pdf\">(.pdf)<\/a><\/p>\n<p><strong>3.<\/strong> N\u00e1zov t\u00e9my &#8211;\u00a0 Mana\u017ement a prev\u00e1dzka vysokov\u00fdkonnej v\u00fdpo\u010dtovej techniky v distribuovanom prostred\u00ed WLCG (The Worldwide LHC Computing Grid ) <a href=\"http:\/\/websrv.saske.sk\/uef\/wp-content\/uploads\/2026\/02\/SVV-tema-Kralik.pdf\">(.pdf)<\/a><\/p>\n<p><strong>4.<\/strong> N\u00e1zov t\u00e9my &#8211; Automatiz\u00e1cia meracieho procesu <a href=\"http:\/\/websrv.saske.sk\/uef\/wp-content\/uploads\/2026\/02\/SVV-tema-Pristas.pdf\">(.pdf)<\/a><\/p>\n<p><strong>5.<\/strong> N\u00e1zov t\u00e9my &#8211; Z\u00edskavanie energie z prietoku ferokvapal\u00edn <a href=\"http:\/\/websrv.saske.sk\/uef\/wp-content\/uploads\/2026\/02\/SVV-tema-Rajnak.pdf\">(.pdf)<\/a><\/p>\n<p><strong>6.<\/strong> N\u00e1zov t\u00e9my &#8211; \u0160t\u00fadium magnetick\u00fdch materi\u00e1lov pomocou Magneto-optick\u00e9ho Kerrovho javu (MOKE) <a href=\"http:\/\/websrv.saske.sk\/uef\/wp-content\/uploads\/2026\/02\/SVV-tema-Marcin-Richter.pdf\">(.pdf)<\/a><\/p>\n<p>&nbsp;<\/p>\n<p>T\u00e9my pre \u0161tudentsk\u00fa vedeck\u00fa v\u00fdpomoc rok 2025<\/p>\n<p>1. N\u00e1zov t\u00e9my &#8211; Mapovanie \u0161trukt\u00farnej heterogenity kovov\u00fdch materi\u00e1lov<br \/>\npripraven\u00fdch 3D tla\u010dou pomocou RTG mikrodifrakcie\u00a0 <a href=\"http:\/\/websrv.saske.sk\/uef\/wp-content\/uploads\/2025\/02\/SVV_tema_2025_Bednarcik.pdf\">(.doc)<\/a><\/p>\n<p>2. N\u00e1zov t\u00e9my &#8211; \u0160t\u00fadium amyloidn\u00fdch \u0161trukt\u00far prote\u00ednov. <a href=\"http:\/\/websrv.saske.sk\/uef\/wp-content\/uploads\/2025\/02\/SVV_tema_2025_Gazova.pdf\">(.doc)<\/a><\/p>\n<p>3. N\u00e1zov t\u00e9my &#8211; Numerick\u00e1 anal\u00fdza STM d\u00e1t\u00a0 <a href=\"http:\/\/websrv.saske.sk\/uef\/wp-content\/uploads\/2025\/02\/SVV_tema_2025_Szabo.pdf\">(.doc)<\/a><\/p>\n<p>4. N\u00e1zov t\u00e9my &#8211; \u0160t\u00fadium pokro\u010dil\u00fdch magnetick\u00fdch materi\u00e1lov pomocou<br \/>\nMagneto-optick\u00e9ho Kerrovho javu (MOKE) <a href=\"http:\/\/websrv.saske.sk\/uef\/wp-content\/uploads\/2025\/02\/SVV_tema_2025_Skorvanek.pdf\">(.doc)<\/a><\/p>\n<p>&nbsp;<\/p>\n","protected":false},"excerpt":{"rendered":"<p>T\u00e9my pre \u0161tudentsk\u00fa vedeck\u00fa v\u00fdpomoc febru\u00e1r 2026 1. N\u00e1zov t\u00e9my &#8211;\u00a0 Teoretick\u00e9 simul\u00e1cie magnetick\u00fdch syst\u00e9mov (.pdf) 2. N\u00e1zov t\u00e9my &#8211;\u00a0 Amyloidn\u00e9 \u0161trukt\u00fary prote\u00ednov &#8211; tvorba&#8230;<\/p>\n","protected":false},"author":1,"featured_media":0,"parent":8751,"menu_order":0,"comment_status":"closed","ping_status":"closed","template":"","meta":{"footnotes":""},"_links":{"self":[{"href":"https:\/\/websrv.saske.sk\/uef\/wp-json\/wp\/v2\/pages\/8810"}],"collection":[{"href":"https:\/\/websrv.saske.sk\/uef\/wp-json\/wp\/v2\/pages"}],"about":[{"href":"https:\/\/websrv.saske.sk\/uef\/wp-json\/wp\/v2\/types\/page"}],"author":[{"embeddable":true,"href":"https:\/\/websrv.saske.sk\/uef\/wp-json\/wp\/v2\/users\/1"}],"replies":[{"embeddable":true,"href":"https:\/\/websrv.saske.sk\/uef\/wp-json\/wp\/v2\/comments?post=8810"}],"version-history":[{"count":9,"href":"https:\/\/websrv.saske.sk\/uef\/wp-json\/wp\/v2\/pages\/8810\/revisions"}],"predecessor-version":[{"id":9809,"href":"https:\/\/websrv.saske.sk\/uef\/wp-json\/wp\/v2\/pages\/8810\/revisions\/9809"}],"up":[{"embeddable":true,"href":"https:\/\/websrv.saske.sk\/uef\/wp-json\/wp\/v2\/pages\/8751"}],"wp:attachment":[{"href":"https:\/\/websrv.saske.sk\/uef\/wp-json\/wp\/v2\/media?parent=8810"}],"curies":[{"name":"wp","href":"https:\/\/api.w.org\/{rel}","templated":true}]}}