{"id":881,"date":"2018-10-03T16:51:59","date_gmt":"2018-10-03T14:51:59","guid":{"rendered":"http:\/\/websrv.saske.sk\/uef\/?page_id=881"},"modified":"2026-01-29T12:03:14","modified_gmt":"2026-01-29T11:03:14","slug":"projekty-2","status":"publish","type":"page","link":"https:\/\/websrv.saske.sk\/uef\/oddelenia-a-laboratoria\/oddelenie-teoretickej-fyziky\/projekty-2\/","title":{"rendered":"Projekty"},"content":{"rendered":"<h3><span style=\"color: #3366ff\"><strong>Aktu\u00e1lne rie\u0161en\u00e9 projekty<\/strong><\/span><\/h3>\n<p>&nbsp;<\/p>\n<h4><strong><em>Projekty Slovenskej vedeckej grantovej agent\u00fary VEGA<\/em><\/strong><\/h4>\n<ul>\n<li>VEGA &#8211; 2\/0058\/26\u00a0 \u00a0Dizajn materi\u00e1lov s optim\u00e1lnymi supravodiv\u00fdmi, feroelektrick\u00fdmi a magnetoklaorick\u00fdmi vlastnos\u0165ami<\/li>\n<\/ul>\n<p style=\"padding-left: 30px\">Zodpovedn\u00fd rie\u0161ite\u013e: <strong>Pavol Farka\u0161ovsk\u00fd<\/strong> (2026 &#8211; 2029)<\/p>\n<p>&nbsp;<\/p>\n<ul>\n<li>VEGA &#8211; 2\/0035\/25 H\u013eadanie stavov s vlastnos\u0165ami spinov\u00fdch kvapal\u00edn vo frustrovan\u00fdch magnetick\u00fdch syst\u00e9moch<\/li>\n<\/ul>\n<p style=\"padding-left: 30px\">Zodpovedn\u00fd rie\u0161ite\u013e: <strong>Mari\u00e1n Jur\u010di\u0161in<\/strong> (2025 &#8211; 2028)<\/p>\n<p>&nbsp;<\/p>\n<ul>\n<li>VEGA &#8211; 2\/0076\/23\u00a0 Diskr\u00e9tna gravit\u00e1cia, kvantov\u00e9 javy a ich aplik\u00e1cia na r\u00f4zne druhy fyzik\u00e1lnej reality<\/li>\n<\/ul>\n<p style=\"padding-left: 30px\">Zodpovedn\u00fd rie\u0161ite\u013e: <strong>Richard Pin\u010d\u00e1k<\/strong> (2023 &#8211; 2026)<\/p>\n<p>&nbsp;<\/p>\n<ul>\n<li>VEGA &#8211; 2\/0044\/23\u00a0 \u00a0Teoretick\u00e9 \u0161t\u00fadium vlastnost\u00ed geometricky a interak\u010dne frustrovan\u00fdch magnetick\u00fdch syst\u00e9mov<\/li>\n<\/ul>\n<p style=\"padding-left: 30px\">Zodpovedn\u00fd rie\u0161ite\u013e: <strong>Eva Jur\u010di\u0161inov\u00e1<\/strong> (2023 &#8211; 2026)<\/p>\n<p>&nbsp;<\/p>\n<p>&nbsp;<\/p>\n<h4><strong><em>Projekty Agent\u00fary pre podporu v\u00fdskumu a v\u00fdvoja APVV<\/em><\/strong><\/h4>\n<ul>\n<li>APVV-23-0226 \u00a0 Vplyv dynamick\u00fdch n\u00e1bojov\u00fdch p\u00e1sov na kvantov\u00e9 magnety a supravodi\u010de v extr\u00e9mnych podmienkach<\/li>\n<\/ul>\n<p style=\"padding-left: 30px\">\u010clenovia rie\u0161ite\u013esk\u00e9ho kolekt\u00edvu: <strong>Pavol Farka\u0161ovsk\u00fd, Eva Jur\u010di\u0161inov\u00e1, \u013dubom\u00edra Regeciov\u00e1, Richard Remeck\u00fd <\/strong>(01.07.2024 &#8211; 30.06.2028)<\/p>\n<p>&nbsp;<\/p>\n<p>&nbsp;<\/p>\n<p>&nbsp;<\/p>\n<h3><span style=\"color: #3366ff\"><strong>Ukon\u010den\u00e9 projekty<\/strong><\/span><\/h3>\n<p>&nbsp;<\/p>\n<h4><strong><em>Projekty Slovenskej vedeckej grantovej agent\u00fary VEGA<\/em><\/strong><\/h4>\n<ul>\n<li>VEGA &#8211; 2\/0037\/22\u00a0\u00a0 Teoretick\u00e9 \u0161t\u00fadium kooperat\u00edvnych javov v silne korelovan\u00fdch elektr\u00f3nov\u00fdch a spinov\u00fdch syst\u00e9moch<\/li>\n<\/ul>\n<p style=\"padding-left: 30px\">Zodpovedn\u00fd rie\u0161ite\u013e: Pavol Farka\u0161ovsk\u00fd (2022 &#8211; 2025)<\/p>\n<p>&nbsp;<\/p>\n<ul>\n<li>VEGA &#8211;\u00a0 2\/0020\/22\u00a0 \u00a0Produkcia \u0165a\u017ek\u00fdch kvarkov ako sonda kvantovej chromodynamiky<\/li>\n<\/ul>\n<p style=\"padding-left: 30px\">Zodpovedn\u00fd rie\u0161ite\u013e: J\u00e1n Nem\u010d\u00edk (2022 &#8211; 2025)<\/p>\n<p>&nbsp;<\/p>\n<ul>\n<li>VEGA &#8211;\u00a02\/0081\/21\u00a0 \u00a0Anom\u00e1lne \u0161k\u00e1lovanie v turbulentn\u00fdch syst\u00e9moch s naru\u0161enou symetriou<\/li>\n<\/ul>\n<p style=\"padding-left: 30px\">Zodpovedn\u00fd rie\u0161ite\u013e: Mari\u00e1n Jur\u010di\u0161in (1.1.2021 &#8211; 31.12.2024)<\/p>\n<p>&nbsp;<\/p>\n<ul>\n<li>VEGA &#8211; 1\/0105\/20\u00a0 \u00a0Teoretick\u00e9 \u0161t\u00fadium multifunk\u010dn\u00fdch kvantov\u00fdch n\u00edzko-rozmern\u00fdch magnetick\u00fdch materi\u00e1lov<\/li>\n<\/ul>\n<p style=\"padding-left: 30px\">Z\u00e1stupca za SAV: Hana Vargov\u00e1 (\u010cen\u010darikov\u00e1) (2020 &#8211; 2023)<\/p>\n<p>&nbsp;<\/p>\n<ul>\n<li>VEGA &#8211; 2\/0009\/19\u00a0 \u00a0Aplik\u00e1cia matematickej fyziky v r\u00f4zne \u0161k\u00e1lovate\u013en\u00fdch syst\u00e9moch<\/li>\n<\/ul>\n<p style=\"padding-left: 30px\">Zodpovedn\u00fd rie\u0161ite\u013e: Richard Pin\u010d\u00e1k (2019 &#8211; 2022)<\/p>\n<p>&nbsp;<\/p>\n<ul>\n<li>VEGA &#8211; 2\/0058\/19\u00a0 \u00a0\u0160t\u00fadium termodynamick\u00fdch vlastnost\u00ed frustrovan\u00fdch magnetick\u00fdch syst\u00e9mov exaktne rie\u0161ite\u013en\u00fdmi modelmi<\/li>\n<\/ul>\n<p style=\"padding-left: 30px\">Zodpovedn\u00fd rie\u0161ite\u013e: Eva Jur\u010di\u0161inov\u00e1 (2019 &#8211; 2022)<\/p>\n<p>&nbsp;<\/p>\n<ul>\n<li>VEGA &#8211; 2\/0112\/18\u00a0 \u00a0Systematick\u00e9 \u0161t\u00fadium vplyvu lok\u00e1lnych a nelok\u00e1lnych interakci\u00ed na koexistenciu kvantov\u00fdch f\u00e1z s r\u00f4znymi parametrami usporiadania<\/li>\n<\/ul>\n<p style=\"padding-left: 30px\">Zodpovedn\u00fd rie\u0161ite\u013e: Pavol Farka\u0161ovsk\u00fd (2018 &#8211; 2021)<\/p>\n<p>&nbsp;<\/p>\n<ul>\n<li>VEGA &#8211; 2\/0007\/18\u00a0 \u00a0Sk\u00famanie vlastnost\u00ed jadrovej mat\u00e9rie v produkcii \u0165a\u017ek\u00fdch kvarkov na jadrov\u00fdch ter\u010d\u00edkoch<\/li>\n<\/ul>\n<p style=\"padding-left: 30px\">Zodpovedn\u00fd rie\u0161ite\u013e: J\u00e1n Nem\u010d\u00edk (2018 &#8211; 2021)<\/p>\n<p>&nbsp;<\/p>\n<ul>\n<li>VEGA &#8211;\u00a0 2\/0065\/17\u00a0 \u00a0\u0160t\u00fadium univerz\u00e1lnych vlastnost\u00ed dif\u00faznych procesov v turbulentn\u00fdch prostrediach<\/li>\n<\/ul>\n<p style=\"padding-left: 30px\">Zodpovedn\u00fd rie\u0161ite\u013e: Mari\u00e1n Jur\u010di\u0161in (1.1.2017 &#8211; 31.12.2020)<\/p>\n<p>&nbsp;<\/p>\n<ul>\n<li>VEGA &#8211; 1\/0043\/16\u00a0 \u00a0Magnetoelektrick\u00fd a magnetokalorick\u00fd jav v exaktne rie\u0161ite\u013en\u00fdch mrie\u017ekovo-\u0161tatistick\u00fdch modeloch<\/li>\n<\/ul>\n<p style=\"padding-left: 30px\">Zodpovedn\u00fd rie\u0161ite\u013e za \u00daEF: Hana \u010cen\u010darikov\u00e1 (2016 &#8211; 2019)<\/p>\n<p>&nbsp;<\/p>\n<ul>\n<li>VEGA &#8211;\u00a0 2\/0020\/14\u00a0 \u00a0Vlastnosti jadrovej mat\u00e9rie vytvorenej v interakci\u00e1ch s jadrov\u00fdmi ter\u010d\u00edkmi pri vysok\u00fdch energi\u00e1ch<\/li>\n<\/ul>\n<p style=\"padding-left: 30px\">Zodpovedn\u00fd rie\u0161ite\u013e: J\u00e1n Nem\u010d\u00edk (1.1.2014 &#8211; 31.12.2017)<\/p>\n<p>&nbsp;<\/p>\n<ul>\n<li>VEGA &#8211;\u00a0 2\/0077\/13\u00a0 \u00a0Teoretick\u00e9 \u0161t\u00fadium kooperat\u00edvnych javov v silne korelovan\u00fdch elektr\u00f3nov\u00fdch a spinov\u00fdch syst\u00e9moch<\/li>\n<\/ul>\n<p style=\"padding-left: 30px\">Zodpovedn\u00fd rie\u0161ite\u013e: Pavol Farka\u0161ovsk\u00fd (1.1.2013 &#8211; 31.12.2015)<\/p>\n<p>&nbsp;<\/p>\n<ul>\n<li>VEGA &#8211;\u00a0 2\/0093\/13\u00a0 \u00a0\u0160t\u00fadium vlastnost\u00ed turbulentn\u00fdch prostred\u00ed s naru\u0161en\u00fdmi symetriami<\/li>\n<\/ul>\n<p style=\"padding-left: 30px\">Zodpovedn\u00fd rie\u0161ite\u013e: Mari\u00e1n Jur\u010di\u0161in (1.1.2013 &#8211; 31.12.2016)<\/p>\n<p>&nbsp;<\/p>\n<ul>\n<li>VEGA &#8211;\u00a0 2\/0045\/13\u00a0 \u00a0Citlivos\u0165 kvapaln\u00fdch kry\u0161t\u00e1lov s nano\u010dasticami na vonkaj\u0161ie magnetick\u00e9 pole<\/li>\n<\/ul>\n<p style=\"padding-left: 30px\">Zodpovedn\u00fd rie\u0161ite\u013e: Peter Kop\u010dansk\u00fd (1.1.2013 &#8211; 31.12.2016)<\/p>\n<p>&nbsp;<\/p>\n<ul>\n<li>VEGA &#8211; \/0092\/10\u00a0 \u00a0Dynamika produkcie \u010dast\u00edc v hadr\u00f3nov\u00fdch zr\u00e1\u017ekach pri vysok\u00fdch energi\u00e1ch<\/li>\n<\/ul>\n<p style=\"padding-left: 30px\">Zodpovedn\u00fd rie\u0161ite\u013e: J\u00e1n Nem\u010d\u00edk\u00a0 (1.1.2010 &#8211; 31.12.2013)<\/p>\n<p>&nbsp;<\/p>\n<p><strong><em>Projekty Agent\u00fary pre podporu v\u00fdskumu a v\u00fdvoja APVV<\/em><\/strong><\/p>\n<ul>\n<li>APVV-20-0293\u00a0 \u00a0Teoretick\u00e9 \u0161t\u00fadium frustrovan\u00fdch magnetick\u00fdch syst\u00e9mov<\/li>\n<\/ul>\n<p style=\"padding-left: 30px\">Zodpovedn\u00fd rie\u0161ite\u013e: <strong>Mari\u00e1n Jur\u010di\u0161in<\/strong> (01.07.2021 &#8211; 30.06.2025)<\/p>\n<p style=\"padding-left: 30px\">\u010clenovia rie\u0161ite\u013esk\u00e9ho kolekt\u00edvu: <strong>Pavol Farka\u0161ovsk\u00fd, Eva Jur\u010di\u0161inov\u00e1, \u013dubom\u00edra Regeciov\u00e1, Richard Remeck\u00fd<\/strong><\/p>\n<p>&nbsp;<\/p>\n<ul>\n<li>APVV-20-0150 \u00a0 Perspekt\u00edvne elektr\u00f3nov\u00e9 spinov\u00e9 syst\u00e9my pre bud\u00face kvantov\u00e9 technol\u00f3gie<\/li>\n<\/ul>\n<p style=\"padding-left: 30px\">Zodpovedn\u00fd rie\u0161ite\u013e za \u00daEF:\u00a0<strong> Hana Vargov\u00e1<\/strong> (01.07.2021 &#8211; 30.06.2025)<\/p>\n<p>&nbsp;<\/p>\n<ul>\n<li>APVV &#8211; 17-0020\u00a0 \u00a0Frustrovan\u00e9 kovov\u00e9 magnetick\u00e9 syst\u00e9my<\/li>\n<\/ul>\n<p style=\"padding-left: 30px\">\u010clenovia rie\u0161ite\u013esk\u00e9ho kolekt\u00edvu: <strong>Pavol Farka\u0161ovsk\u00fd, Mari\u00e1n Jur\u010di\u0161in, Eva Jur\u010di\u0161inov\u00e1, \u013dubom\u00edra Regeciov\u00e1<\/strong>\u00a0 (1.8.2018 \u2013 30.6.2022)<\/p>\n<p>&nbsp;<\/p>\n<ul>\n<li>APVV &#8211; 16 \u2013 0186\u00a0 \u00a0Exotick\u00e9 kvantov\u00e9 stavy n\u00edzkorozmern\u00fdch spinov\u00fdch a elektr\u00f3nov\u00fdch syst\u00e9mov<\/li>\n<\/ul>\n<p style=\"padding-left: 30px\">Zodpovedn\u00fd rie\u0161ite\u013e za \u00daEF: <strong>Hana Vargov\u00e1 (\u010cen\u010darikov\u00e1)<\/strong> (2017 &#8211; 2021)<\/p>\n<p>&nbsp;<\/p>\n<ul>\n<li>APVV &#8211; 16-0372\u00a0 \u00a0Kvantov\u00e9 technol\u00f3gie, materi\u00e1ly a zariadenia<\/li>\n<\/ul>\n<p style=\"padding-left: 30px\">\u010clen rie\u0161ite\u013esk\u00e9ho kolekt\u00edvu do 2018: Martin Kupka\u00a0 (1.7.2017 &#8211; 31.12.2020)<\/p>\n<p>&nbsp;<\/p>\n<ul>\n<li>APVV &#8211; 14-0605\u00a0 \u00a0Prechod supravodi\u010d &#8211; izolant<\/li>\n<\/ul>\n<p style=\"padding-left: 30px\">\u010clen kolekt\u00edvu do 2018: Martin Kupka (1.7.2015 &#8211; 30.6.2019)<\/p>\n<p>&nbsp;<\/p>\n<ul>\n<li>DS &#8211; 2016 \u2013 0046\u00a0 \u00a0Komplexn\u00e9 \u0161t\u00fadium efektov v n\u00edzko-rozmern\u00fdch kvantov\u00fdch spinov\u00fdch syst\u00e9moch<\/li>\n<\/ul>\n<p style=\"padding-left: 30px\">Zodpovedn\u00fd rie\u0161ite\u013e: Hana \u010cen\u010darikov\u00e1 (2017 &#8211; 2018)<\/p>\n<p>&nbsp;<\/p>\n<ul>\n<li>APVV &#8211; 0097-12\u00a0 \u00a0Kolekt\u00edvne javy vo viazan\u00fdch elektr\u00f3nov\u00fdch a spinov\u00fdch syst\u00e9moch<\/li>\n<\/ul>\n<p style=\"padding-left: 30px\">Zodpovedn\u00fd rie\u0161ite\u013e: Pavol Farka\u0161ovsk\u00fd (2013 &#8211; 2017)<\/p>\n<p>&nbsp;<\/p>\n<ul>\n<li>APVV &#8211; 0515-10\u00a0 \u00a0Kvantov\u00e1 elektrodynamika umel\u00fdch nano\u0161trukt\u00far<\/li>\n<\/ul>\n<p style=\"padding-left: 30px\">Zodpovedn\u00fd rie\u0161ite\u013e: Martin Kupka (1.5.2011 &#8211; 31.10.2014)<\/p>\n<p>&nbsp;<\/p>\n<ul>\n<li>APVV &#8211; 0171-10\u00a0 \u00a0\u0160trukturaliza\u010dn\u00e9 javy v syst\u00e9moch s nano\u010dasticami<\/li>\n<\/ul>\n<p style=\"padding-left: 30px\">Zodpovedn\u00fd rie\u0161ite\u013e: Peter Kop\u010dansk\u00fd (1.5.2011 &#8211; 31.10.2014)<\/p>\n<p>&nbsp;<\/p>\n<ul>\n<li>APVV &#8211; 0050-11\u00a0 \u00a0Silno interaguj\u00faca hmota v extr\u00e9mnych podmienkach<\/li>\n<\/ul>\n<p style=\"padding-left: 30px\">Zodpovedn\u00fd rie\u0161ite\u013e: \u0160tefan Olejn\u00edk (F\u00da SAV Bratislava)<\/p>\n<p style=\"padding-left: 30px\">Zodpovedn\u00fd rie\u0161ite\u013e za \u00daEF: J\u00e1n Nem\u010d\u00edk<\/p>\n<p>&nbsp;<\/p>\n<h4><strong><em>Projekty medzin\u00e1rodnej vedeckej spolupr\u00e1ce\u00a0<\/em><\/strong><\/h4>\n<ul>\n<li>MTVS &#8211; 108-2112-M-002-020-MY3\u00a0 \u00a0Stavy tenzorov\u00fdch siet\u00ed Algoritmy a aplik\u00e1cie<\/li>\n<\/ul>\n<p style=\"padding-left: 30px\">\u00a0 \u010clen rie\u0161ite\u013esk\u00e9ho kolekt\u00edvu: <strong>Hana Vargov\u00e1 (\u010cen\u010darikov\u00e1) <\/strong>(1.1.2021-31.12.2022)<\/p>\n<p>&nbsp;<\/p>\n<ul>\n<li>ERA-net FLAG ERA III &#8211; 2DSOTECH-FLAG-ERA JTC 2021 ( JTC-2021_003) &#8211;\u00a0 2Dimensional van der Waals Spin-Orbit Torque Technology<\/li>\n<\/ul>\n<p style=\"padding-left: 30px\">\u00a0 \u00a0\u010clen rie\u0161ite\u013esk\u00e9ho kolekt\u00edvu: <strong>Hana Vargov\u00e1<\/strong> (1.12.2021-30.11.2024)<\/p>\n<p>&nbsp;<\/p>\n<p><strong><em>\u0160truktur\u00e1lne fondy E\u00da V\u00fdskum a v\u00fdvoj \u00a0\u00a0<\/em><\/strong><\/p>\n<ul>\n<li>ITMS \u2013 6220220033\u00a0 Dobudovanie centra pre kooperat\u00edvne javy a f\u00e1zov\u00e9 prechody v nanosyst\u00e9moch s pespekt\u00edvou vyu\u017eitia v nano- a biotechnol\u00f3gi\u00e1ch<\/li>\n<\/ul>\n<p style=\"padding-left: 30px\">Zodpovedn\u00fd rie\u0161ite\u013e: Peter Kop\u010dansk\u00fd (1.4.2010 &#8211; 31.3.2013)<\/p>\n<p>&nbsp;<\/p>\n<p><strong><em>Centr\u00e1 excelentnosti SAV<\/em><\/strong><\/p>\n<ul>\n<li>Centrum excelentnosti SAV &#8211; Nanokvapaliny<\/li>\n<\/ul>\n<p style=\"padding-left: 30px\">Zodpovedn\u00fd rie\u0161ite\u013e: Peter Kop\u010dansk\u00fd (1.2.2009 &#8211; 31.3.2013)<\/p>\n","protected":false},"excerpt":{"rendered":"<p>Aktu\u00e1lne rie\u0161en\u00e9 projekty &nbsp; Projekty Slovenskej vedeckej grantovej agent\u00fary VEGA VEGA &#8211; 2\/0058\/26\u00a0 \u00a0Dizajn materi\u00e1lov s optim\u00e1lnymi supravodiv\u00fdmi, feroelektrick\u00fdmi a magnetoklaorick\u00fdmi vlastnos\u0165ami Zodpovedn\u00fd rie\u0161ite\u013e: Pavol&#8230;<\/p>\n","protected":false},"author":10,"featured_media":0,"parent":567,"menu_order":40,"comment_status":"closed","ping_status":"closed","template":"","meta":{"footnotes":""},"_links":{"self":[{"href":"https:\/\/websrv.saske.sk\/uef\/wp-json\/wp\/v2\/pages\/881"}],"collection":[{"href":"https:\/\/websrv.saske.sk\/uef\/wp-json\/wp\/v2\/pages"}],"about":[{"href":"https:\/\/websrv.saske.sk\/uef\/wp-json\/wp\/v2\/types\/page"}],"author":[{"embeddable":true,"href":"https:\/\/websrv.saske.sk\/uef\/wp-json\/wp\/v2\/users\/10"}],"replies":[{"embeddable":true,"href":"https:\/\/websrv.saske.sk\/uef\/wp-json\/wp\/v2\/comments?post=881"}],"version-history":[{"count":50,"href":"https:\/\/websrv.saske.sk\/uef\/wp-json\/wp\/v2\/pages\/881\/revisions"}],"predecessor-version":[{"id":9753,"href":"https:\/\/websrv.saske.sk\/uef\/wp-json\/wp\/v2\/pages\/881\/revisions\/9753"}],"up":[{"embeddable":true,"href":"https:\/\/websrv.saske.sk\/uef\/wp-json\/wp\/v2\/pages\/567"}],"wp:attachment":[{"href":"https:\/\/websrv.saske.sk\/uef\/wp-json\/wp\/v2\/media?parent=881"}],"curies":[{"name":"wp","href":"https:\/\/api.w.org\/{rel}","templated":true}]}}