{"id":879,"date":"2018-10-03T16:51:41","date_gmt":"2018-10-03T14:51:41","guid":{"rendered":"http:\/\/websrv.saske.sk\/uef\/?page_id=879"},"modified":"2024-04-12T06:25:07","modified_gmt":"2024-04-12T04:25:07","slug":"ludia-2","status":"publish","type":"page","link":"https:\/\/websrv.saske.sk\/uef\/oddelenia-a-laboratoria\/oddelenie-teoretickej-fyziky\/ludia-2\/","title":{"rendered":"\u013dudia"},"content":{"rendered":"<table style=\"height: 457px\" width=\"466\" align=\"left\">\n<tbody>\n<tr>\n<td align=\"right\" width=\"208\" height=\"42\">\n<div align=\"left\"><span class=\"style7\"><strong>Ved\u00faci oddelenia: <\/strong><\/span><\/div>\n<\/td>\n<td class=\"style8\" width=\"223\"><a href=\"http:\/\/www.sav.sk\/index.php?lang=en&amp;doc=user-org-user&amp;user_no=4007\">RNDr. Pavol Farka\u0161ovsk\u00fd, DrSc.<\/a><\/td>\n<td width=\"135\"><a href=\"http:\/\/www.saske.sk\/farky\/\">[Personal Homepage<\/a><a href=\"http:\/\/www.saske.sk\/farky\/\">]<\/a><\/td>\n<\/tr>\n<tr>\n<td align=\"right\" height=\"41\">\n<div align=\"left\"><span class=\"style10\"><strong>Z\u00e1stupca ved\u00faceho oddelenia:<\/strong><\/span><\/div>\n<\/td>\n<td><a href=\"http:\/\/www.sav.sk\/index.php?lang=en&amp;doc=user-org-user&amp;user_no=6281\"><span class=\"style9\">RNDr. Mari\u00e1n Jur\u010di\u0161in, PhD.<\/span><\/a><\/td>\n<td><\/td>\n<\/tr>\n<tr>\n<td style=\"text-align: left\" align=\"right\" height=\"21\"><span class=\"style10\"><strong>Pracovn\u00edci oddelenia:<\/strong><\/span><\/td>\n<td><span class=\"style8\"><a href=\"http:\/\/www.sav.sk\/index.php?lang=sk&amp;doc=user-org-user&amp;user_no=2808\">prof.\u00a0RNDr. Michal Hnati\u010d, DrSc.<\/a><\/span><\/td>\n<td><\/td>\n<\/tr>\n<tr>\n<td align=\"right\" height=\"21\"><\/td>\n<td><a href=\"http:\/\/www.sav.sk\/index.php?lang=en&amp;doc=user-org-user&amp;user_no=6288\">RNDr. Eva Jur\u010di\u0161inov\u00e1, PhD.<\/a><\/td>\n<td><\/td>\n<\/tr>\n<tr>\n<td align=\"right\" height=\"21\"><\/td>\n<td><a href=\"http:\/\/www.sav.sk\/index.php?lang=en&amp;doc=user-org-user&amp;user_no=4014\"><span class=\"style9\">doc. RNDr. J\u00e1n Nem\u010d\u00edk, CSc. <\/span><\/a><\/td>\n<td><\/td>\n<\/tr>\n<tr>\n<td align=\"right\" height=\"21\"><\/td>\n<td><span class=\"style9\"><a href=\"http:\/\/www.sav.sk\/index.php?lang=sk&amp;doc=user-org-user&amp;user_no=6283\">RNDr. Richard Pin\u010d\u00e1k, PhD.<\/a> <\/span><\/td>\n<td><\/td>\n<\/tr>\n<tr>\n<td align=\"right\" height=\"21\"><\/td>\n<td><a href=\"http:\/\/www.sav.sk\/?lang=sk&amp;doc=user-org-user&amp;user_no=10968&amp;lang_change=en\">RNDr. \u013dubom\u00edra Rege<\/a><a href=\"https:\/\/www.sav.sk\/?lang=en&amp;doc=user-org-user&amp;user_no=10968&amp;lang_change=en\">ciov\u00e1, PhD.<\/a><\/td>\n<td><\/td>\n<\/tr>\n<tr>\n<td align=\"right\" height=\"21\"><\/td>\n<td><a href=\"https:\/\/www.sav.sk\/?lang=en&amp;doc=user-org-user&amp;user_no=6269\">RNDr. Richard Remeck\u00fd, PhD.<\/a><\/td>\n<\/tr>\n<tr>\n<td align=\"right\" height=\"25\">\n<div class=\"style10\" align=\"right\">\n<div align=\"left\"><\/div>\n<\/div>\n<\/td>\n<td><a href=\"https:\/\/websrv.saske.sk\/uef\/en\/employees\/basic-info\/?user_no=5431&amp;publication_author_id=0100777\">RNDr. Hana Vargov\u00e1, PhD.<\/a><\/td>\n<td><\/td>\n<\/tr>\n<tr>\n<td align=\"right\" height=\"21\"><\/td>\n<td><\/td>\n<\/tr>\n<\/tbody>\n<\/table>\n","protected":false},"excerpt":{"rendered":"<p>Ved\u00faci oddelenia: RNDr. Pavol Farka\u0161ovsk\u00fd, DrSc. [Personal Homepage] Z\u00e1stupca ved\u00faceho oddelenia: RNDr. Mari\u00e1n Jur\u010di\u0161in, PhD. Pracovn\u00edci oddelenia: prof.\u00a0RNDr. Michal Hnati\u010d, DrSc. RNDr. Eva Jur\u010di\u0161inov\u00e1, PhD&#8230;.<\/p>\n","protected":false},"author":10,"featured_media":0,"parent":567,"menu_order":30,"comment_status":"closed","ping_status":"closed","template":"","meta":{"footnotes":""},"_links":{"self":[{"href":"https:\/\/websrv.saske.sk\/uef\/wp-json\/wp\/v2\/pages\/879"}],"collection":[{"href":"https:\/\/websrv.saske.sk\/uef\/wp-json\/wp\/v2\/pages"}],"about":[{"href":"https:\/\/websrv.saske.sk\/uef\/wp-json\/wp\/v2\/types\/page"}],"author":[{"embeddable":true,"href":"https:\/\/websrv.saske.sk\/uef\/wp-json\/wp\/v2\/users\/10"}],"replies":[{"embeddable":true,"href":"https:\/\/websrv.saske.sk\/uef\/wp-json\/wp\/v2\/comments?post=879"}],"version-history":[{"count":11,"href":"https:\/\/websrv.saske.sk\/uef\/wp-json\/wp\/v2\/pages\/879\/revisions"}],"predecessor-version":[{"id":8247,"href":"https:\/\/websrv.saske.sk\/uef\/wp-json\/wp\/v2\/pages\/879\/revisions\/8247"}],"up":[{"embeddable":true,"href":"https:\/\/websrv.saske.sk\/uef\/wp-json\/wp\/v2\/pages\/567"}],"wp:attachment":[{"href":"https:\/\/websrv.saske.sk\/uef\/wp-json\/wp\/v2\/media?parent=879"}],"curies":[{"name":"wp","href":"https:\/\/api.w.org\/{rel}","templated":true}]}}