{"id":8751,"date":"2025-01-28T11:40:54","date_gmt":"2025-01-28T10:40:54","guid":{"rendered":"https:\/\/websrv.saske.sk\/uef\/?page_id=8751"},"modified":"2025-02-12T15:52:41","modified_gmt":"2025-02-12T14:52:41","slug":"studentska-vedecka-vypomoc","status":"publish","type":"page","link":"https:\/\/websrv.saske.sk\/uef\/vzdelavanie\/studentska-vedecka-vypomoc\/","title":{"rendered":"\u0160tudentsk\u00e1 vedeck\u00e1 v\u00fdpomoc"},"content":{"rendered":"<p>&nbsp;<\/p>\n<p><img loading=\"lazy\" decoding=\"async\" class=\"wp-image-8767 alignleft\" src=\"http:\/\/websrv.saske.sk\/uef\/wp-content\/uploads\/2025\/01\/Logo_IEP-SAS-SVV-300x141.png\" alt=\"\" width=\"172\" height=\"81\" srcset=\"https:\/\/websrv.saske.sk\/uef\/wp-content\/uploads\/2025\/01\/Logo_IEP-SAS-SVV-300x141.png 300w, https:\/\/websrv.saske.sk\/uef\/wp-content\/uploads\/2025\/01\/Logo_IEP-SAS-SVV.png 499w\" sizes=\"(max-width: 172px) 100vw, 172px\" \/><\/p>\n<p><strong>\u0160tudentsk\u00e1 vedeck\u00e1 v\u00fdpomoc (\u0160VV)<\/strong> je \u0161peci\u00e1lna pracovn\u00e1 poz\u00edcia ur\u010den\u00e1 na zapojenie<br \/>\n\u0161tudentov univerz\u00edt do vedecko-v\u00fdskumnej \u010dinnosti, ktor\u00e1 sa realizuje na \u00daEF SAV, v. v. i.<\/p>\n<p>&nbsp;<\/p>\n<p>1. \u0160VV realizuje \u010diastkov\u00e9 \u00falohy spojen\u00e9 s rie\u0161en\u00edm vedeck\u00fdch projektov \u00fastavu.<br \/>\n2. T\u00e9mu a n\u00e1pl\u0148 pr\u00e1ce pre \u0160VV m\u00f4\u017ee vyp\u00edsa\u0165 vedeck\u00fd pracovn\u00edk s minim\u00e1lne dosiahnutou<br \/>\nkvalifik\u00e1cia IIa (t\u00fator) so s\u00fahlasom ved\u00faceho oddelenia, resp. v\u00fdskumnej skupiny. T\u00fator m\u00f4\u017ee<br \/>\npre dan\u00e9 obdobie vyp\u00edsa\u0165 najviac 2 t\u00e9my.<br \/>\n3. T\u00e9my sa zverej\u0148uj\u00fa na webovom s\u00eddle \u00fastavu k 10. febru\u00e1ru a 10. septembru dan\u00e9ho roka.<br \/>\nV opodstatnen\u00fdch pr\u00edpadoch je mo\u017en\u00e9 na \u017eiados\u0165 ved\u00faceho oddelenia\/v\u00fdskumnej skupiny po<br \/>\nschv\u00e1len\u00ed riadite\u013ekou \u00fastavu vyp\u00edsa\u0165 t\u00e9my aj v inom term\u00edne.<br \/>\n4. T\u00e9my musia obsahova\u0165:<br \/>\na) \u010dinnos\u0165, ktor\u00fa bude \u0161tudent vykon\u00e1va\u0165,<br \/>\nb) o\u010dak\u00e1van\u00fd v\u00fdsledok \u010dinnosti,<br \/>\nc) zodpovedn\u00fa osobu \u2013 t\u00fatora,<br \/>\nd) v\u00e4zbu na vedecko-v\u00fdskumn\u00fa aktivitu t\u00fatora,<br \/>\ne) sp\u00f4sob vyhodnotenia \u010dinnosti vykonanej \u0161tudentom (\u00fa\u010das\u0165 na \u0160VK, semin\u00e1r v r\u00e1mci<br \/>\noddelenia\/v\u00fdskumnej skupiny a pod.),<br \/>\nf) zdroj financovania,<br \/>\ng) obdobie vykon\u00e1vania poz\u00edcie \u0160VV a rozsah pr\u00e1c v hodin\u00e1ch.<br \/>\n5. Vedeck\u00e9 zameranie \u0160VV nem\u00f4\u017ee s\u00favisie\u0165 s t\u00e9mou bakal\u00e1rskej\/diplomovej pr\u00e1ce \u0161tudenta.<br \/>\n6. Zdrojmi financovania \u0160VV s\u00fa:<br \/>\na) prostriedky in\u0161titucion\u00e1lnej formy podpory v\u00fdskumu a v\u00fdvoja,<br \/>\nb) granty\/projekty,<br \/>\nc) extern\u00e9 zdroje.<br \/>\n7. O v\u00fd\u0161ke financovania vy\u010dlenenej pre poz\u00edcie \u0160VV z prostriedkov in\u0161titucion\u00e1lnej formy<br \/>\npodpory v\u00fdskumu a v\u00fdvoja na dan\u00fd rok rozhoduje \u0161tatut\u00e1r.<br \/>\n8. Prihl\u00e1\u0161ky sa pod\u00e1vaj\u00fa do 7 pracovn\u00fdch dn\u00ed od zverejnenia vyp\u00edsan\u00fdch t\u00e9m. S\u00fa\u010das\u0165ou<br \/>\nprihl\u00e1\u0161ky je motiva\u010dn\u00fd list. Dokumenty m\u00f4\u017eu by\u0165 dodan\u00e9 aj v anglickom jazyku.<br \/>\n9. O z\u00edskan\u00ed poz\u00edcie \u0160VV rozhoduje \u0161tatut\u00e1r na z\u00e1klade odpor\u00fa\u010dania odbornej komisie, ktor\u00fa<br \/>\nmenuje \u0161tatut\u00e1r. V\u00fdsledky bud\u00fa uch\u00e1dza\u010dom a t\u00fatorom ozn\u00e1men\u00e9 najnesk\u00f4r do konca<br \/>\nfebru\u00e1ra, resp. septembra dan\u00e9ho roka.<br \/>\n10. S \u00faspe\u0161n\u00fdmi uch\u00e1dza\u010dmi \u00fastav uzatvor\u00ed pracovno-pr\u00e1vny vz\u0165ah na dobu ur\u010dit\u00fa, pri\u010dom sa<br \/>\nzoh\u013eadnia \u0161pecifik\u00e1 pre pracovno-pr\u00e1vne pomery \u0161tudentov. Maxim\u00e1lny rozsah pr\u00e1c pre<br \/>\npoz\u00edciu \u0160VV je 30 hod\u00edn mesa\u010dne. O v\u00fd\u0161ke hodinovej sadzby rozhoduje \u0161tatut\u00e1r.<br \/>\n11. Pracovno-pr\u00e1vny vz\u0165ah s \u0160VV sa uzatv\u00e1ra spravidla na obdobie okt\u00f3ber &#8211; december alebo<br \/>\nmarec &#8211; m\u00e1j. V opodstatnen\u00fdch pr\u00edpadoch je mo\u017en\u00e9 ur\u010di\u0165 in\u00e9 obdobie \u010dinnosti \u0160VV.<br \/>\n12. Zodpovednos\u0165 za pr\u00e1cu \u0160VV (obsah, \u00farove\u0148, mno\u017estvo) m\u00e1 t\u00fator, u ktor\u00e9ho \u0161tudent pr\u00e1cu<br \/>\nvykon\u00e1va.<br \/>\n13. Odmena pre \u0160VV je vypl\u00e1can\u00e1 v s\u00falade s uzavretou formou pracovn\u00e9ho vz\u0165ahu vo v\u00fdplatn\u00fdch<br \/>\nterm\u00ednoch stanoven\u00fdch \u00fastavom. Podmienkou vyplatenia odmeny je odovzdanie v\u00fdkazu<br \/>\nvykonan\u00fdch pr\u00e1c ods\u00fahlasen\u00e9ho a podp\u00edsan\u00e9ho t\u00fatorom.<br \/>\n14. V pr\u00edpade, \u017ee \u0161tudent nepln\u00ed ur\u010den\u00e9 \u00falohy, t\u00fator alebo ved\u00faci oddelenia\/v\u00fdskumnej skupiny<br \/>\nm\u00f4\u017ee \u0161tatut\u00e1rovi navrhn\u00fa\u0165 pozastavenie vypl\u00e1cania odmeny, resp. ukon\u010denie \u010dinnosti \u0160VV<\/p>\n<p><strong>T\u00e9ma \u0161tudentsk\u00e1 vedeck\u00e1 v\u00fdpomoc<\/strong>\u00a0 <a href=\"http:\/\/websrv.saske.sk\/uef\/wp-content\/uploads\/2025\/01\/SVV-tema.docx\">(.doc)<\/a><\/p>\n<p><strong>Prihl\u00e1\u0161ka na poz\u00edciu \u0161tudentsk\u00e1 vedeck\u00e1 v\u00fdpomoc<\/strong> <a href=\"http:\/\/websrv.saske.sk\/uef\/wp-content\/uploads\/2025\/01\/SVV-prihlaska-1.docx\">(.doc)<\/a><\/p>\n<p>&nbsp;<\/p>\n<p>&nbsp;<\/p>\n","protected":false},"excerpt":{"rendered":"<p>&nbsp; \u0160tudentsk\u00e1 vedeck\u00e1 v\u00fdpomoc (\u0160VV) je \u0161peci\u00e1lna pracovn\u00e1 poz\u00edcia ur\u010den\u00e1 na zapojenie \u0161tudentov univerz\u00edt do vedecko-v\u00fdskumnej \u010dinnosti, ktor\u00e1 sa realizuje na \u00daEF SAV, v. v&#8230;.<\/p>\n","protected":false},"author":1,"featured_media":0,"parent":13,"menu_order":0,"comment_status":"closed","ping_status":"closed","template":"","meta":{"footnotes":""},"_links":{"self":[{"href":"https:\/\/websrv.saske.sk\/uef\/wp-json\/wp\/v2\/pages\/8751"}],"collection":[{"href":"https:\/\/websrv.saske.sk\/uef\/wp-json\/wp\/v2\/pages"}],"about":[{"href":"https:\/\/websrv.saske.sk\/uef\/wp-json\/wp\/v2\/types\/page"}],"author":[{"embeddable":true,"href":"https:\/\/websrv.saske.sk\/uef\/wp-json\/wp\/v2\/users\/1"}],"replies":[{"embeddable":true,"href":"https:\/\/websrv.saske.sk\/uef\/wp-json\/wp\/v2\/comments?post=8751"}],"version-history":[{"count":9,"href":"https:\/\/websrv.saske.sk\/uef\/wp-json\/wp\/v2\/pages\/8751\/revisions"}],"predecessor-version":[{"id":8832,"href":"https:\/\/websrv.saske.sk\/uef\/wp-json\/wp\/v2\/pages\/8751\/revisions\/8832"}],"up":[{"embeddable":true,"href":"https:\/\/websrv.saske.sk\/uef\/wp-json\/wp\/v2\/pages\/13"}],"wp:attachment":[{"href":"https:\/\/websrv.saske.sk\/uef\/wp-json\/wp\/v2\/media?parent=8751"}],"curies":[{"name":"wp","href":"https:\/\/api.w.org\/{rel}","templated":true}]}}