{"id":8614,"date":"2024-11-18T10:43:37","date_gmt":"2024-11-18T09:43:37","guid":{"rendered":"https:\/\/websrv.saske.sk\/uef\/?page_id=8614"},"modified":"2024-11-18T11:13:29","modified_gmt":"2024-11-18T10:13:29","slug":"kapitalovy-booster","status":"publish","type":"page","link":"https:\/\/websrv.saske.sk\/uef\/veda-a-vyskum\/projekty-z-planu-obnovy\/kapitalovy-booster\/","title":{"rendered":"Kapit\u00e1lov\u00fd booster pre sch\u00e9my na podporu v\u00fdskumu a v\u00fdvoja"},"content":{"rendered":"<p><img loading=\"lazy\" decoding=\"async\" class=\"aligncenter\" src=\"http:\/\/websrv.saske.sk\/uef\/wp-content\/uploads\/2024\/11\/3-loga-far.png\" width=\"684\" height=\"171\" \/><\/p>\n<p><span style=\"font-family: Times New Roman, serif;\"><span style=\"font-size: medium;\"><span style=\"font-family: Century Gothic, serif;\"><span lang=\"sk-SK\"><b>K\u00f3d projektu: <\/b><\/span><\/span><span style=\"font-family: Century Gothic, serif;\"><span lang=\"sk-SK\">09I03-03-V06-00049<\/span><\/span><\/span><\/span><\/p>\n<p><span style=\"font-family: Times New Roman, serif;\"><span style=\"font-size: medium;\"><span style=\"font-family: Century Gothic, serif;\"><span lang=\"sk-SK\"><b>N\u00e1zov projektu:<\/b><\/span><\/span><span style=\"font-family: Century Gothic, serif;\"><span lang=\"sk-SK\"> Nano-funkcionaliz\u00e1cia kvapal\u00edn pre olejov\u00e9 transform\u00e1tory)<\/span><\/span><\/span><\/span><\/p>\n<p><span style=\"font-family: Times New Roman, serif;\"><span style=\"font-size: medium;\"><span style=\"color: #000000;\"><span style=\"font-family: Century Gothic, serif;\"><span lang=\"sk-SK\"><b>V\u00fd\u0161ka prostriedkov mechanizmu zo zdroja POO:<\/b><\/span><\/span><\/span><span style=\"color: #000000;\"><span style=\"font-family: Century Gothic, serif;\"><span lang=\"sk-SK\"> 98 400,00 EUR<\/span><\/span><\/span><\/span><\/span><\/p>\n<p><span style=\"font-family: Times New Roman, serif;\"><span style=\"font-size: medium;\"><span style=\"font-family: Century Gothic, serif;\"><span lang=\"sk-SK\"><b>Trvanie projektu:<\/b><\/span><\/span><span style=\"font-family: Century Gothic, serif;\"><span lang=\"sk-SK\"> 07\/2024 \u2013 06\/2025<\/span><\/span><\/span><\/span><\/p>\n<p>&nbsp;<\/p>\n<p><span style=\"font-family: Times New Roman, serif;\"><span style=\"font-size: medium;\"><span style=\"font-family: Century Gothic, serif;\"><span lang=\"sk-SK\"><b>K\u00f3d projektu: <\/b><\/span><\/span><span style=\"font-family: Century Gothic, serif;\"><span lang=\"sk-SK\">09I03-03-V06-00050<\/span><\/span><\/span><\/span><\/p>\n<p><span style=\"font-family: Times New Roman, serif;\"><span style=\"font-size: medium;\"><span style=\"font-family: Century Gothic, serif;\"><span lang=\"sk-SK\"><b>N\u00e1zov projektu:<\/b><\/span><\/span><span style=\"font-family: Century Gothic, serif;\"><span lang=\"sk-SK\"> Magneticky modifikovan\u00e9 text\u00edlie<\/span><\/span><\/span><\/span><\/p>\n<p><span style=\"font-family: Times New Roman, serif;\"><span style=\"font-size: medium;\"><span style=\"color: #000000;\"><span style=\"font-family: Century Gothic, serif;\"><span lang=\"sk-SK\"><b>V\u00fd\u0161ka prostriedkov mechanizmu zo zdroja POO:<\/b><\/span><\/span><\/span><span style=\"color: #000000;\"><span style=\"font-family: Century Gothic, serif;\"><span lang=\"sk-SK\"> 51\u00a0960,00 EUR<\/span><\/span><\/span><\/span><\/span><\/p>\n<p><span style=\"font-family: Times New Roman, serif;\"><span style=\"font-size: medium;\"><span style=\"font-family: Century Gothic, serif;\"><span lang=\"sk-SK\"><b>Trvanie projektu:<\/b><\/span><\/span><span style=\"font-family: Century Gothic, serif;\"><span lang=\"sk-SK\"> 07\/2024 \u2013 06\/2025<\/span><\/span><\/span><\/span><\/p>\n<p>&nbsp;<\/p>\n<p><span style=\"font-family: Times New Roman, serif;\"><span style=\"font-size: medium;\"><span style=\"font-family: Century Gothic, serif;\"><span lang=\"sk-SK\"><b>K\u00f3d projektu: <\/b><\/span><\/span><span style=\"font-family: Century Gothic, serif;\"><span lang=\"sk-SK\">09I03-03-V06-00084<\/span><\/span><\/span><\/span><\/p>\n<p><span style=\"font-family: Times New Roman, serif;\"><span style=\"font-size: medium;\"><span style=\"font-family: Century Gothic, serif;\"><span lang=\"sk-SK\"><b>N\u00e1zov projektu:<\/b><\/span><\/span><span style=\"font-family: Century Gothic, serif;\"><span lang=\"sk-SK\"> Viaczlo\u017ekov\u00e9 ligandy ako modul\u00e1tory cie\u013eov spojen\u00fdch s patogen\u00e9zou Alzheimerovej choroby<\/span><\/span><\/span><\/span><\/p>\n<p><span style=\"font-family: Times New Roman, serif;\"><span style=\"font-size: medium;\"><span style=\"color: #000000;\"><span style=\"font-family: Century Gothic, serif;\"><span lang=\"sk-SK\"><b>V\u00fd\u0161ka prostriedkov mechanizmu zo zdroja POO:<\/b><\/span><\/span><\/span><span style=\"color: #000000;\"><span style=\"font-family: Century Gothic, serif;\"><span lang=\"sk-SK\"> 65\u00a0880,00 EUR<\/span><\/span><\/span><\/span><\/span><\/p>\n<p><span style=\"font-family: Times New Roman, serif;\"><span style=\"font-size: medium;\"><span style=\"font-family: Century Gothic, serif;\"><span lang=\"sk-SK\"><b>Trvanie projektu:<\/b><\/span><\/span><span style=\"font-family: Century Gothic, serif;\"><span lang=\"sk-SK\"> 07\/2024 \u2013 06\/2025<\/span><\/span><\/span><\/span><\/p>\n<p>&nbsp;<\/p>\n<p><span style=\"font-family: Times New Roman, serif;\"><span style=\"font-size: medium;\"><span style=\"font-family: Century Gothic, serif;\"><span lang=\"sk-SK\"><b>K\u00f3d v\u00fdzvy: <\/b><\/span><\/span><span style=\"font-family: Century Gothic, serif;\"><span lang=\"sk-SK\">09I03-03-V06<\/span><\/span><\/span><\/span><\/p>\n<p lang=\"sk-SK\"><span style=\"color: #000000;\"><span style=\"font-family: Calibri, serif;\"><span style=\"font-size: medium;\"><span style=\"font-family: Century Gothic, serif;\"><b>N\u00e1zov v\u00fdzvy:<\/b><\/span><span style=\"font-family: Century Gothic, serif;\"> Kapit\u00e1lov\u00fd booster pre sch\u00e9my na podporu v\u00fdskumu a v\u00fdvoja<\/span><\/span><\/span><\/span><\/p>\n<p><span style=\"font-family: Times New Roman, serif;\"><span style=\"font-size: medium;\"><span style=\"color: #000000;\"><span style=\"font-family: Century Gothic, serif;\"><span lang=\"sk-SK\"><b>Komponent:<\/b><\/span><\/span><\/span><span style=\"color: #000000;\"><span style=\"font-family: Century Gothic, serif;\"><span lang=\"sk-SK\"> 9 \u2013 Efekt\u00edvnej\u0161ie riadenie a posilnenie financovania v\u00fdskumu, v\u00fdvoja a\u00a0inov\u00e1ci\u00ed<\/span><\/span><\/span><\/span><\/span><\/p>\n<p><span style=\"font-family: Times New Roman, serif;\"><span style=\"font-size: medium;\"><span style=\"font-family: Century Gothic, serif;\"><span lang=\"sk-SK\"><b>Invest\u00edcia:<\/b><\/span><\/span><span style=\"font-family: Century Gothic, serif;\"><span lang=\"sk-SK\"> 3 \u2013 Excelentn\u00e1 veda<\/span><\/span><\/span><\/span><\/p>\n<p><span style=\"font-family: Times New Roman, serif;\"><span style=\"font-size: medium;\"><span style=\"font-family: Century Gothic, serif;\"><span lang=\"sk-SK\"><b>N\u00e1zov a\u00a0adresa prij\u00edmate\u013ea: <\/b><\/span><\/span><span style=\"color: #000000;\"><span style=\"font-family: Century Gothic, serif;\"><span lang=\"sk-SK\">\u00dastav experiment\u00e1lnej fyziky Slovenskej akad\u00e9mie vied, verejn\u00e1 v\u00fdskumn\u00e1 in\u0161tit\u00facia, Watsonova 47, 040 01 Ko\u0161ice<\/span><\/span><\/span><\/span><\/span><\/p>\n<p lang=\"sk-SK\"><span style=\"color: #000000;\"><span style=\"font-family: Calibri, serif;\"><span style=\"font-size: medium;\"><span style=\"font-family: Century Gothic, serif;\"><b>Hlavn\u00fd cie\u013e:<\/b><\/span><span style=\"font-family: Century Gothic, serif;\"> Podpora prij\u00edmate\u013eov realizuj\u00facich kvalitn\u00e9 projekty z\u00e1kladn\u00e9ho a aplikovan\u00e9ho v\u00fdskumu, ktor\u00ed z\u00edskali finan\u010dn\u00e9 prostriedky vo verejnej v\u00fdzve vyhl\u00e1senej Agent\u00farou na podporu v\u00fdskumu a v\u00fdvoja (APVV) VV 202<\/span><\/span><\/span><\/span><\/p>\n","protected":false},"excerpt":{"rendered":"<p>K\u00f3d projektu: 09I03-03-V06-00049 N\u00e1zov projektu: Nano-funkcionaliz\u00e1cia kvapal\u00edn pre olejov\u00e9 transform\u00e1tory) V\u00fd\u0161ka prostriedkov mechanizmu zo zdroja POO: 98 400,00 EUR Trvanie projektu: 07\/2024 \u2013 06\/2025 &nbsp;&#8230;<\/p>\n","protected":false},"author":1,"featured_media":0,"parent":7398,"menu_order":63,"comment_status":"closed","ping_status":"closed","template":"","meta":{"footnotes":""},"_links":{"self":[{"href":"https:\/\/websrv.saske.sk\/uef\/wp-json\/wp\/v2\/pages\/8614"}],"collection":[{"href":"https:\/\/websrv.saske.sk\/uef\/wp-json\/wp\/v2\/pages"}],"about":[{"href":"https:\/\/websrv.saske.sk\/uef\/wp-json\/wp\/v2\/types\/page"}],"author":[{"embeddable":true,"href":"https:\/\/websrv.saske.sk\/uef\/wp-json\/wp\/v2\/users\/1"}],"replies":[{"embeddable":true,"href":"https:\/\/websrv.saske.sk\/uef\/wp-json\/wp\/v2\/comments?post=8614"}],"version-history":[{"count":7,"href":"https:\/\/websrv.saske.sk\/uef\/wp-json\/wp\/v2\/pages\/8614\/revisions"}],"predecessor-version":[{"id":8619,"href":"https:\/\/websrv.saske.sk\/uef\/wp-json\/wp\/v2\/pages\/8614\/revisions\/8619"}],"up":[{"embeddable":true,"href":"https:\/\/websrv.saske.sk\/uef\/wp-json\/wp\/v2\/pages\/7398"}],"wp:attachment":[{"href":"https:\/\/websrv.saske.sk\/uef\/wp-json\/wp\/v2\/media?parent=8614"}],"curies":[{"name":"wp","href":"https:\/\/api.w.org\/{rel}","templated":true}]}}