{"id":8552,"date":"2024-10-15T13:22:51","date_gmt":"2024-10-15T11:22:51","guid":{"rendered":"https:\/\/websrv.saske.sk\/uef\/?page_id=8552"},"modified":"2025-02-07T10:37:19","modified_gmt":"2025-02-07T09:37:19","slug":"stipendia-pre-excelentnych-vyskumnikov-a-vyskumnicky-r2-r4","status":"publish","type":"page","link":"https:\/\/websrv.saske.sk\/uef\/veda-a-vyskum\/projekty-z-planu-obnovy\/stipendia-pre-excelentnych-vyskumnikov-a-vyskumnicky-r2-r4\/","title":{"rendered":"\u0160tipendi\u00e1 pre excelentn\u00fdch v\u00fdskumn\u00edkov a\u202fv\u00fdskumn\u00ed\u010dky R2-R4"},"content":{"rendered":"<p><img loading=\"lazy\" decoding=\"async\" class=\"aligncenter\" src=\"http:\/\/websrv.saske.sk\/uef\/wp-content\/uploads\/2024\/11\/3-loga-far.png\" width=\"716\" height=\"179\" \/><\/p>\n<p><span style=\"font-family: Times New Roman, serif;\"><span style=\"font-size: medium;\"><span style=\"font-family: Century Gothic, serif;\"><span lang=\"sk-SK\"><b>K\u00f3d projektu: <\/b><\/span><\/span><span style=\"font-family: Century Gothic, serif;\"><span lang=\"sk-SK\">09I03-03-V04-00296<\/span><\/span><\/span><\/span><\/p>\n<p><span style=\"font-family: Times New Roman, serif;\"><span style=\"font-size: medium;\"><span style=\"font-family: Century Gothic, serif;\"><span lang=\"sk-SK\"><b>N\u00e1zov projektu:<\/b><\/span><\/span><span style=\"font-family: Century Gothic, serif;\"><span lang=\"sk-SK\"> Magnetick\u00e9 nanokvety pre biomedic\u00ednske aplik\u00e1cie (MagNaFs)<\/span><\/span><\/span><\/span><\/p>\n<p><span style=\"font-family: Times New Roman, serif;\"><span style=\"font-size: medium;\"><span style=\"color: #000000;\"><span style=\"font-family: Century Gothic, serif;\"><span lang=\"sk-SK\"><b>V\u00fd\u0161ka prostriedkov mechanizmu zo zdroja POO:<\/b><\/span><\/span><\/span><span style=\"color: #000000;\"><span style=\"font-family: Century Gothic, serif;\"><span lang=\"sk-SK\"> 148 306,80 EUR<\/span><\/span><\/span><\/span><\/span><\/p>\n<p><span style=\"font-family: Times New Roman, serif;\"><span style=\"font-size: medium;\"><span style=\"font-family: Century Gothic, serif;\"><span lang=\"sk-SK\"><b>Trvanie projektu:<\/b><\/span><\/span><span style=\"font-family: Century Gothic, serif;\"><span lang=\"sk-SK\"> 1.9.2024 \u2013 31.8.2026<\/span><\/span><\/span><\/span><\/p>\n<p>&nbsp;<\/p>\n<p><span style=\"font-family: Times New Roman, serif;\"><span style=\"font-size: medium;\"><span style=\"font-family: Century Gothic, serif;\"><span lang=\"sk-SK\"><b>K\u00f3d projektu: <\/b><\/span><\/span><a href=\"http:\/\/websrv.saske.sk\/uef\/wp-content\/uploads\/2025\/02\/09I03-03-V04-00298-R2-.pdf\"><span style=\"font-family: Century Gothic, serif;\"><span lang=\"sk-SK\">09I03-03-V04-00298<\/span><\/span><\/a><\/span><\/span><\/p>\n<p><span style=\"font-family: Times New Roman, serif;\"><span style=\"font-size: medium;\"><span style=\"font-family: Century Gothic, serif;\"><span lang=\"sk-SK\"><b>N\u00e1zov projektu:<\/b><\/span><\/span><span style=\"font-family: Century Gothic, serif;\"><span lang=\"sk-SK\"> Samousporiadan\u00e9 \u0161trukt\u00fary vo feromagnetick\u00fdch kvapaln\u00fdch kry\u0161t\u00e1loch (SASiFER-LC)<\/span><\/span><\/span><\/span><\/p>\n<p><span style=\"font-family: Times New Roman, serif;\"><span style=\"font-size: medium;\"><span style=\"color: #000000;\"><span style=\"font-family: Century Gothic, serif;\"><span lang=\"sk-SK\"><b>V\u00fd\u0161ka prostriedkov mechanizmu zo zdroja POO:<\/b><\/span><\/span><\/span><span style=\"color: #000000;\"><span style=\"font-family: Century Gothic, serif;\"><span lang=\"sk-SK\"> 148 306,80 EUR<\/span><\/span><\/span><\/span><\/span><\/p>\n<p><span style=\"font-family: Times New Roman, serif;\"><span style=\"font-size: medium;\"><span style=\"font-family: Century Gothic, serif;\"><span lang=\"sk-SK\"><b>Trvanie projektu:<\/b><\/span><\/span><span style=\"font-family: Century Gothic, serif;\"><span lang=\"sk-SK\"> 1.9.2024 \u2013 31.8.2026<\/span><\/span><\/span><\/span><\/p>\n<p>&nbsp;<\/p>\n<p><span style=\"font-family: Times New Roman, serif;\"><span style=\"font-size: medium;\"><span style=\"font-family: Century Gothic, serif;\"><span lang=\"sk-SK\"><b>K\u00f3d projektu: <\/b><\/span><\/span><span style=\"font-family: Century Gothic, serif;\"><span lang=\"sk-SK\">09I03-03-V04-00303<\/span><\/span><\/span><\/span><\/p>\n<p><span style=\"font-family: Times New Roman, serif;\"><span style=\"font-size: medium;\"><span style=\"font-family: Century Gothic, serif;\"><span lang=\"sk-SK\"><b>N\u00e1zov projektu:<\/b><\/span><\/span><span style=\"font-family: Century Gothic, serif;\"><span lang=\"sk-SK\"> Vplyv parametrov synt\u00e9zy na \u0161trukt\u00faru a vlastnosti mas\u00edvnych vysokoteplotn\u00fdch EuBCO-Ag supravodi\u010dov vyu\u017eite\u013en\u00fdch v medic\u00ednskych technol\u00f3gi\u00e1ch (BEAST)<\/span><\/span><\/span><\/span><\/p>\n<p><span style=\"font-family: Times New Roman, serif;\"><span style=\"font-size: medium;\"><span style=\"color: #000000;\"><span style=\"font-family: Century Gothic, serif;\"><span lang=\"sk-SK\"><b>V\u00fd\u0161ka prostriedkov mechanizmu zo zdroja POO:<\/b><\/span><\/span><\/span><span style=\"color: #000000;\"><span style=\"font-family: Century Gothic, serif;\"><span lang=\"sk-SK\"> 148 306,80 EUR<\/span><\/span><\/span><\/span><\/span><\/p>\n<p><span style=\"font-family: Times New Roman, serif;\"><span style=\"font-size: medium;\"><span style=\"font-family: Century Gothic, serif;\"><span lang=\"sk-SK\"><b>Trvanie projektu:<\/b><\/span><\/span><span style=\"font-family: Century Gothic, serif;\"><span lang=\"sk-SK\"> 1.9.2024 \u2013 31.8.2026<\/span><\/span><\/span><\/span><\/p>\n<p>&nbsp;<\/p>\n<p><span style=\"font-family: Times New Roman, serif;\"><span style=\"font-size: medium;\"><span style=\"font-family: Century Gothic, serif;\"><span lang=\"sk-SK\"><b>K\u00f3d projektu: <\/b><\/span><\/span><span style=\"font-family: Century Gothic, serif;\"><span lang=\"sk-SK\">09I03-03-V04-00304<\/span><\/span><\/span><\/span><\/p>\n<p><span style=\"font-family: Times New Roman, serif;\"><span style=\"font-size: medium;\"><span style=\"font-family: Century Gothic, serif;\"><span lang=\"sk-SK\"><b>N\u00e1zov projektu:<\/b><\/span><\/span><span style=\"font-family: Century Gothic, serif;\"><span lang=\"sk-SK\"> 2D magnetizmus: sk\u00famanie a riadenie magnetick\u00fdch stavov v 2D vrstven\u00fdch materi\u00e1loch (2D-MAP)<\/span><\/span><\/span><\/span><\/p>\n<p><span style=\"font-family: Times New Roman, serif;\"><span style=\"font-size: medium;\"><span style=\"color: #000000;\"><span style=\"font-family: Century Gothic, serif;\"><span lang=\"sk-SK\"><b>V\u00fd\u0161ka prostriedkov mechanizmu zo zdroja POO:<\/b><\/span><\/span><\/span><span style=\"color: #000000;\"><span style=\"font-family: Century Gothic, serif;\"><span lang=\"sk-SK\"> 133\u00a0476,12 EUR<\/span><\/span><\/span><\/span><\/span><\/p>\n<p><span style=\"font-family: Times New Roman, serif;\"><span style=\"font-size: medium;\"><span style=\"font-family: Century Gothic, serif;\"><span lang=\"sk-SK\"><b>Trvanie projektu:<\/b><\/span><\/span><span style=\"font-family: Century Gothic, serif;\"><span lang=\"sk-SK\"> 1.9.2024 \u2013 31.8.2026<\/span><\/span><\/span><\/span><\/p>\n<p>&nbsp;<\/p>\n<p><span style=\"font-family: Times New Roman, serif;\"><span style=\"font-size: medium;\"><span style=\"font-family: Century Gothic, serif;\"><span lang=\"sk-SK\"><b>K\u00f3d projektu: <\/b><\/span><\/span><span style=\"font-family: Century Gothic, serif;\"><span lang=\"sk-SK\">09I03-03-V04-00356<\/span><\/span><\/span><\/span><\/p>\n<p><span style=\"font-family: Times New Roman, serif;\"><span style=\"font-size: medium;\"><span style=\"font-family: Century Gothic, serif;\"><span lang=\"sk-SK\"><b>N\u00e1zov projektu:<\/b><\/span><\/span><span style=\"font-family: Century Gothic, serif;\"><span lang=\"sk-SK\"> Sk\u00famanie diskr\u00e9tnej gravit\u00e1cie, anom\u00e1lneho magnetick\u00e9ho momentu mi\u00f3nu a informa\u010dn\u00e9ho paradoxu \u010diernych dier (EXGRAV)<\/span><\/span><\/span><\/span><\/p>\n<p><span style=\"font-family: Times New Roman, serif;\"><span style=\"font-size: medium;\"><span style=\"color: #000000;\"><span style=\"font-family: Century Gothic, serif;\"><span lang=\"sk-SK\"><b>V\u00fd\u0161ka prostriedkov mechanizmu zo zdroja POO:<\/b><\/span><\/span><\/span><span style=\"color: #000000;\"><span style=\"font-family: Century Gothic, serif;\"><span lang=\"sk-SK\"> 148 306,80 EUR<\/span><\/span><\/span><\/span><\/span><\/p>\n<p><span style=\"font-family: Times New Roman, serif;\"><span style=\"font-size: medium;\"><span style=\"font-family: Century Gothic, serif;\"><span lang=\"sk-SK\"><b>Trvanie projektu:<\/b><\/span><\/span><span style=\"font-family: Century Gothic, serif;\"><span lang=\"sk-SK\"> 1.11.2024 \u2013 31.8.2026<\/span><\/span><\/span><\/span><\/p>\n<p>&nbsp;<\/p>\n<p><span style=\"font-family: Times New Roman, serif;\"><span style=\"font-size: medium;\"><span style=\"font-family: Century Gothic, serif;\"><span lang=\"sk-SK\"><b>K\u00f3d v\u00fdzvy: <\/b><\/span><\/span><span style=\"font-family: Century Gothic, serif;\"><span lang=\"sk-SK\">09I03-03-V04<\/span><\/span><\/span><\/span><\/p>\n<p><span style=\"font-family: Times New Roman, serif;\"><span style=\"font-size: medium;\"><span style=\"font-family: Century Gothic, serif;\"><span lang=\"sk-SK\"><b>N\u00e1zov v\u00fdzvy:<\/b><\/span><\/span><span style=\"font-family: Century Gothic, serif;\"><span lang=\"sk-SK\"> \u0160tipendi\u00e1 pre excelentn\u00fdch v\u00fdskumn\u00edkov a v\u00fdskumn\u00ed\u010dky R2-R4<\/span><\/span><\/span><\/span><\/p>\n<p><span style=\"font-family: Times New Roman, serif;\"><span style=\"font-size: medium;\"><span style=\"color: #000000;\"><span style=\"font-family: Century Gothic, serif;\"><span lang=\"sk-SK\"><b>Komponent:<\/b><\/span><\/span><\/span><span style=\"color: #000000;\"><span style=\"font-family: Century Gothic, serif;\"><span lang=\"sk-SK\"> 9 \u2013 Efekt\u00edvnej\u0161ie riadenie a posilnenie financovania v\u00fdskumu, v\u00fdvoja a\u00a0inov\u00e1ci\u00ed<\/span><\/span><\/span><\/span><\/span><\/p>\n<p><span style=\"font-family: Times New Roman, serif;\"><span style=\"font-size: medium;\"><span style=\"font-family: Century Gothic, serif;\"><span lang=\"sk-SK\"><b>Invest\u00edcia:<\/b><\/span><\/span><span style=\"font-family: Century Gothic, serif;\"><span lang=\"sk-SK\"> 3 \u2013 Excelentn\u00e1 veda<\/span><\/span><\/span><\/span><\/p>\n<p><span style=\"font-family: Times New Roman, serif;\"><span style=\"font-size: medium;\"><span style=\"font-family: Century Gothic, serif;\"><span lang=\"sk-SK\"><b>N\u00e1zov a\u00a0adresa prij\u00edmate\u013ea: <\/b><\/span><\/span><span style=\"color: #000000;\"><span style=\"font-family: Century Gothic, serif;\"><span lang=\"sk-SK\">\u00dastav experiment\u00e1lnej fyziky Slovenskej akad\u00e9mie vied, verejn\u00e1 v\u00fdskumn\u00e1 in\u0161tit\u00facia, Watsonova 47, 040 01 Ko\u0161ice<\/span><\/span><\/span><\/span><\/span><\/p>\n<p><span style=\"font-family: Times New Roman, serif;\"><span style=\"font-size: medium;\"><span style=\"font-family: Century Gothic, serif;\"><span lang=\"sk-SK\"><b>Hlavn\u00fd cie\u013e:<\/b><\/span><\/span><span style=\"font-family: Century Gothic, serif;\"><span lang=\"sk-SK\"> podpora z\u00e1kladn\u00e9ho a aplikovan\u00e9ho v\u00fdskumu realizovan\u00e9ho na Slovensku excelentn\u00fdmi dom\u00e1cimi a zahrani\u010dn\u00fdmi v\u00fdskumn\u00edkmi vo f\u00e1ze kari\u00e9ry R2 a\u017e R4 <\/span><\/span><\/span><\/span><\/p>\n<p lang=\"sk-SK\">\n","protected":false},"excerpt":{"rendered":"<p>K\u00f3d projektu: 09I03-03-V04-00296 N\u00e1zov projektu: Magnetick\u00e9 nanokvety pre biomedic\u00ednske aplik\u00e1cie (MagNaFs) V\u00fd\u0161ka prostriedkov mechanizmu zo zdroja POO: 148 306,80 EUR Trvanie projektu: 1.9.2024 \u2013 31.8.2026&#8230;<\/p>\n","protected":false},"author":1,"featured_media":0,"parent":7398,"menu_order":62,"comment_status":"closed","ping_status":"closed","template":"","meta":{"footnotes":""},"_links":{"self":[{"href":"https:\/\/websrv.saske.sk\/uef\/wp-json\/wp\/v2\/pages\/8552"}],"collection":[{"href":"https:\/\/websrv.saske.sk\/uef\/wp-json\/wp\/v2\/pages"}],"about":[{"href":"https:\/\/websrv.saske.sk\/uef\/wp-json\/wp\/v2\/types\/page"}],"author":[{"embeddable":true,"href":"https:\/\/websrv.saske.sk\/uef\/wp-json\/wp\/v2\/users\/1"}],"replies":[{"embeddable":true,"href":"https:\/\/websrv.saske.sk\/uef\/wp-json\/wp\/v2\/comments?post=8552"}],"version-history":[{"count":12,"href":"https:\/\/websrv.saske.sk\/uef\/wp-json\/wp\/v2\/pages\/8552\/revisions"}],"predecessor-version":[{"id":8788,"href":"https:\/\/websrv.saske.sk\/uef\/wp-json\/wp\/v2\/pages\/8552\/revisions\/8788"}],"up":[{"embeddable":true,"href":"https:\/\/websrv.saske.sk\/uef\/wp-json\/wp\/v2\/pages\/7398"}],"wp:attachment":[{"href":"https:\/\/websrv.saske.sk\/uef\/wp-json\/wp\/v2\/media?parent=8552"}],"curies":[{"name":"wp","href":"https:\/\/api.w.org\/{rel}","templated":true}]}}