{"id":8360,"date":"2024-05-28T09:00:25","date_gmt":"2024-05-28T07:00:25","guid":{"rendered":"https:\/\/websrv.saske.sk\/uef\/?page_id=8360"},"modified":"2025-11-18T10:57:28","modified_gmt":"2025-11-18T09:57:28","slug":"2024-2","status":"publish","type":"page","link":"https:\/\/websrv.saske.sk\/uef\/oddelenia-a-laboratoria\/oddelenie-teoretickej-fyziky\/publikacie-2\/2024-2\/","title":{"rendered":"2024"},"content":{"rendered":"<ol>\n<li><strong>L. REGECIOV\u00c1<\/strong> and <strong>P. FARKA\u0160OVSK\u00dd<\/strong>, Quantum design of magnetic structures with enhanced magnetocaloric properties, <strong><a href=\"https:\/\/doi.org\/10.1088\/1361-6463\/ad5e8f\">Journal of Physics D: Applied Physics 57 (2024) 455301<\/a> [<span style=\"color: #ff0000\">IF<\/span>\/MedIF(2023)=<span style=\"color: #ff0000\">3.1<\/span>\/2.5=1.240]<\/strong> (12 pages).<\/li>\n<li><strong>P. FARKA\u0160OVSK\u00dd<\/strong>, Interplay between charge ordering and superconducting correlations in the extended Hubbard model, <strong><a href=\"https:\/\/doi.org\/10.1140\/epjp\/s13360-024-05653-7\">European Physical Journal Plus 139 (2024) 841<\/a> [<span style=\"color: #ff0000\">IF<\/span>\/MedIF(2023)=<span style=\"color: #ff0000\">2.8<\/span>\/1.5=1.867]<\/strong> (10 pages).<\/li>\n<li><strong>P. FARKA\u0160OVSK\u00dd<\/strong>, Influence of magnetic field on the electronic ferroelectricity in the extended Falicov-Kimball model, <strong><a href=\"https:\/\/doi.org\/10.1088\/1361-648X\/ad0b90\">Journal of Physics: Condensed Matter 36 (2024) 085601<\/a> [<span style=\"color: #ff0000\">IF<\/span>\/MedIF(2023)=<span style=\"color: #ff0000\">2.3<\/span>\/2.6=0.885]<\/strong> (6 pages).<\/li>\n<li><strong>E. JUR\u010cI\u0160INOV\u00c1<\/strong>, <strong>M. JUR\u010cI\u0160IN<\/strong>, and <strong>R. REMECK\u00dd<\/strong>, Amplification of the anomalous scaling in the Kazantsev-Kraichnan model with finite-time correlations and spatial parity violation, <a href=\"https:\/\/doi.org\/10.1103\/PhysRevE.109.055101\"><strong>Physical Review E 109 (2024) 055101<\/strong><\/a>\u00a0 <strong>[<span style=\"color: #ff0000\">IF<\/span>\/MedIF(2023)=<span style=\"color: #ff0000\">2.2<\/span>\/1.4=1.571]<\/strong>\u00a0(15 pages).<\/li>\n<li><strong>E. JUR\u010cI\u0160INOV\u00c1 <\/strong>and<strong> M. JUR\u010cI\u0160IN, <\/strong>Persistence of weak ferromagnetism in antiferromagnetic systems on the body-centered octahedral lattice, <strong><a href=\"https:\/\/doi.org\/10.1103\/PhysRevE.109.024106\">Physical Review E 109 (2024) 024106<\/a> [<span style=\"color: #ff0000\">IF<\/span>\/MedIF(2023)=<span style=\"color: #ff0000\">2.2<\/span>\/1.4=1.571]<\/strong>\u00a0(15 pages).<\/li>\n<li><strong>E. JUR\u010cI\u0160INOV\u00c1 <\/strong>and<strong> M. JUR\u010cI\u0160IN, <\/strong>Effectiveness of the recursive-lattice technique in the investigation of magnetic systems with the pyrochlore structure,<strong><a href=\"https:\/\/doi.org\/10.1103\/PhysRevE.109.024114\"> Physical Review E 109 (2024) 024114<\/a> [<span style=\"color: #ff0000\">IF<\/span>\/MedIF(2023)=<span style=\"color: #ff0000\">2.2<\/span>\/1.4=1.571]<\/strong> (17 pages).<\/li>\n<li><strong>E. JUR\u010cI\u0160INOV\u00c1<\/strong> and <strong>M. JUR\u010cI\u0160IN<\/strong>, Classical spin-liquid behavior in interactionally distorted antiferromagnetic spin systems on the kagome lattice, <a href=\"https:\/\/doi.org\/10.1016\/j.cjph.2024.04.041\"><strong>Chinese Journal of Physics 89 (2024) 1771-1786<\/strong><\/a>\u00a0<strong>[<span style=\"color: #ff0000\">IF<\/span>\/MedIF(2023)=<span style=\"color: #ff0000\">4.6<\/span>\/1.5=3.067]<\/strong> (16 pages).<\/li>\n<li><strong>E. JUR\u010cI\u0160INOV\u00c1<\/strong> and<strong> M. JUR\u010cI\u0160IN<\/strong>, Anisotropically suppressed frustration in antiferromagnetic systems on the kagome lattice, <a href=\"https:\/\/doi.org\/10.1016\/j.cjph.2023.10.044\"><strong>Chinese Journal of Physics 88 (2024) 632\u2013646<\/strong><\/a> <strong>[<span style=\"color: #ff0000\">IF<\/span>\/MedIF(2023)=<span style=\"color: #ff0000\">4.6<\/span>\/1.5=3.067] <\/strong>(15 pages).<\/li>\n<li><strong>E. JUR\u010cI\u0160INOV\u00c1<\/strong> and <strong>M. JUR\u010cI\u0160IN<\/strong>, Spin-liquid behavior in the classical antiferromagnetic \ud835\udc3d1 \u2212 \ud835\udc3d2 \u2212 \ud835\udc3d3 spin systemonthesquare-kagomelattice:Exactanalysiswithin recursive-lattice approach, <a href=\"https:\/\/doi.org\/10.1016\/j.physa.2023.129425\"><strong>Physica A 634 (2024) 129425<\/strong><\/a> <strong>[<span style=\"color: #ff0000\">IF<\/span>\/MedIF(2023)=<span style=\"color: #ff0000\">2.8<\/span>\/1.5=1.867] <\/strong>(15 pages).<\/li>\n<li>B. Z. KOPELIOVICH and <strong>J. NEMCHIK<\/strong>, Flavor-independent yield of high-pT hadrons from nuclear collisions, <a href=\"https:\/\/doi.org\/10.1103\/PhysRevD.110.014047\"><strong>Physical Review D 110 (2024) 014047<\/strong> <\/a>\u00a0 <strong>[<span style=\"color: #ff0000\">IF<\/span>\/MedIF(2023)=<span style=\"color: #ff0000\">4.6<\/span>\/2.3=2] <\/strong>(10 pages).<\/li>\n<li><strong>J. NEMCHIK<\/strong> and J. \u00d3BERTOV\u00c1, Coherent photo- and electroproduction of charmonia on nuclear targets revisited: Green function formalism, <a href=\"https:\/\/doi.org\/10.1103\/PhysRevD.110.054015\"><strong>Physical Review D 110 (2024) 054015<\/strong> <\/a>\u00a0\u00a0<strong>[<span style=\"color: #ff0000\">IF<\/span>\/MedIF(2023)=<span style=\"color: #ff0000\">4.6<\/span>\/2.3=2] <\/strong>(15 pages).<\/li>\n<li>M. SATI, K. C. PETWAL, A.PIGAZZINI, C. OZEL, M. S. BISHT, P. LINKER, <strong>R. PIN\u010c\u00c1K<\/strong>, and P. JALUVKOVA, Emerging electric or magnetic parts of Weyl tensor, <a href=\"https:\/\/doi.org\/10.1142\/S0219887824500221\"><strong>International Journal of Geometric Methods in Modern Physics 21 (2024) 2450022<\/strong><\/a> <strong>[<span style=\"color: #ff0000\">IF<\/span>\/MedIF(2023)=<span style=\"color: #ff0000\">2.1<\/span>\/1.4=1.500] <\/strong>(12 pages).<\/li>\n<li>P. LINKER, C. OZEL, A. PIGAZZINI, M. SATI, <strong>R. PIN\u010c\u00c1K<\/strong>, and E. CHOI, A K-Theory Approach to Characterize Admissible Physical Manifolds, <a href=\"https:\/\/doi.org\/10.1007\/s10773-024-05608-9\"><strong>International Journal of Theoretical Physics <\/strong><strong>63 (2024) 68<\/strong><\/a> <strong>[<span style=\"color: #ff0000\">IF<\/span>\/MedIF(2023)=<span style=\"color: #ff0000\">1.3<\/span>\/1.5=0.867] <\/strong>(12 pages).<\/li>\n<li>U. SEIKH, N. RAMZAN, Z. AZIZ, and <strong>R. PIN\u010c\u00c1K<\/strong>, Black Hole Formation from Collapsing Quark Binding String Fluid in f(R, T) Theory, <a href=\"https:\/\/link.springer.com\/article\/10.1134\/S0202289324700336\"><strong>Gravitation and Cosmology 30 (2024) 441\u2013449<\/strong><\/a> <strong>[<span style=\"color: #ff0000\">IF<\/span>\/MedIF(2023)=<span style=\"color: #ff0000\">1.2<\/span>\/1.9=0.632] <\/strong>(9 pages).<\/li>\n<li><strong>H. VARGOV\u00c1<\/strong> (70%) and J. STRE\u010cKA (30%), Evidence of a significant full tripartite entnaglement in a mixed spin-(1\/2,1) Heisenberg tetramer, <a href=\"http:\/\/DOI:10.1016\/j.rinp.2024.107728\"><strong>Results in Physics 61 (2024) 107728<\/strong><\/a> <strong>[<span style=\"color: #ff0000\">IF<\/span>\/MedIF(2023)=<span style=\"color: #ff0000\">4.4<\/span>\/1.5=2.933]\u00a0 <\/strong>(14 pages).<\/li>\n<\/ol>\n","protected":false},"excerpt":{"rendered":"<p>L. REGECIOV\u00c1 and P. FARKA\u0160OVSK\u00dd, Quantum design of magnetic structures with enhanced magnetocaloric properties, Journal of Physics D: Applied Physics 57 (2024) 455301 [IF\/MedIF(2023)=3.1\/2.5=1.240] (12&#8230;<\/p>\n","protected":false},"author":1,"featured_media":0,"parent":883,"menu_order":0,"comment_status":"closed","ping_status":"closed","template":"","meta":{"footnotes":""},"_links":{"self":[{"href":"https:\/\/websrv.saske.sk\/uef\/wp-json\/wp\/v2\/pages\/8360"}],"collection":[{"href":"https:\/\/websrv.saske.sk\/uef\/wp-json\/wp\/v2\/pages"}],"about":[{"href":"https:\/\/websrv.saske.sk\/uef\/wp-json\/wp\/v2\/types\/page"}],"author":[{"embeddable":true,"href":"https:\/\/websrv.saske.sk\/uef\/wp-json\/wp\/v2\/users\/1"}],"replies":[{"embeddable":true,"href":"https:\/\/websrv.saske.sk\/uef\/wp-json\/wp\/v2\/comments?post=8360"}],"version-history":[{"count":18,"href":"https:\/\/websrv.saske.sk\/uef\/wp-json\/wp\/v2\/pages\/8360\/revisions"}],"predecessor-version":[{"id":9617,"href":"https:\/\/websrv.saske.sk\/uef\/wp-json\/wp\/v2\/pages\/8360\/revisions\/9617"}],"up":[{"embeddable":true,"href":"https:\/\/websrv.saske.sk\/uef\/wp-json\/wp\/v2\/pages\/883"}],"wp:attachment":[{"href":"https:\/\/websrv.saske.sk\/uef\/wp-json\/wp\/v2\/media?parent=8360"}],"curies":[{"name":"wp","href":"https:\/\/api.w.org\/{rel}","templated":true}]}}