{"id":818,"date":"2018-10-03T15:26:57","date_gmt":"2018-10-03T13:26:57","guid":{"rendered":"http:\/\/websrv.saske.sk\/uef\/?page_id=818"},"modified":"2022-10-06T10:54:23","modified_gmt":"2022-10-06T08:54:23","slug":"kontakt","status":"publish","type":"page","link":"https:\/\/websrv.saske.sk\/uef\/oddelenia-a-laboratoria\/laboratorium-nanomaterialov-a-aplikovaneho-magnetizmu\/kontakt\/","title":{"rendered":"Kontakt"},"content":{"rendered":"<p><strong>Ved\u00faci oddelenia aplikovan\u00e9ho magnetizmu a nanomateri\u00e1lov<\/strong><\/p>\n<p>RNDr. Ivan \u0160korv\u00e1nek, CSc.<\/p>\n<p>\u00dastav experiment\u00e1lnej fyziky SAV, v.v.i.,<br \/>\nWatsonova 47<br \/>\n040 01 Ko\u0161ice<\/p>\n<table border=\"0\" cellspacing=\"1\" cellpadding=\"1\" align=\"left\">\n<tbody>\n<tr>\n<td><strong>Telef\u00f3n:<\/strong><\/td>\n<td>+421 55 792 2274<\/td>\n<\/tr>\n<tr>\n<td><strong>Fax:<\/strong><\/td>\n<td>+421 55 633 6292<\/td>\n<\/tr>\n<tr>\n<td><strong>E-mail:<\/strong><\/td>\n<td>\u00a0<a href=\"mailto:skorvi@saske.sk\">skorvi@saske.sk<\/a><\/td>\n<\/tr>\n<\/tbody>\n<\/table>\n","protected":false},"excerpt":{"rendered":"<p>Ved\u00faci oddelenia aplikovan\u00e9ho magnetizmu a nanomateri\u00e1lov RNDr. Ivan \u0160korv\u00e1nek, CSc. \u00dastav experiment\u00e1lnej fyziky SAV, v.v.i., Watsonova 47 040 01 Ko\u0161ice Telef\u00f3n: +421 55 792 2274&#8230;<\/p>\n","protected":false},"author":4,"featured_media":0,"parent":573,"menu_order":80,"comment_status":"closed","ping_status":"closed","template":"","meta":{"footnotes":""},"_links":{"self":[{"href":"https:\/\/websrv.saske.sk\/uef\/wp-json\/wp\/v2\/pages\/818"}],"collection":[{"href":"https:\/\/websrv.saske.sk\/uef\/wp-json\/wp\/v2\/pages"}],"about":[{"href":"https:\/\/websrv.saske.sk\/uef\/wp-json\/wp\/v2\/types\/page"}],"author":[{"embeddable":true,"href":"https:\/\/websrv.saske.sk\/uef\/wp-json\/wp\/v2\/users\/4"}],"replies":[{"embeddable":true,"href":"https:\/\/websrv.saske.sk\/uef\/wp-json\/wp\/v2\/comments?post=818"}],"version-history":[{"count":5,"href":"https:\/\/websrv.saske.sk\/uef\/wp-json\/wp\/v2\/pages\/818\/revisions"}],"predecessor-version":[{"id":6755,"href":"https:\/\/websrv.saske.sk\/uef\/wp-json\/wp\/v2\/pages\/818\/revisions\/6755"}],"up":[{"embeddable":true,"href":"https:\/\/websrv.saske.sk\/uef\/wp-json\/wp\/v2\/pages\/573"}],"wp:attachment":[{"href":"https:\/\/websrv.saske.sk\/uef\/wp-json\/wp\/v2\/media?parent=818"}],"curies":[{"name":"wp","href":"https:\/\/api.w.org\/{rel}","templated":true}]}}