{"id":814,"date":"2018-10-03T15:24:50","date_gmt":"2018-10-03T13:24:50","guid":{"rendered":"http:\/\/websrv.saske.sk\/uef\/?page_id=814"},"modified":"2026-01-14T14:09:44","modified_gmt":"2026-01-14T13:09:44","slug":"projekty","status":"publish","type":"page","link":"https:\/\/websrv.saske.sk\/uef\/oddelenia-a-laboratoria\/laboratorium-nanomaterialov-a-aplikovaneho-magnetizmu\/projekty\/","title":{"rendered":"Projekty"},"content":{"rendered":"<ul>\n<li><strong>APVV-23-0281 <\/strong>&#8211; Pr\u00edprava a vlastnosti magneticky tvrd\u00fdch a m\u00e4kk\u00fdch materi\u00e1lov bez kritick\u00fdch prvkov pre trvalo udr\u017eate\u013en\u00fd rozvoj &#8211; SUSTAIN (2024 &#8211; 2028)<\/li>\n<li><strong>APVV-SK-AT-23-0025<\/strong> &#8211; Laserov\u00e1 adit\u00edvna v\u00fdroba magneticky m\u00e4kk\u00fdch kovov\u00fdch skiel\/kompozitov &#8211; LAMSoftMag (2024 &#8211; 2026)<\/li>\n<li><strong>VEGA 2\/0148\/23<\/strong> &#8211; Magneticky m\u00e4kk\u00e9 nanokry\u0161talick\u00e9 materi\u00e1ly pripraven\u00e9 nekonven\u010dn\u00fdmi technikami tepeln\u00e9ho spracovania (2023 &#8211; 2026)<\/li>\n<li><strong>JRP SAS &#8211; TUBITAK: NOMAGRAD<\/strong> &#8211; V\u00fdvoj vysoko-citliv\u00e9ho magnetick\u00e9ho gradiometra na b\u00e1ze nov\u00fdch magnetick\u00fdch materi\u00e1lov (2024 &#8211; 2027)<\/li>\n<\/ul>\n<p><strong>Ukon\u010den\u00e9 projekty:<\/strong><\/p>\n<ul>\n<li><strong>PostdokGrant APD0066<\/strong> &#8211; Kontin\u00e1lne r\u00fdchle \u017e\u00edhanie pre v\u00fdvoj nov\u00fdch magneticky m\u00e4kk\u00fdch zliatin s nanokry\u0161talickou \u0161trukt\u00farou &#8211; CURAsoft (2024 &#8211; 2025)<\/li>\n<li><strong>APVV-19-0369<\/strong>\u00a0Nov\u00e9 nano \/ mikro\u0161trukt\u00farovan\u00e9 kovov\u00e9 materi\u00e1ly pripraven\u00e9 nekonven\u010dn\u00fdmi sp\u00f4sobmi spracovania &#8211; UNPROMAT (2020 &#8211; 2024)<\/li>\n<li><strong>MAD SK-Vietnam (SAV-VAST)<\/strong>\u00a0 Pr\u00edprava a \u0161t\u00fadium \u0161trukt\u00farnych a magnetick\u00fdch vlastnost\u00ed CoFe2O4\/Fe3O4 nano\u010dast\u00edc typu &#8222;core\/shell&#8220; pre magnetick\u00fa hypertermiu (2020 &#8211; 2022)<\/li>\n<li><strong>VEGA 2\/0171\/19<\/strong>\u00a0R\u00fdchlochladen\u00e9 kovov\u00e9 zliatiny a kompozity pre magnetick\u00e9 a magnetokalorick\u00e9 aplik\u00e1cie (2019 &#8211; 2022)<\/li>\n<li><strong>Joint Research Program (JRP) SAV &#8211; TUBITAK:<\/strong> <strong>MAGSAT<\/strong> &#8211; Nov\u00e9 magneticky m\u00e4kk\u00e9 jadr\u00e1 pre satelitn\u00e9 zariadenia a magnetometre pracuj\u00face v kozmick\u00fdch podmienkach (2018 &#8211; 2021)<\/li>\n<li><strong>MAD SK-Ma\u010farsko (SAV-MAV)<\/strong>\u00a0\u0160t\u00fadium nov\u00fdch feromagnetick\u00fdch nanokompozitov (2019 &#8211; 2021)<\/li>\n<li><strong>VEGA 1\/0053\/19<\/strong>\u00a0Vplyv chemick\u00e9ho zlo\u017eenia na v\u00fdzna\u010dn\u00e9 fyzik\u00e1lne vlastnosti modern\u00fdch funk\u010dn\u00fdch materi\u00e1lov (2019 &#8211; 2021)<\/li>\n<li><strong>APVV-15-0621<\/strong>\u00a0Atom\u00e1rna \u0161trukt\u00fara a unik\u00e1tne vlastnosti intermetal\u00edk, amorfn\u00fdch, nanokry\u0161talick\u00fdch a komplexn\u00fdch kovov\u00fdch zliatin &#8211; ANGSTROM (2016 &#8211; 2019)<\/li>\n<li><strong>MAD SK-Vietnam (SAV-VAST)<\/strong>\u00a0Pr\u00edprava a magnetick\u00e9 vlastnosti Co\/CoO core-shell nano\u010dast\u00edc (2018 &#8211; 2019)<\/li>\n<li><strong>Bilater\u00e1lny<\/strong>\u00a0MagElMat &#8211; V\u00fdvoj nov\u00fdch multifunk\u010dn\u00fdch materi\u00e1lov pre magnetoelektrick\u00e9 senzory a \u00falo\u017eiska digit\u00e1lnych d\u00e1t bud\u00facej gener\u00e1cie (2018 &#8211; 2019)<\/li>\n<li><strong>VEGA 1\/0377\/16<\/strong>\u00a0Magnetiza\u010dn\u00e9 a relaxa\u010dn\u00e9 procesy v magnetick\u00fdch \u010dasticiach a kompozitoch (2016 &#8211; 2019)<\/li>\n<li><strong>MNT-ERA.Net II \u2013 STREAM<\/strong>\u00a0Mal\u00e9 zariadenie na z\u00edskavanie energie na b\u00e1ze magnetostrik\u010dn\u00fdch amorfn\u00fdch a nanokry\u0161talick\u00fdch materi\u00e1lov (2012 &#8211; 2014)<\/li>\n<li><strong>European Research Network GDRE<\/strong>\u00a0GROUP FOR THE\u00a0APPLIED\u00a0MAGNETOSCIENCES (GAMAS) (2008 &#8211; 2011)<\/li>\n<li><strong>APVV-0491-11<\/strong>\u00a0Nanokry\u0161talick\u00e9 a kv\u00e1zikry\u0161talick\u00e9 kovov\u00e9 syst\u00e9my s cielene modifikovanou \u0161trukt\u00farou a morfol\u00f3giou &#8211; NANOTAILOR (2012 &#8211; 2015)<\/li>\n<li><strong>APVV-0147-11<\/strong>\u00a0Vysokopevn\u00e9 elektrotechnick\u00e9 kompozitn\u00e9 ocele (2012 &#8211; 2015)<\/li>\n<li><strong>APVV-0266-10<\/strong>\u00a0Senzory na b\u00e1ze magnetick\u00fdch mikrodr\u00f4tov (2011 &#8211; 2014)<\/li>\n<li><b>APVV-0454-07<\/b>\u00a0V\u00fdskum a v\u00fdvoj magnetick\u00fdch senzorov vyh\u013ead\u00e1vania a indik\u00e1cie feromagnetick\u00fdch a vodiv\u00fdch telies (2008 &#8211; 2010)<\/li>\n<li><strong>APVV SK-FR-0035-11<\/strong>\u00a0Magneticky tvrd\u00e9 mikrodr\u00f4ty FePt@Pyrex, Partner: Universit\u00e9 du Maine, Le Mans, Franc\u00fazsko (2012 &#8211; 2013)<\/li>\n<li><strong>APVV SK-RO-0027-10<\/strong>\u00a0Multifunk\u010dn\u00e9 nano\u0161trukt\u00farne magnetick\u00e9 materi\u00e1ly pre senzorov\u00e9 aplik\u00e1cie, Partner: NIRDTP, Iasi, Rumunsko (2011 &#8211; 2012)<\/li>\n<li><strong>VEGA 2\/0173\/16<\/strong>\u00a0R\u00fdchlochladen\u00e9 magneticky m\u00e4kk\u00e9 a magneticky tvrd\u00e9 kompozitn\u00e9 materi\u00e1ly pre aplik\u00e1cie v energetike a senzorike (2016 &#8211; 2018)<\/li>\n<li><strong>VEGA 2\/0192\/13<\/strong>\u00a0Progres\u00edvne amorfn\u00e9 a nanokry\u0161talick\u00e9 magneticky m\u00e4kk\u00e9 zliatiny pre aplik\u00e1cie v energetike a magnetickom chladen\u00ed (2013 &#8211; 2015)<\/li>\n<li><strong>VEGA 2\/0209\/10<\/strong>\u00a0Modifik\u00e1cia funk\u010dn\u00fdch vlastnost\u00ed nanokry\u0161talick\u00fdch magnetick\u00fdch materi\u00e1lov tepeln\u00fdm spracovan\u00edm v magnetickom poli (2010 &#8211; 2012)<\/li>\n<li><strong>Cex &#8211; CFNT-MVEP<\/strong>\u00a0Centrum fyziky n\u00edzkych tepl\u00f4t a materi\u00e1lov\u00e9ho v\u00fdskumu v extr\u00e9mnych podmienkach (2011 &#8211; 2014)<\/li>\n<li><b>Cex &#8211; NANOSMART II<\/b>\u00a0Centrum Excelentnosti SAV pre Nano\u0161trukt\u00farne Materi\u00e1ly (2007 &#8211; 2010)<\/li>\n<li><strong>ITMS 26220220186<\/strong>\u00a0V\u00fdskumn\u00e9 centrum progres\u00edvnych materi\u00e1lov a technol\u00f3gi\u00ed pre s\u00fa\u010dasn\u00e9 a bud\u00face aplik\u00e1cie \u201ePROMATECH\u201c (2013 &#8211; 2015)<\/li>\n<li><strong>ITMS 26220220061<\/strong>\u00a0Nov\u00e9 materi\u00e1ly a technol\u00f3gie pre energetiku (2010 &#8211; 2013)<\/li>\n<li><strong>ITMS 26220220037<\/strong>\u00a0Technol\u00f3gia pr\u00edpravy elektrotechnick\u00fdch ocel\u00ed s vysokou permeabilitou ur\u010den\u00fdch pre elektromotory s vy\u0161\u0161ou \u00fa\u010dinnos\u0165ou (2010 &#8211; 2012)<\/li>\n<li><strong>ITMS 26220120035<\/strong>\u00a0Budovanie infra\u0161trukt\u00fary Centra excelentnosti progres\u00edvnych materi\u00e1lov s nano a submikr\u00f3novou \u0161trukt\u00farou (2010 &#8211; 2013)<\/li>\n<li><strong>ITMS 26220120019<\/strong>\u00a0Centrum excelentnosti progres\u00edvnych materi\u00e1lov s nano a submikr\u00f3novou \u0161trukt\u00farou (2009 &#8211; 2011)<\/li>\n<\/ul>\n","protected":false},"excerpt":{"rendered":"<p>APVV-23-0281 &#8211; Pr\u00edprava a vlastnosti magneticky tvrd\u00fdch a m\u00e4kk\u00fdch materi\u00e1lov bez kritick\u00fdch prvkov pre trvalo udr\u017eate\u013en\u00fd rozvoj &#8211; SUSTAIN (2024 &#8211; 2028) APVV-SK-AT-23-0025 &#8211; Laserov\u00e1&#8230;<\/p>\n","protected":false},"author":4,"featured_media":0,"parent":573,"menu_order":30,"comment_status":"closed","ping_status":"closed","template":"","meta":{"footnotes":""},"_links":{"self":[{"href":"https:\/\/websrv.saske.sk\/uef\/wp-json\/wp\/v2\/pages\/814"}],"collection":[{"href":"https:\/\/websrv.saske.sk\/uef\/wp-json\/wp\/v2\/pages"}],"about":[{"href":"https:\/\/websrv.saske.sk\/uef\/wp-json\/wp\/v2\/types\/page"}],"author":[{"embeddable":true,"href":"https:\/\/websrv.saske.sk\/uef\/wp-json\/wp\/v2\/users\/4"}],"replies":[{"embeddable":true,"href":"https:\/\/websrv.saske.sk\/uef\/wp-json\/wp\/v2\/comments?post=814"}],"version-history":[{"count":35,"href":"https:\/\/websrv.saske.sk\/uef\/wp-json\/wp\/v2\/pages\/814\/revisions"}],"predecessor-version":[{"id":9737,"href":"https:\/\/websrv.saske.sk\/uef\/wp-json\/wp\/v2\/pages\/814\/revisions\/9737"}],"up":[{"embeddable":true,"href":"https:\/\/websrv.saske.sk\/uef\/wp-json\/wp\/v2\/pages\/573"}],"wp:attachment":[{"href":"https:\/\/websrv.saske.sk\/uef\/wp-json\/wp\/v2\/media?parent=814"}],"curies":[{"name":"wp","href":"https:\/\/api.w.org\/{rel}","templated":true}]}}