{"id":812,"date":"2018-10-03T15:24:31","date_gmt":"2018-10-03T13:24:31","guid":{"rendered":"http:\/\/websrv.saske.sk\/uef\/?page_id=812"},"modified":"2026-01-15T15:49:22","modified_gmt":"2026-01-15T14:49:22","slug":"ludia","status":"publish","type":"page","link":"https:\/\/websrv.saske.sk\/uef\/oddelenia-a-laboratoria\/laboratorium-nanomaterialov-a-aplikovaneho-magnetizmu\/ludia\/","title":{"rendered":"\u013dudia"},"content":{"rendered":"<p><strong>Ved\u00faci oddelenia aplikovan\u00e9ho magnetizmu a nanomateri\u00e1lov<\/strong><\/p>\n<p><a href=\"https:\/\/www.sav.sk\/index.php?lang=sk&amp;doc=user-org-user&amp;user_no=4033\">RNDr. Ivan \u0160korv\u00e1nek, CSc.<\/a><\/p>\n<p>&nbsp;<\/p>\n<p><strong>Vedeck\u00ed pracovn\u00edci<\/strong><\/p>\n<p><a href=\"https:\/\/www.sav.sk\/index.php?lang=sk&amp;doc=user-org-user&amp;user_no=4041\">RNDr. Jozef Kov\u00e1\u010d, CSc.<\/a><\/p>\n<p><a href=\"https:\/\/www.sav.sk\/index.php?lang=sk&amp;doc=user-org-user&amp;user_no=4042\">RNDr. Jozef Marcin, PhD.<\/a><\/p>\n<p><a href=\"https:\/\/www.sav.sk\/index.php?lang=sk&amp;doc=user-org-user&amp;user_no=10528\">Ing. Branislav Kunca, PhD.<\/a><\/p>\n<p><a href=\"https:\/\/www.sav.sk\/index.php?lang=sk&amp;doc=user-org-user&amp;user_no=12818\">RNDr. Milo\u0161 Jakub\u010din, PhD.<\/a><\/p>\n<p><a href=\"https:\/\/www.sav.sk\/?lang=sk&amp;doc=user-org-user&amp;user_no=14490\">RNDr. Kornel Richter, PhD.<\/a><\/p>\n<p>&nbsp;<\/p>\n<p><strong>Hos\u0165uj\u00faci v\u00fdskumn\u00edci<\/strong><\/p>\n<p>MSc. Alvaro Gonzalez Villegas, 2024 (2 mesiace) &amp; 2025 (1 mesiac)<br \/>\n<em>La\u00a0Universidad del Pa\u00eds Vasco, Bilbao, \u0160panielsko (Baskicko)<\/em><\/p>\n<p>Dr. Leelashree Solaiappan, 2023\/2024 (3 mesiace)<br \/>\n<em>Indian Institute of Technology Madras, Chennai, Tamil Nadu, India<\/em><\/p>\n<p>Dr. Varga Lajos K\u00e1roly, 2019<br \/>\n<em>Wigner Center for Physics of Hungarian Academy of Sciences, Budapest, Hungary<\/em><\/p>\n<p>Bc. Laura Lahaye, 2019 (3 mesiace)<br \/>\n<em>ENSCBP, Bordeaux Graduate School of Chemistry, Biology and Physics, France<\/em><\/p>\n<p>Prof. Dr. Do Hung Manh, 2018\/2019<br \/>\n<em>Institute of Materials Science Vietnam Academy of Science and Technology, Hanoi, Vietnam<\/em><\/p>\n<p>Dr. Nguyen Trung Hieu, 2018\/2019<br \/>\n<em>Institute of Materials Science Vietnam Academy of Science and Technology, Hanoi, Vietnam<\/em><\/p>\n<p>MSc. Markus Kuhnt, 2016\/2017 (1 mesiac)<br \/>\n<em>TU Darmstadt, Germany<\/em><\/p>\n<p>Dr. Piotr Gebara, 2016 (3 mesiace)<br \/>\n<em>Institute of Physics, Cz\u0119stochowa University of Technology, Cz\u0119stochowa, Poland<\/em><\/p>\n<p>Dr. Lorena Gonz\u00e1lez Legarreta, 2015 (10 mesiacov)<br \/>\n<em>Universidad de Oviedo, Spain<\/em><\/p>\n<p>mgr. inz. Andrzej Musial, doktorand, 2015 (5 mesiacov)<br \/>\n<em>Institute of Molecular Physics Polish Academy of Sciences, Poznan, Poland<\/em><\/p>\n<p>MSc. Tatiana Eggers, doktorandka, 2015 (1 mesiac)<br \/>\n<em>Functional Materials Laboratory, Department of Physics, University of South Florida, Tampa, USA<\/em><\/p>\n<p>MSc. Evgenia Mikhalitsyna, doktorandka, 2015 (1 mesiac)<br \/>\n<em>Ural Federal University, Yekaterinburg, Russia<\/em><\/p>\n<p>Prof. Hariharan Srikanth 2014\/2015 (1 mesiac)<br \/>\n<em>Functional Materials Laboratory, Department of Physics, University of South Florida, Tampa, USA<\/em><\/p>\n<p>Prof. Javiera Bl\u00e1zquez, 2014<br \/>\n<em>Departamento de Fisica de la Materia Condensada, Universidad de Sevilla, Spain<\/em><\/p>\n<p>Bc. Paula Lampen, doktorandka, 2014 (1 mesiac)<br \/>\n<em>Functional Materials Laboratory, Department of Physics, University of South Florida, Tampa, USA<\/em><\/p>\n<p>Prof. Victorino Franco, 2012\/2013 (3 mesiace)<br \/>\n<em>Departamento de Fisica de la Materia Condensada, Universidad de Sevilla, Spain<\/em><\/p>\n<p>Dr. Sophie Rivoirard, \u00a02012\/2013 (3 mesiace)<br \/>\n<em>CNRS\/CRETA, Grenoble, France<\/em><\/p>\n","protected":false},"excerpt":{"rendered":"<p>Ved\u00faci oddelenia aplikovan\u00e9ho magnetizmu a nanomateri\u00e1lov RNDr. Ivan \u0160korv\u00e1nek, CSc. &nbsp; Vedeck\u00ed pracovn\u00edci RNDr. Jozef Kov\u00e1\u010d, CSc. RNDr. Jozef Marcin, PhD. Ing. Branislav Kunca, PhD&#8230;.<\/p>\n","protected":false},"author":4,"featured_media":0,"parent":573,"menu_order":20,"comment_status":"closed","ping_status":"closed","template":"","meta":{"footnotes":""},"_links":{"self":[{"href":"https:\/\/websrv.saske.sk\/uef\/wp-json\/wp\/v2\/pages\/812"}],"collection":[{"href":"https:\/\/websrv.saske.sk\/uef\/wp-json\/wp\/v2\/pages"}],"about":[{"href":"https:\/\/websrv.saske.sk\/uef\/wp-json\/wp\/v2\/types\/page"}],"author":[{"embeddable":true,"href":"https:\/\/websrv.saske.sk\/uef\/wp-json\/wp\/v2\/users\/4"}],"replies":[{"embeddable":true,"href":"https:\/\/websrv.saske.sk\/uef\/wp-json\/wp\/v2\/comments?post=812"}],"version-history":[{"count":33,"href":"https:\/\/websrv.saske.sk\/uef\/wp-json\/wp\/v2\/pages\/812\/revisions"}],"predecessor-version":[{"id":9744,"href":"https:\/\/websrv.saske.sk\/uef\/wp-json\/wp\/v2\/pages\/812\/revisions\/9744"}],"up":[{"embeddable":true,"href":"https:\/\/websrv.saske.sk\/uef\/wp-json\/wp\/v2\/pages\/573"}],"wp:attachment":[{"href":"https:\/\/websrv.saske.sk\/uef\/wp-json\/wp\/v2\/media?parent=812"}],"curies":[{"name":"wp","href":"https:\/\/api.w.org\/{rel}","templated":true}]}}