{"id":8101,"date":"2024-01-25T09:40:49","date_gmt":"2024-01-25T08:40:49","guid":{"rendered":"https:\/\/websrv.saske.sk\/uef\/?page_id=8101"},"modified":"2024-01-25T09:40:49","modified_gmt":"2024-01-25T08:40:49","slug":"stipendia-pre-excelentnych-phd-studentov-a-studentky-r1","status":"publish","type":"page","link":"https:\/\/websrv.saske.sk\/uef\/veda-a-vyskum\/projekty-z-planu-obnovy\/stipendia-pre-excelentnych-phd-studentov-a-studentky-r1\/","title":{"rendered":"\u0160tipendi\u00e1 pre excelentn\u00fdch PhD. \u0161tudentov a \u0161tudentky (R1)"},"content":{"rendered":"<p style=\"text-align: center;\"><img loading=\"lazy\" decoding=\"async\" class=\"aligncenter\" src=\"http:\/\/websrv.saske.sk\/uef\/wp-content\/uploads\/2023\/05\/Lista-s-logami-UV-a-VAIA_f_biele.png\" width=\"719\" height=\"213\" \/><\/p>\n<p>&nbsp;<\/p>\n<p><span style=\"font-family: Times New Roman, serif;\"><span style=\"font-size: medium;\"><b>K\u00f3d projektu: <\/b>09I03-03-V02-00039<\/span><\/span><\/p>\n<p><span style=\"font-family: Times New Roman, serif;\"><span style=\"font-size: medium;\"><b>N\u00e1zov projektu:<\/b> \u0160tipendi\u00e1 pre excelentn\u00fdch PhD. \u0161tudentov a \u0161tudentky (R1) \u2013 UEF SAV<\/span><\/span><\/p>\n<p><span style=\"color: #000000;\"><span style=\"font-family: Times New Roman, serif;\"><span style=\"font-size: medium;\"><b>V\u00fd\u0161ka prostriedkov mechanizmu zo zdroja Pl\u00e1n obnovy a odolnosti:<\/b> 55\u00a0634,80 EUR<\/span><\/span><\/span><\/p>\n<p><span style=\"font-family: Times New Roman, serif;\"><span style=\"font-size: medium;\"><b>Trvanie projektu:<\/b> 1.9.2023 \u2013 30.6.2026<\/span><\/span><\/p>\n<p>&nbsp;<\/p>\n<p><span style=\"font-family: Times New Roman, serif;\"><span style=\"font-size: medium;\"><b>K\u00f3d v\u00fdzvy: <\/b>09I03-03-V02<\/span><\/span><\/p>\n<p><span style=\"font-family: Times New Roman, serif;\"><span style=\"font-size: medium;\"><b>N\u00e1zov v\u00fdzvy:<\/b> \u0160tipendi\u00e1 pre excelentn\u00fdch PhD. \u0161tudentov a \u0161tudentky (R1)<\/span><\/span><\/p>\n<p><span style=\"color: #000000;\"><span style=\"font-family: Times New Roman, serif;\"><span style=\"font-size: medium;\"><b>Komponent:<\/b> 9 \u2013 Efekt\u00edvnej\u0161ie riadenie a posilnenie financovania v\u00fdskumu, v\u00fdvoja a\u00a0inov\u00e1ci\u00ed Pl\u00e1nu obnovy a odolnosti Slovenskej republiky <\/span><\/span><\/span><\/p>\n<p><span style=\"font-family: Times New Roman, serif;\"><span style=\"font-size: medium;\"><b>Invest\u00edcia:<\/b> 3 \u2013 Excelentn\u00e1 veda<\/span><\/span><\/p>\n<p><span style=\"font-size: medium;\"><b>N\u00e1zov a\u00a0adresa prij\u00edmate\u013ea: <\/b><\/span><span style=\"color: #000000;\"><span style=\"font-family: Times New Roman, serif;\"><span style=\"font-size: medium;\">\u00dastav experiment\u00e1lnej fyziky Slovenskej akad\u00e9mie vied, verejn\u00e1 v\u00fdskumn\u00e1 in\u0161tit\u00facia, Watsonova 47, 040 01 Ko\u0161ice<\/span><\/span><\/span><\/p>\n<p><span style=\"font-family: Times New Roman, serif;\"><span style=\"font-size: medium;\"><b>Miesto realiz\u00e1cie<\/b><span style=\"color: #000000;\"><span style=\"font-family: Calibri, serif;\"><b>:<\/b><\/span><\/span> \u00dastav experiment\u00e1lnej fyziky SAV, v. v. i., Watsonova 47, 040 01 Ko\u0161ice<\/span><\/span><\/p>\n<p><span style=\"font-family: Times New Roman, serif;\"><span style=\"font-size: medium;\"><b>Hlavn\u00fd cie\u013e:<\/b> podpora individu\u00e1lnych projektov PhD. \u0161tudentov a \u0161tudentiek v r\u00e1mci organiz\u00e1cie prij\u00edmate\u013ea<\/span><\/span><\/p>\n<p>&nbsp;<\/p>\n","protected":false},"excerpt":{"rendered":"<p>&nbsp; K\u00f3d projektu: 09I03-03-V02-00039 N\u00e1zov projektu: \u0160tipendi\u00e1 pre excelentn\u00fdch PhD. \u0161tudentov a \u0161tudentky (R1) \u2013 UEF SAV V\u00fd\u0161ka prostriedkov mechanizmu zo zdroja Pl\u00e1n obnovy a&#8230;<\/p>\n","protected":false},"author":1,"featured_media":0,"parent":7398,"menu_order":61,"comment_status":"closed","ping_status":"closed","template":"","meta":{"footnotes":""},"_links":{"self":[{"href":"https:\/\/websrv.saske.sk\/uef\/wp-json\/wp\/v2\/pages\/8101"}],"collection":[{"href":"https:\/\/websrv.saske.sk\/uef\/wp-json\/wp\/v2\/pages"}],"about":[{"href":"https:\/\/websrv.saske.sk\/uef\/wp-json\/wp\/v2\/types\/page"}],"author":[{"embeddable":true,"href":"https:\/\/websrv.saske.sk\/uef\/wp-json\/wp\/v2\/users\/1"}],"replies":[{"embeddable":true,"href":"https:\/\/websrv.saske.sk\/uef\/wp-json\/wp\/v2\/comments?post=8101"}],"version-history":[{"count":1,"href":"https:\/\/websrv.saske.sk\/uef\/wp-json\/wp\/v2\/pages\/8101\/revisions"}],"predecessor-version":[{"id":8102,"href":"https:\/\/websrv.saske.sk\/uef\/wp-json\/wp\/v2\/pages\/8101\/revisions\/8102"}],"up":[{"embeddable":true,"href":"https:\/\/websrv.saske.sk\/uef\/wp-json\/wp\/v2\/pages\/7398"}],"wp:attachment":[{"href":"https:\/\/websrv.saske.sk\/uef\/wp-json\/wp\/v2\/media?parent=8101"}],"curies":[{"name":"wp","href":"https:\/\/api.w.org\/{rel}","templated":true}]}}