{"id":8093,"date":"2024-01-25T09:25:13","date_gmt":"2024-01-25T08:25:13","guid":{"rendered":"https:\/\/websrv.saske.sk\/uef\/?page_id=8093"},"modified":"2024-01-25T09:27:02","modified_gmt":"2024-01-25T08:27:02","slug":"stipendia-pre-excelentnych-vyskumnikov-ohrozenych-vojnovym-konfliktom-na-ukrajine","status":"publish","type":"page","link":"https:\/\/websrv.saske.sk\/uef\/veda-a-vyskum\/projekty-z-planu-obnovy\/stipendia-pre-excelentnych-vyskumnikov-ohrozenych-vojnovym-konfliktom-na-ukrajine\/","title":{"rendered":"\u0160tipendi\u00e1 pre excelentn\u00fdch v\u00fdskumn\u00edkov ohrozen\u00fdch vojnov\u00fdm konfliktom na Ukrajine"},"content":{"rendered":"<div class=\"post-content\">\n<p align=\"center\"><img loading=\"lazy\" decoding=\"async\" class=\"aligncenter\" src=\"http:\/\/websrv.saske.sk\/uef\/wp-content\/uploads\/2023\/05\/Lista-s-logami-UV-a-VAIA_f_biele.png\" width=\"719\" height=\"213\" \/><\/p>\n<p><b>K\u00f3d projektu: <\/b>09I03-03-V01-00051<\/p>\n<p><b>Indikat\u00edvna v\u00fd\u0161ka prostriedkov mechanizmu ur\u010den\u00fdch na z\u00e1mer:<\/b> 131 400 EUR<\/p>\n<p><b>Trvanie projektu:<\/b> 1.9.2022 \u2013 31.8.2025<\/p>\n<p>&nbsp;<\/p>\n<p><b>K\u00f3d projektu: <\/b>09I03-03-V01-00052<\/p>\n<p><b>Indikat\u00edvna v\u00fd\u0161ka prostriedkov mechanizmu ur\u010den\u00fdch na z\u00e1mer:<\/b> 159 120 EUR<\/p>\n<p><b>Trvanie projektu:<\/b> 1.1.2023 \u2013 31.12.2025<\/p>\n<p>&nbsp;<\/p>\n<p><b>K\u00f3d v\u00fdzvy: <\/b>09I03-03-V01<\/p>\n<p><b>N\u00e1zov v\u00fdzvy:<\/b> \u0160tipendi\u00e1 pre excelentn\u00fdch v\u00fdskumn\u00edkov ohrozen\u00fdch vojnov\u00fdm konfliktom na Ukrajine<\/p>\n<p><b>Komponent:<\/b> 9 \u2013 Efekt\u00edvnej\u0161ie riadenie a posilnenie financovania v\u00fdskumu, v\u00fdvoja a inov\u00e1ci\u00ed<\/p>\n<p><b>Invest\u00edcia:<\/b> 3 \u2013 Excelentn\u00e1 veda<\/p>\n<p><b>N\u00e1zov a\u00a0adresa prij\u00edmate\u013ea: <\/b>\u00dastav experiment\u00e1lnej fyziky SAV, v.v.i., Watsonova 47, 040 01 Ko\u0161ice<\/p>\n<p><b>Miesto realiz\u00e1cie projektov:<\/b> \u00dastav experiment\u00e1lnej fyziky SAV, v. v. i., Watsonova 47, 040 01 Ko\u0161ice<\/p>\n<p><b>Hlavn\u00fd cie\u013e projektov:<\/b> podpori\u0165 v\u00fdskumn\u00fdch pracovn\u00edkov, ktor\u00fdch kari\u00e9ra je ohrozen\u00e1 v s\u00favislosti s konfliktom na Ukrajine, pri relok\u00e1ci\u00ed ich v\u00fdskumnej \u010dinnosti na Slovensko. A to tak, aby z\u00a0\u00faspe\u0161n\u00e9ho zapracovania v\u00fdskumn\u00edkov u prij\u00edmate\u013ea benefitovali obe strany a podporil sa rozvoj v\u00fdskumn\u00e9ho potenci\u00e1lu u jednotlivca aj in\u0161tit\u00facie.<\/p>\n<\/div>\n","protected":false},"excerpt":{"rendered":"<p>K\u00f3d projektu: 09I03-03-V01-00051 Indikat\u00edvna v\u00fd\u0161ka prostriedkov mechanizmu ur\u010den\u00fdch na z\u00e1mer: 131 400 EUR Trvanie projektu: 1.9.2022 \u2013 31.8.2025 &nbsp; K\u00f3d projektu: 09I03-03-V01-00052 Indikat\u00edvna v\u00fd\u0161ka prostriedkov&#8230;<\/p>\n","protected":false},"author":1,"featured_media":0,"parent":7398,"menu_order":60,"comment_status":"closed","ping_status":"closed","template":"","meta":{"footnotes":""},"_links":{"self":[{"href":"https:\/\/websrv.saske.sk\/uef\/wp-json\/wp\/v2\/pages\/8093"}],"collection":[{"href":"https:\/\/websrv.saske.sk\/uef\/wp-json\/wp\/v2\/pages"}],"about":[{"href":"https:\/\/websrv.saske.sk\/uef\/wp-json\/wp\/v2\/types\/page"}],"author":[{"embeddable":true,"href":"https:\/\/websrv.saske.sk\/uef\/wp-json\/wp\/v2\/users\/1"}],"replies":[{"embeddable":true,"href":"https:\/\/websrv.saske.sk\/uef\/wp-json\/wp\/v2\/comments?post=8093"}],"version-history":[{"count":1,"href":"https:\/\/websrv.saske.sk\/uef\/wp-json\/wp\/v2\/pages\/8093\/revisions"}],"predecessor-version":[{"id":8094,"href":"https:\/\/websrv.saske.sk\/uef\/wp-json\/wp\/v2\/pages\/8093\/revisions\/8094"}],"up":[{"embeddable":true,"href":"https:\/\/websrv.saske.sk\/uef\/wp-json\/wp\/v2\/pages\/7398"}],"wp:attachment":[{"href":"https:\/\/websrv.saske.sk\/uef\/wp-json\/wp\/v2\/media?parent=8093"}],"curies":[{"name":"wp","href":"https:\/\/api.w.org\/{rel}","templated":true}]}}