{"id":808,"date":"2018-10-03T15:23:53","date_gmt":"2018-10-03T13:23:53","guid":{"rendered":"http:\/\/websrv.saske.sk\/uef\/?page_id=808"},"modified":"2019-12-12T14:47:51","modified_gmt":"2019-12-12T13:47:51","slug":"experimentalne-zariadenia","status":"publish","type":"page","link":"https:\/\/websrv.saske.sk\/uef\/oddelenia-a-laboratoria\/laboratorium-nanomaterialov-a-aplikovaneho-magnetizmu\/experimentalne-zariadenia\/","title":{"rendered":"Experiment\u00e1lne zariadenia"},"content":{"rendered":"<p>Magneticky tienen\u00e1 miestnos\u0165 (Vacuumschmelze)<\/p>\n<p>\u201cCryogen Free\u201d syst\u00e9m so supravodiv\u00fdm magnetom, max. magnetick\u00e9 pole 14 T (Cryogenic)<br \/>\nv\u00fdbava: piecka do 1 000 \u00b0C, Vibra\u010dn\u00fd magnetometer<\/p>\n<p>Magnetic Property Measurement System MPMS 3, max. magnetick\u00e9 pole 7T (Quantum Design)<\/p>\n<p>Magnetic Property Measurement System MPMS 5 XL, max. magnetick\u00e9 pole 5 T (Quantum Design)<\/p>\n<p>Magneto-Optick\u00fd Kerrov Mikroskop (EVICO magnetics)<\/p>\n<p>Vibra\u010dn\u00fd magnetometer EV9VMS (MicroSense)<\/p>\n<p>AC hyster\u00e9zigraf REMAGRAPH-REMACOMP C-705 (Magnet-Physik)<\/p>\n<p>Impedan\u010dn\u00fd analyz\u00e1tor 4294A (Agilent) + zostava pre meranie magneto-impedan\u010dn\u00fdch charakterist\u00edk<\/p>\n<p>Zostava na meranie hyster\u00e9znych slu\u010diek s \u201eflux-gate\u201c magnetometrom<\/p>\n<p>Plynov\u00fd pyknometer (Micromeritics)<\/p>\n<p>Zariadenia na tepeln\u00e9 spracovanie materi\u00e1lov vo v\u00e1kuu s mo\u017enos\u0165ou aplik\u00e1cie extern\u00e9ho magnetick\u00e9ho po\u013ea do 0.8 T<\/p>\n","protected":false},"excerpt":{"rendered":"<p>Magneticky tienen\u00e1 miestnos\u0165 (Vacuumschmelze) \u201cCryogen Free\u201d syst\u00e9m so supravodiv\u00fdm magnetom, max. magnetick\u00e9 pole 14 T (Cryogenic) v\u00fdbava: piecka do 1 000 \u00b0C, Vibra\u010dn\u00fd magnetometer Magnetic&#8230;<\/p>\n","protected":false},"author":4,"featured_media":0,"parent":573,"menu_order":40,"comment_status":"closed","ping_status":"closed","template":"","meta":{"footnotes":""},"_links":{"self":[{"href":"https:\/\/websrv.saske.sk\/uef\/wp-json\/wp\/v2\/pages\/808"}],"collection":[{"href":"https:\/\/websrv.saske.sk\/uef\/wp-json\/wp\/v2\/pages"}],"about":[{"href":"https:\/\/websrv.saske.sk\/uef\/wp-json\/wp\/v2\/types\/page"}],"author":[{"embeddable":true,"href":"https:\/\/websrv.saske.sk\/uef\/wp-json\/wp\/v2\/users\/4"}],"replies":[{"embeddable":true,"href":"https:\/\/websrv.saske.sk\/uef\/wp-json\/wp\/v2\/comments?post=808"}],"version-history":[{"count":3,"href":"https:\/\/websrv.saske.sk\/uef\/wp-json\/wp\/v2\/pages\/808\/revisions"}],"predecessor-version":[{"id":3404,"href":"https:\/\/websrv.saske.sk\/uef\/wp-json\/wp\/v2\/pages\/808\/revisions\/3404"}],"up":[{"embeddable":true,"href":"https:\/\/websrv.saske.sk\/uef\/wp-json\/wp\/v2\/pages\/573"}],"wp:attachment":[{"href":"https:\/\/websrv.saske.sk\/uef\/wp-json\/wp\/v2\/media?parent=808"}],"curies":[{"name":"wp","href":"https:\/\/api.w.org\/{rel}","templated":true}]}}