{"id":79,"date":"2018-09-12T08:57:14","date_gmt":"2018-09-12T06:57:14","guid":{"rendered":"http:\/\/websrv.saske.sk\/uef\/?page_id=79"},"modified":"2019-02-06T14:04:20","modified_gmt":"2019-02-06T13:04:20","slug":"vedecke-spolocnosti","status":"publish","type":"page","link":"https:\/\/websrv.saske.sk\/uef\/linky\/vedecke-spolocnosti\/","title":{"rendered":"Vedeck\u00e9 spolo\u010dnosti"},"content":{"rendered":"<ul>\n<li><a href=\"http:\/\/www.learned.sk\/\">U\u010den\u00e1 spolo\u010dnos\u0165 SAV<\/a><\/li>\n<li><a href=\"http:\/\/kf.elf.stuba.sk\/~slovenska_fyzikalna_spolocnost\/\">Slovensk\u00e1 fyzik\u00e1lna spolo\u010dnos\u0165<\/a><\/li>\n<li><a href=\"http:\/\/skbs.sk\/\">Slovensk\u00e1 biofyzik\u00e1lna spolo\u010dnos\u0165<\/a><\/li>\n<li><a href=\"http:\/\/www.ssbmb.sav.sk\/\">Slovensk\u00e1 spolo\u010dnos\u0165 pre bioch\u00e9miu a molekul\u00e1rnu biol\u00f3giu<\/a><\/li>\n<li><a href=\"http:\/\/www.schems.sk\/\">Slovensk\u00e1 chemick\u00e1 spolo\u010dnos\u0165<\/a><\/li>\n<\/ul>\n<p><em>Univerzity<\/em><\/p>\n<ul>\n<li><a href=\"http:\/\/www.tuke.sk\/\" target=\"_blank\" rel=\"noopener\">Technick\u00e1 univerzita Ko\u0161ice<\/a><\/li>\n<li><a href=\"https:\/\/www.upjs.sk\/\">Univerzita Pavla Jozefa \u0160af\u00e1rika v Ko\u0161iciach<\/a><\/li>\n<li><a href=\"http:\/\/www.uniba.sk\/\" target=\"_blank\" rel=\"noopener\">Univerzita Komensk\u00e9ho v Bratislave<\/a><\/li>\n<li><a href=\"https:\/\/www.stuba.sk\/\">Slovensk\u00e1 Technick\u00e1 Univerzita v Bratislave<\/a><\/li>\n<li><a href=\"https:\/\/www.uniza.sk\/index.php\/\">\u017dilinsk\u00e1 Univerzita v \u017diline<\/a><\/li>\n<\/ul>\n","protected":false},"excerpt":{"rendered":"<p>U\u010den\u00e1 spolo\u010dnos\u0165 SAV Slovensk\u00e1 fyzik\u00e1lna spolo\u010dnos\u0165 Slovensk\u00e1 biofyzik\u00e1lna spolo\u010dnos\u0165 Slovensk\u00e1 spolo\u010dnos\u0165 pre bioch\u00e9miu a molekul\u00e1rnu biol\u00f3giu Slovensk\u00e1 chemick\u00e1 spolo\u010dnos\u0165 Univerzity Technick\u00e1 univerzita Ko\u0161ice Univerzita Pavla&#8230;<\/p>\n","protected":false},"author":1,"featured_media":0,"parent":17,"menu_order":10,"comment_status":"closed","ping_status":"closed","template":"","meta":{"footnotes":""},"_links":{"self":[{"href":"https:\/\/websrv.saske.sk\/uef\/wp-json\/wp\/v2\/pages\/79"}],"collection":[{"href":"https:\/\/websrv.saske.sk\/uef\/wp-json\/wp\/v2\/pages"}],"about":[{"href":"https:\/\/websrv.saske.sk\/uef\/wp-json\/wp\/v2\/types\/page"}],"author":[{"embeddable":true,"href":"https:\/\/websrv.saske.sk\/uef\/wp-json\/wp\/v2\/users\/1"}],"replies":[{"embeddable":true,"href":"https:\/\/websrv.saske.sk\/uef\/wp-json\/wp\/v2\/comments?post=79"}],"version-history":[{"count":8,"href":"https:\/\/websrv.saske.sk\/uef\/wp-json\/wp\/v2\/pages\/79\/revisions"}],"predecessor-version":[{"id":1621,"href":"https:\/\/websrv.saske.sk\/uef\/wp-json\/wp\/v2\/pages\/79\/revisions\/1621"}],"up":[{"embeddable":true,"href":"https:\/\/websrv.saske.sk\/uef\/wp-json\/wp\/v2\/pages\/17"}],"wp:attachment":[{"href":"https:\/\/websrv.saske.sk\/uef\/wp-json\/wp\/v2\/media?parent=79"}],"curies":[{"name":"wp","href":"https:\/\/api.w.org\/{rel}","templated":true}]}}