{"id":783,"date":"2018-10-03T15:15:55","date_gmt":"2018-10-03T13:15:55","guid":{"rendered":"http:\/\/websrv.saske.sk\/uef\/?page_id=783"},"modified":"2020-01-08T11:57:47","modified_gmt":"2020-01-08T10:57:47","slug":"pristroje","status":"publish","type":"page","link":"https:\/\/websrv.saske.sk\/uef\/oddelenia-a-laboratoria\/laboratorium-materialovej-fyziky\/pristroje\/","title":{"rendered":"Pr\u00edstroje"},"content":{"rendered":"<div class=\"photogallery\">\r\n<div>\r\n<p><em>Syst\u00e9m pre komplexn\u00fa RTG anal\u00fdzu\u00a0<\/em>(<a href=\"http:\/\/websrv.saske.sk\/uef\/wp-content\/uploads\/2020\/01\/statutRTG_OMF.pdf\" target=\"_blank\" rel=\"noopener\">\u0161tat\u00fat k RTG<\/a>)<\/p>\r\n<p>Modul A &#8211; Rtg. difraktometer Ultima IV, typ III, Rigaku<\/p>\r\n<p>Zariadenie umo\u017e\u0148uje \u0161t\u00fadium kry\u0161t\u00e1lovej \u0161trukt\u00fary polykry\u0161talick\u00fdch l\u00e1tok v\u00a0 teplotnej oblasti (-180\u00b0C &#8211; 1200 \u00b0C) na vzduchu, v ochrannej atmosf\u00e9re, resp. vo v\u00e1kuu s vyu\u017eit\u00edm ako divergentn\u00e9ho tak aj paraleln\u00e9ho zv\u00e4zku \u017eiarenia resp. malouhlov\u00e9ho rozptyly SAXS<\/p>\r\n<p>Modul B &#8211; Rtg. difraktometer Ultima IV, typ II, Rigaku<\/p>\r\n<p>Zariadenie umo\u017e\u0148uje \u0161t\u00fadium kry\u0161t\u00e1lovej \u0161trukt\u00fary tenk\u00fdch vrstiev a povrchov v \u0161tandardnom a \u201ein-plane\u201c usporiadan\u00ed<\/p>\r\n<p>Modul C &#8211; Rtg. difraktometer D\/MAX Rapid II, Rigaku<\/p>\r\n<p>\u0160t\u00fadium kry\u0161t\u00e1lovej \u0161trukt\u00fary polykry\u0161talick\u00fdch materi\u00e1lov vo ve\u013ekom rozsahu ve\u013ekosti kry\u0161talitov, mikrodifrakcia. 2D \u201eimage plate\u201c detektor.<\/p>\r\n<p><em>Skenovac\u00ed elektr\u00f3nov\u00fd mikroskop Mira 3<\/em> s autoemisnou kat\u00f3dou. Pracovn\u00e9 v\u00e1kuum: &lt; 9 x 10<sup>-3<\/sup>\u00a0Pa, (kat\u00f3da &lt; 3 x 10<sup>&#8211;<\/sup><sup>7<\/sup>\u00a0Pa). Rozl\u00ed\u0161enie: 1.2 nm pri 30 kV, 2.5 nm pri 3 kV<\/p>\r\n<p>Mikroanal\u00fdza pomocou energiovo-disperznej spektroskpie (EDS), vlnovo-disperznej spektroskopie\u00a0 (WDS) a\u00a0difrakcie sp\u00e4tne odrazen\u00fdch elektr\u00f3nov (EBSD).<\/p>\r\n<p><em>Polariza\u010dn\u00fd sveteln\u00fd mikroskop<\/em> Nikon<\/p>\r\n<p><em>Zariadenia na pr\u00edpravu prepar\u00e1tov pre mikroskopick\u00fa anal\u00fdzu<\/em>: presn\u00e1 kot\u00fa\u010dov\u00e1 reza\u010dka, lis na zalisovanie prepar\u00e1tov, zariadenia na br\u00fasenie a\u00a0le\u0161tenie prepar\u00e1tov).<\/p>\r\n<p><em>Termick\u00fd analyz\u00e1tor<\/em><em>\u00a0 <\/em><em>NETZSCH STA 449 F1 Jupiter<\/em> napojen\u00fd na hmotnostn\u00fd spektrometer NETZSCH QMS 403 C A\u00ebolos. Umo\u017e\u0148uje meranie v\u00a0re\u017eime DTA, DSC a TG v\u00a0teplotnej oblasti 30 a\u017e 1650\u00a0 \u00b0C vo v\u00e1kuu alebo kontrolovanej atmosf\u00e9re (Ar, N2 O2, vzduch).<\/p>\r\n<p><em>Komplexn\u00e1 technol\u00f3gia na pr\u00edpravu pr\u00e1\u0161kov\u00fdch materi\u00e1lov a\u00a0rast kry\u0161t\u00e1lov<\/em>: trec\u00ed a\u00a0planet\u00e1rny mlyn, sytovacia aparat\u00fara, aparat\u00fara na mie\u0161anie pr\u00e1\u0161kov, hydraulick\u00fd lis, GlowBox na pr\u00e1cu v\u00a0ochrannej atmosf\u00e9re, r\u00farov\u00e9 pece pre pr\u00e1cu v\u00a0kontrolovanej atmosf\u00e9re, komorov\u00e9 pece pre rast kry\u0161t\u00e1lov.<\/p>\r\n<\/div>\r\n<div>\u00a0<\/div>\r\n<div class=\"lightbox\"><a class=\"pgImage\" href=\"\/uef-intranet-old\/files\/3208\/RTG.jpg\"><img loading=\"lazy\" decoding=\"async\" class=\"pgImage alignnone\" src=\"http:\/\/uef.saske.sk\/images\/photogallery\/3208\/RTG.jpg\" alt=\"[RTG syst\u00e9m]\" width=\"161\" height=\"161\" \/><\/a> <a class=\"pgImage\" title=\"\u015aEM s EDS, WDS a EBSD\" href=\"http:\/\/uef.saske.sk\/images\/fullsize\/3208\/SEM.jpg\"> <img loading=\"lazy\" decoding=\"async\" class=\"pgImage\" src=\"http:\/\/uef.saske.sk\/images\/photogallery\/3208\/SEM.jpg\" alt=\"[\u015aEM s EDS, WDS a EBSD]\" width=\"161\" height=\"161\" \/> <\/a> <a class=\"pgImage\" href=\"\/uef-intranet-old\/files\/3208\/TA.jpg\"><img loading=\"lazy\" decoding=\"async\" class=\"pgImage alignnone\" src=\"http:\/\/uef.saske.sk\/images\/photogallery\/3208\/TA.jpg\" alt=\"[Termick\u00e1 anal\u00fdza]\" width=\"160\" height=\"160\" \/><\/a><\/div>\r\n<div class=\"lightbox\"><a class=\"pgImage\" href=\"\/uef-intranet-old\/files\/3208\/OM.jpg\"><img loading=\"lazy\" decoding=\"async\" class=\"pgImage alignnone\" src=\"http:\/\/uef.saske.sk\/images\/photogallery\/3208\/OM.jpg\" alt=\"[Optick\u00e1 mikroskopia]\" width=\"161\" height=\"161\" \/><\/a> <a class=\"pgImage\" href=\"\/uef-intranet-old\/files\/3208\/Pec.jpg\"><img loading=\"lazy\" decoding=\"async\" class=\"pgImage alignnone\" src=\"http:\/\/uef.saske.sk\/images\/photogallery\/3208\/Pec.jpg\" alt=\"[Rast REBCO mas\u00edvnych kry\u0161t\u00e1lov]\" width=\"161\" height=\"161\" \/><\/a> <a class=\"pgImage\" href=\"\/uef-intranet-old\/files\/3208\/Malvern.jpg\"><img loading=\"lazy\" decoding=\"async\" class=\"pgImage alignnone\" src=\"http:\/\/uef.saske.sk\/images\/photogallery\/3208\/Malvern.jpg\" alt=\"[Laserov\u00fd granulometer]\" width=\"161\" height=\"161\" \/><\/a><\/div>\r\n<\/div>\r\n\r\n<p>&nbsp;<\/p>\r\n","protected":false},"excerpt":{"rendered":"<p>Syst\u00e9m pre komplexn\u00fa RTG anal\u00fdzu\u00a0(\u0161tat\u00fat k RTG) Modul A &#8211; Rtg. difraktometer Ultima IV, typ III, Rigaku Zariadenie umo\u017e\u0148uje \u0161t\u00fadium kry\u0161t\u00e1lovej \u0161trukt\u00fary polykry\u0161talick\u00fdch l\u00e1tok v\u00a0&#8230;<\/p>\n","protected":false},"author":4,"featured_media":0,"parent":571,"menu_order":30,"comment_status":"closed","ping_status":"closed","template":"","meta":{"footnotes":""},"_links":{"self":[{"href":"https:\/\/websrv.saske.sk\/uef\/wp-json\/wp\/v2\/pages\/783"}],"collection":[{"href":"https:\/\/websrv.saske.sk\/uef\/wp-json\/wp\/v2\/pages"}],"about":[{"href":"https:\/\/websrv.saske.sk\/uef\/wp-json\/wp\/v2\/types\/page"}],"author":[{"embeddable":true,"href":"https:\/\/websrv.saske.sk\/uef\/wp-json\/wp\/v2\/users\/4"}],"replies":[{"embeddable":true,"href":"https:\/\/websrv.saske.sk\/uef\/wp-json\/wp\/v2\/comments?post=783"}],"version-history":[{"count":13,"href":"https:\/\/websrv.saske.sk\/uef\/wp-json\/wp\/v2\/pages\/783\/revisions"}],"predecessor-version":[{"id":3708,"href":"https:\/\/websrv.saske.sk\/uef\/wp-json\/wp\/v2\/pages\/783\/revisions\/3708"}],"up":[{"embeddable":true,"href":"https:\/\/websrv.saske.sk\/uef\/wp-json\/wp\/v2\/pages\/571"}],"wp:attachment":[{"href":"https:\/\/websrv.saske.sk\/uef\/wp-json\/wp\/v2\/media?parent=783"}],"curies":[{"name":"wp","href":"https:\/\/api.w.org\/{rel}","templated":true}]}}