{"id":779,"date":"2018-10-03T15:15:24","date_gmt":"2018-10-03T13:15:24","guid":{"rendered":"http:\/\/websrv.saske.sk\/uef\/?page_id=779"},"modified":"2023-01-30T14:39:01","modified_gmt":"2023-01-30T13:39:01","slug":"zameranie","status":"publish","type":"page","link":"https:\/\/websrv.saske.sk\/uef\/oddelenia-a-laboratoria\/laboratorium-materialovej-fyziky\/zameranie\/","title":{"rendered":"Zameranie"},"content":{"rendered":"<p style=\"text-align: justify\">Oddelenie materi\u00e1lovej fyziky (OMF) patr\u00ed k\u00a0popredn\u00fdm pracovisk\u00e1m vo svete v\u00a0oblasti pr\u00edpravy a \u0161t\u00fadia vlastnost\u00ed REBCO mas\u00edvnych monokry\u0161talick\u00fdch supravodi\u010dov (MMS). Spolupracuje v\u00a0tejto oblasti s\u00a0University of Cambridge, SIT Tokyo, SJTU Shanghai a\u00a0v\u00fdrobcom MMS firmou CAN Superconductors s.r.o. a\u00a0s firmou CRYOSOFT s.r.o.<\/p>\n<p style=\"text-align: justify\">V\u00a0oblasti \u0161t\u00fadia \u0161trukt\u00fary mikrodr\u00f4tov pre senzoriku spolupracuje OMF\u00a0 s\u00a0firmou RVmagnetics a.s.<\/p>\n<p style=\"text-align: justify\">OMF rozv\u00edja experiment\u00e1lne metodiky \u0161t\u00fadia \u0161trukt\u00fary, mikro\u0161trukt\u00fary a\u00a0f\u00e1zov\u00fdch transform\u00e1ci\u00ed progres\u00edvnych materi\u00e1lov.<\/p>\n<p style=\"text-align: justify\">Je vybaven\u00e9 unik\u00e1tnymi experiment\u00e1lnymi zariadeniami v\u00a0oblasti RTG difrak\u010dnej anal\u00fdzy (tri difraktometre RIGAKU s mo\u017enos\u0165ou merania pri n\u00edzkych a\u00a0vysok\u00fdch teplot\u00e1ch a\u00a0kontrolovanej atmosf\u00e9re, SAXS anal\u00fdza, mikrofokus, text\u00farna anal\u00fdza) (<a href=\"http:\/\/websrv.saske.sk\/uef\/wp-content\/uploads\/2019\/12\/statutRTG19a.pdf\" target=\"_blank\" rel=\"noopener\">\u0161tat\u00fat k RTG<\/a>), skenovacej elektr\u00f3novej mikroskopie a\u00a0mikroanal\u00fdzy (EDS, WDS, EBSD) a\u00a0zariadeniami pre komplexn\u00fa termick\u00fa anal\u00fdzu materi\u00e1lov (DTA, DSC, TG, hmotnostn\u00e1 spektroskopia).<\/p>\n<p style=\"text-align: justify\">Ak m\u00e1te z\u00e1ujem dozvedie\u0165 sa nie\u010do viac, nev\u00e1hajte a nav\u0161t\u00edvte na\u0161u str\u00e1nku.<\/p>\n<p>&nbsp;<\/p>\n<p><strong>Kontakt:<\/strong><\/p>\n<p>Ing. Pavel Diko, DrSc. ved\u00faci OMF<\/p>\n<p>Oddelenie materi\u00e1lovej fyziky, \u00dastav experiment\u00e1lnej fyziky SAV, v.v.i.,<\/p>\n<p>Watsonova 47, 04001 Ko\u0161ice<\/p>\n<p>Email: dikos@saske.sk<\/p>\n<p>&nbsp;<\/p>\n<p><strong>Pochv\u00e1lime sa!<\/strong> Pozrite si tri najlep\u0161ie publik\u00e1cie n\u00e1\u0161ho oddelenia za rok 2022:<\/p>\n<p>&nbsp;<\/p>\n<p style=\"text-align: justify\">V\u00fdskumn\u00e9 aktivity Oddelenia materi\u00e1lovej fyziky (OMF) s\u00fa zameran\u00e9 na a\u00a0v\u00fdskum v\u00fdvoj progres\u00edvnych materi\u00e1lov. V s\u00fa\u010dasnosti je nosn\u00fdm programom OMF pr\u00edprava a \u0161t\u00fadium s\u00favisu mikro\u0161trukt\u00fary a supravodiv\u00fdch vlastnost\u00ed REBCO (RE = vz\u00e1cna zemina) mas\u00edvnych monokry\u0161talick\u00fdch supravodi\u010dov (MMS).\u00a0 V tejto oblasti z\u00edskalo OMF vedeck\u00e9 v\u00fdsledky oce\u0148ovan\u00e9 doma i v zahrani\u010d\u00ed, nadviazalo \u0161irok\u00fa medzin\u00e1rodn\u00fa spolupr\u00e1cu s popredn\u00fdmi pracoviskami vo svete (SIT Tokyo, Argonne National Laboratory, USA, Oxford University, Cambridge University, IPHT Jena, IFW Dresden, ATI Vienna, ICMAB Barcelona, CRETA CNRS Grenoble, JTU Shanghai, KAERI Daegeon) v r\u00e1mci projektov dvojstrannej a mnohostrannej spolupr\u00e1ce (projekty 5RP a 6RP). \u00a0Z projektov \u0161truktur\u00e1lnych fondov E\u00da vybudovalo OMF infra\u0161trukt\u00faru (unik\u00e1tny syst\u00e9m pre komplexn\u00fa RTG anal\u00fdzu, skenovacia elektr\u00f3nov\u00e1 mikroskopia s\u00a0mikroanal\u00fdzami EDS, WDS, EBSD, termick\u00e1 anal\u00fdza s\u00a0hmotnostnou spektroskopiou)\u00a0 potrebn\u00fa na v\u00fdskum a v\u00fdvoj t\u00fdchto materi\u00e1lov.<\/p>\n<p style=\"text-align: justify\">REBCO MMS s\u00fa materi\u00e1ly vhodn\u00e9 pre praktick\u00e9 aplik\u00e1cie hlavne ako supravodiv\u00e9 permanentn\u00e9 magnety. Medzi ich unik\u00e1tne vlastnosti patr\u00ed, \u017ee v d\u00f4sledku siln\u00e9ho pinningu (kotvenia magnetick\u00fdch silo\u010diar) vedia zachyti\u0165 o r\u00e1d vy\u0161\u0161ie magnetick\u00e9 pole ako najlep\u0161ie permanentn\u00e9 magnety (a\u017e 17 Tesla pri teplote 30 <sup>o<\/sup>K, a\u017e 100 kr\u00e1t vy\u0161\u0161ia hustota energie), stabilne sa vzn\u00e1\u0161aj\u00fa alebo visia v nehomog\u00e9nnom magnetickom poli (vysok\u00e1 levita\u010dn\u00e1 sila) a pohybuj\u00fa sa bez trenia v homog\u00e9nnom magnetickom poli. Aplika\u010dn\u00e9 mo\u017enosti s\u00fa najm\u00e4 pri kon\u0161trukcii v\u00fdkonn\u00fdch elektrick\u00fdch to\u010div\u00fdch strojov, magnetick\u00fdch separ\u00e1torov, levita\u010dn\u00fdch zariaden\u00ed ako s\u00fa lo\u017eisk\u00e1 bez trenia, zotrva\u010dn\u00edkov\u00e9 rezervo\u00e1re energie, levita\u010dn\u00e9 dopravn\u00edky a\u00a0vlaky, ale tie\u017e medic\u00ednske aplik\u00e1cie pri magnetickom transporte lie\u010div resp. separ\u00e1cii buniek a in\u00e9. S\u00fa\u010dasn\u00fd REBCO MMS (supravodiv\u00fd magnet) si idealizovane m\u00f4\u017eeme predstavi\u0165 ako\u00a0 monokry\u0161t\u00e1l REBa<sub>2<\/sub>Cu<sub>3<\/sub>O<sub>7-x<\/sub> supravodivej f\u00e1zy cylindrick\u00e9ho tvaru s priemerom 30 a\u017e 100 mm, v ktorom s\u00fa rozpt\u00fdlen\u00e9 centr\u00e1 uchyt\u00e1vania magnetick\u00fdch toko\u010diar. Tieto centr\u00e1 m\u00f4\u017eu by\u0165 submikr\u00f3nov\u00e9 \u010dastice\u00a0 nesupravodivej RE<sub>2<\/sub>BaCuO<sub>5<\/sub> (211) f\u00e1zy, resp. tzv. chemick\u00e9 piningov\u00e9 centr\u00e1: nanorozmerov\u00e9 oblasti s naru\u0161enou kry\u0161t\u00e1lovou mrie\u017ekou\u00a0 vytvoren\u00e9 substitu\u010dn\u00fdmi at\u00f3mami.<\/p>\n<p style=\"text-align: justify\">S\u00a0oh\u013eadom na optimaliz\u00e1ciu piningu a\u00a0zachyten\u00e9ho magnetick\u00e9ho po\u013ea s\u00fa hodnotn\u00e9 na\u0161e v\u00fdsledky\u00a0 v\u00a0oblasti vytv\u00e1rania chemick\u00fdch piningov\u00fdch centier mikrolegovan\u00edm (Obr. 1), so z\u00e1merom aplikova\u0165 na\u0161e v\u00fdsledky v\u00a0spolupr\u00e1ci s\u00a0v\u00fdrobcom YBCO MMS (CAN Superconductors, s.r.o., Kamenice).<\/p>\n<p>&nbsp;<\/p>\n<p>&nbsp;<\/p>\n<div id=\"attachment_3183\" style=\"width: 559px\" class=\"wp-caption aligncenter\"><img loading=\"lazy\" decoding=\"async\" aria-describedby=\"caption-attachment-3183\" class=\"wp-image-3183 size-full\" src=\"http:\/\/websrv.saske.sk\/uef\/wp-content\/uploads\/2019\/11\/Obr.-1.png\" alt=\"\" width=\"549\" height=\"319\" srcset=\"https:\/\/websrv.saske.sk\/uef\/wp-content\/uploads\/2019\/11\/Obr.-1.png 549w, https:\/\/websrv.saske.sk\/uef\/wp-content\/uploads\/2019\/11\/Obr.-1-300x174.png 300w\" sizes=\"(max-width: 549px) 100vw, 549px\" \/><p id=\"caption-attachment-3183\" class=\"wp-caption-text\">Obr. 1 Hodnoty zachyten\u00e9ho magnetick\u00e9ho po\u013ea pri r\u00f4znych sp\u00f4soboch piningu<\/p><\/div>\n<p>&nbsp;<\/p>\n<p style=\"text-align: justify\">\u010cas\u0165 v\u00fdskumn\u00fdch kapac\u00edt venujeme v\u00fdskumu \u0161trukt\u00fary r\u00fdchlochladen\u00fdch magnetick\u00fdch materi\u00e1lov vo forme p\u00e1sok a\u00a0mikrodr\u00f4tov v\u00a0spolupr\u00e1ci s UPJ\u0160 Ko\u0161ice a s\u00a0malou firmou RVmagnetics, a.s. Ko\u0161ice. Tieto materi\u00e1ly na b\u00e1ze Heuslerov\u00fdch zliatin maj\u00fa v\u00fdznamn\u00e9 magnetick\u00e9 vlastnosti uplatnite\u013en\u00e9 v\u00a0senzorike. Pri ich \u0161t\u00fadiu vyu\u017e\u00edvame RTG difrak\u010dn\u00fa anal\u00fdzu a\u00a0elektr\u00f3nov\u00fa mikroskopiu. Hodnotn\u00e9 s\u00fa najm\u00e4 v\u00fdsledky \u0161t\u00fadia text\u00fary mikrodr\u00f4tov z\u00edskan\u00e9 technikou difrakcie sp\u00e4tne odrazen\u00fdch elektr\u00f3nov &#8211; EBSD (Obr. 2).<\/p>\n<div id=\"attachment_3185\" style=\"width: 613px\" class=\"wp-caption aligncenter\"><img loading=\"lazy\" decoding=\"async\" aria-describedby=\"caption-attachment-3185\" class=\"wp-image-3185 size-full\" src=\"http:\/\/websrv.saske.sk\/uef\/wp-content\/uploads\/2019\/11\/Obr.-2-1.png\" alt=\"\" width=\"603\" height=\"274\" srcset=\"https:\/\/websrv.saske.sk\/uef\/wp-content\/uploads\/2019\/11\/Obr.-2-1.png 603w, https:\/\/websrv.saske.sk\/uef\/wp-content\/uploads\/2019\/11\/Obr.-2-1-300x136.png 300w\" sizes=\"(max-width: 603px) 100vw, 603px\" \/><p id=\"caption-attachment-3185\" class=\"wp-caption-text\">Obr. 2 EBSD anal\u00fdza text\u00fary Ni2FeGa mikrovl\u00e1kna (P. Diko)<\/p><\/div>\n<p>&nbsp;<\/p>\n<p style=\"text-align: justify\">Rozv\u00edjame techniku malouhlov\u00e9ho rozptylu R\u00f6ntgenov\u00fdch l\u00fa\u010dov <u>(<\/u>SAXS) pre \u0161t\u00fadium nanorozmerov\u00fdch \u0161trukt\u00farnych zlo\u017eiek materi\u00e1lov (Obr. 3.).<\/p>\n<div id=\"attachment_3186\" style=\"width: 604px\" class=\"wp-caption aligncenter\"><img loading=\"lazy\" decoding=\"async\" aria-describedby=\"caption-attachment-3186\" class=\"wp-image-3186 size-full\" src=\"http:\/\/websrv.saske.sk\/uef\/wp-content\/uploads\/2019\/11\/Obr.-3.png\" alt=\"\" width=\"594\" height=\"257\" srcset=\"https:\/\/websrv.saske.sk\/uef\/wp-content\/uploads\/2019\/11\/Obr.-3.png 594w, https:\/\/websrv.saske.sk\/uef\/wp-content\/uploads\/2019\/11\/Obr.-3-300x130.png 300w\" sizes=\"(max-width: 594px) 100vw, 594px\" \/><p id=\"caption-attachment-3186\" class=\"wp-caption-text\">Obr. 3. SAXS sign\u00e1l na medzip\u00f3rovitom materi\u00e1ly SBA-15 (J.Bednar\u010d\u00edk)<\/p><\/div>\n","protected":false},"excerpt":{"rendered":"<p>Oddelenie materi\u00e1lovej fyziky (OMF) patr\u00ed k\u00a0popredn\u00fdm pracovisk\u00e1m vo svete v\u00a0oblasti pr\u00edpravy a \u0161t\u00fadia vlastnost\u00ed REBCO mas\u00edvnych monokry\u0161talick\u00fdch supravodi\u010dov (MMS). Spolupracuje v\u00a0tejto oblasti s\u00a0University of Cambridge,&#8230;<\/p>\n","protected":false},"author":4,"featured_media":0,"parent":571,"menu_order":10,"comment_status":"closed","ping_status":"closed","template":"","meta":{"footnotes":""},"_links":{"self":[{"href":"https:\/\/websrv.saske.sk\/uef\/wp-json\/wp\/v2\/pages\/779"}],"collection":[{"href":"https:\/\/websrv.saske.sk\/uef\/wp-json\/wp\/v2\/pages"}],"about":[{"href":"https:\/\/websrv.saske.sk\/uef\/wp-json\/wp\/v2\/types\/page"}],"author":[{"embeddable":true,"href":"https:\/\/websrv.saske.sk\/uef\/wp-json\/wp\/v2\/users\/4"}],"replies":[{"embeddable":true,"href":"https:\/\/websrv.saske.sk\/uef\/wp-json\/wp\/v2\/comments?post=779"}],"version-history":[{"count":16,"href":"https:\/\/websrv.saske.sk\/uef\/wp-json\/wp\/v2\/pages\/779\/revisions"}],"predecessor-version":[{"id":7052,"href":"https:\/\/websrv.saske.sk\/uef\/wp-json\/wp\/v2\/pages\/779\/revisions\/7052"}],"up":[{"embeddable":true,"href":"https:\/\/websrv.saske.sk\/uef\/wp-json\/wp\/v2\/pages\/571"}],"wp:attachment":[{"href":"https:\/\/websrv.saske.sk\/uef\/wp-json\/wp\/v2\/media?parent=779"}],"curies":[{"name":"wp","href":"https:\/\/api.w.org\/{rel}","templated":true}]}}