{"id":775,"date":"2018-10-03T15:14:39","date_gmt":"2018-10-03T13:14:39","guid":{"rendered":"http:\/\/websrv.saske.sk\/uef\/?page_id=775"},"modified":"2018-10-03T16:38:26","modified_gmt":"2018-10-03T14:38:26","slug":"ponuky","status":"publish","type":"page","link":"https:\/\/websrv.saske.sk\/uef\/oddelenia-a-laboratoria\/laboratorium-experimentalnej-chemickej-fyziky\/ponuky\/","title":{"rendered":"Ponuky"},"content":{"rendered":"<ul class=\"zameranie\">\n<li>Expert\u00edza v oblasti anal\u00fdzy ve\u013ekosti \u010dast\u00edc a distrib\u00faci\u00ed ve\u013ekosti \u010dast\u00edc v nano- a mikr\u00f3novej oblasti<\/li>\n<li>Povrchov\u00fd n\u00e1boj a zeta potenci\u00e1l koloidov, ich agrega\u010dn\u00e9 vlastnosti a koloidn\u00e1 stabilita<\/li>\n<li>Stanovenie absol\u00fatnych hodn\u00f4t molekulov\u00fdch hmotnost\u00ed a interak\u010dn\u00fdch parametrov polym\u00e9rov a nano\u010dast\u00edc (bez kalibr\u00e1cie a kalibra\u010dn\u00fdch \u0161tandardov \u2013 m\u00f4\u017ee sl\u00fa\u017ei\u0165 k pr\u00edprave a v\u00fdrobe presn\u00fdch kalibra\u010dn\u00fdch \u0161tandardov) dvoma nez\u00e1visl\u00fdmi met\u00f3dami: rozptylom svetla a osmometriou<\/li>\n<li>Poradenstvo v oblasti syntetick\u00fdch polym\u00e9rov a polym\u00e9rnych nano\u010dast\u00edc<\/li>\n<\/ul>\n","protected":false},"excerpt":{"rendered":"<p>Expert\u00edza v oblasti anal\u00fdzy ve\u013ekosti \u010dast\u00edc a distrib\u00faci\u00ed ve\u013ekosti \u010dast\u00edc v nano- a mikr\u00f3novej oblasti Povrchov\u00fd n\u00e1boj a zeta potenci\u00e1l koloidov, ich agrega\u010dn\u00e9 vlastnosti a&#8230;<\/p>\n","protected":false},"author":4,"featured_media":0,"parent":569,"menu_order":60,"comment_status":"closed","ping_status":"closed","template":"","meta":{"footnotes":""},"_links":{"self":[{"href":"https:\/\/websrv.saske.sk\/uef\/wp-json\/wp\/v2\/pages\/775"}],"collection":[{"href":"https:\/\/websrv.saske.sk\/uef\/wp-json\/wp\/v2\/pages"}],"about":[{"href":"https:\/\/websrv.saske.sk\/uef\/wp-json\/wp\/v2\/types\/page"}],"author":[{"embeddable":true,"href":"https:\/\/websrv.saske.sk\/uef\/wp-json\/wp\/v2\/users\/4"}],"replies":[{"embeddable":true,"href":"https:\/\/websrv.saske.sk\/uef\/wp-json\/wp\/v2\/comments?post=775"}],"version-history":[{"count":2,"href":"https:\/\/websrv.saske.sk\/uef\/wp-json\/wp\/v2\/pages\/775\/revisions"}],"predecessor-version":[{"id":867,"href":"https:\/\/websrv.saske.sk\/uef\/wp-json\/wp\/v2\/pages\/775\/revisions\/867"}],"up":[{"embeddable":true,"href":"https:\/\/websrv.saske.sk\/uef\/wp-json\/wp\/v2\/pages\/569"}],"wp:attachment":[{"href":"https:\/\/websrv.saske.sk\/uef\/wp-json\/wp\/v2\/media?parent=775"}],"curies":[{"name":"wp","href":"https:\/\/api.w.org\/{rel}","templated":true}]}}