{"id":771,"date":"2018-10-03T15:13:53","date_gmt":"2018-10-03T13:13:53","guid":{"rendered":"http:\/\/websrv.saske.sk\/uef\/?page_id=771"},"modified":"2018-10-03T16:38:03","modified_gmt":"2018-10-03T14:38:03","slug":"pristroje","status":"publish","type":"page","link":"https:\/\/websrv.saske.sk\/uef\/oddelenia-a-laboratoria\/laboratorium-experimentalnej-chemickej-fyziky\/pristroje\/","title":{"rendered":"Pr\u00edstroje"},"content":{"rendered":"<p><strong>Laborat\u00f3rium disponuje nasledovn\u00fdmi metodikami <\/strong>(viac v hlavnom menu na hlavnej str\u00e1nke \u00fastavu pod heslom &#8222;Vedeck\u00e1 infra\u0161trukt\u00fara&#8220;):<\/p>\n<ul>\n<li>Statick\u00fd rozptyl laserov\u00e9ho \u017eiarenia. Vlastn\u00e1 kon\u0161trukcia spektrometra s arg\u00f3nov\u00fdm i\u00f3nov\u00fdm laserom (Spectra Physics, USA) a h\u00e9lium-ne\u00f3nov\u00fdm laserom (Melles Griot, USA), detektorom (EMI, Anglicko) a na mieru vytvoren\u00fdm syst\u00e9mom \u010d\u00edtania fot\u00f3nov so softv\u00e9rom pre anal\u00fdzu d\u00e1t. Teplotn\u00e1 regul\u00e1cia s presnos\u0165ou 0.01 C (Lakeshore, USA)<\/li>\n<li>Dynamick\u00fd rozptyl laserov\u00e9ho \u017eiarenia. Ako statick\u00fd rozptyl plus korel\u00e1tor ALV-7004 (ALV, Nemecko).<\/li>\n<li>Elektroforetick\u00fd rozptyl laserov\u00e9ho \u017eiarenia syst\u00e9mom M3 P.A.L.S. (Phase Analysis Light Scattering) (Malvern Instruments, UK)<\/li>\n<li>Prietokov\u00fd fotometer laserov\u00e9ho rozptylu so separ\u00e1ciou syst\u00e9mom AF4 (asymmetric-flow field-flow fractionation), regul\u00e1ciou teploty a\u00a0refraktometrick\u00fdm detektorom (Wyatt, USA)<\/li>\n<li>Optick\u00e1 mikroskopia dynamiky nano\u010dast\u00edc v laserovom l\u00fa\u010di (Nanoparticle Tracking Analysis, NanoSight,UK)<\/li>\n<li>Programovate\u013en\u00e1 preparat\u00edvna a analytick\u00e1 separ\u00e1cia nano\u010dast\u00edc. Centrif\u00faga KR22i s v\u00fdkyvn\u00fdm rotorom SWK100.13 (Jouan, Franc\u00fazsko).<\/li>\n<li>Diferenci\u00e1lna refraktometria pre batch merania inkrementu indexu lomu (WGE, Nemecko) a pre prietokov\u00e9 online meranie ako koncentra\u010dn\u00fd detektor (Shodex, Japonsko).<\/li>\n<li>Osmometria na princ\u00edpe tlaku p\u00e1r (Knauer, Nemecko). Pre n\u00edzkomolekul\u00e1rne l\u00e1tky, oligom\u00e9ry a polym\u00e9ry s n\u00edzkou molekulovou hmotnos\u0165ou.<\/li>\n<li>Membr\u00e1nov\u00e1 osmometria (Knauer, Nemecko). Pre polym\u00e9ry so strednou a vysokou molekulovou hmotnos\u0165ou.<\/li>\n<li>FTIR (Fourier Transform Infra Red) spektrosk\u00f3pia (Thermo Scientific Nicolet 6700, USA, s mo\u017enos\u0165ou merania kvapaln\u00fdch vzoriek pri r\u00f4znych teplot\u00e1ch, ATR plus transmisia).<\/li>\n<li>Fluorescen\u010dn\u00e1 spektrosk\u00f3pia (Shimadzu RF-5301, Japonsko, meranie polariz\u00e1cie, teplotn\u00e1 regul\u00e1cia).<\/li>\n<li>UV Vis absorp\u010dn\u00e1 spektroskopia s integr\u00e1torom rozptylu svetla (Thermo Scientific, USA)<\/li>\n<li>Kapil\u00e1rna viskozimetria (Cannon, USA)<\/li>\n<li>\u0160tandardn\u00e9 zariadenia pre fyzik\u00e1lno-chemick\u00fa pr\u00edpravu a anal\u00fdzu (nanofiltr\u00e1cia, ultrazvukov\u00e1 homogeniz\u00e1cia a dezintegr\u00e1cia, dial\u00fdza, v\u00fdmena i\u00f3nov, lyofiliz\u00e1cia, v\u00e1kuov\u00e9 su\u0161enie, konduktometria, meranie pH, presn\u00e9 v\u00e1\u017eenie, destil\u00e1cia, zdroj super\u010distej vody at\u010f.).<\/li>\n<\/ul>\n","protected":false},"excerpt":{"rendered":"<p>Laborat\u00f3rium disponuje nasledovn\u00fdmi metodikami (viac v hlavnom menu na hlavnej str\u00e1nke \u00fastavu pod heslom &#8222;Vedeck\u00e1 infra\u0161trukt\u00fara&#8220;): Statick\u00fd rozptyl laserov\u00e9ho \u017eiarenia. Vlastn\u00e1 kon\u0161trukcia spektrometra s arg\u00f3nov\u00fdm&#8230;<\/p>\n","protected":false},"author":4,"featured_media":0,"parent":569,"menu_order":40,"comment_status":"closed","ping_status":"closed","template":"","meta":{"footnotes":""},"_links":{"self":[{"href":"https:\/\/websrv.saske.sk\/uef\/wp-json\/wp\/v2\/pages\/771"}],"collection":[{"href":"https:\/\/websrv.saske.sk\/uef\/wp-json\/wp\/v2\/pages"}],"about":[{"href":"https:\/\/websrv.saske.sk\/uef\/wp-json\/wp\/v2\/types\/page"}],"author":[{"embeddable":true,"href":"https:\/\/websrv.saske.sk\/uef\/wp-json\/wp\/v2\/users\/4"}],"replies":[{"embeddable":true,"href":"https:\/\/websrv.saske.sk\/uef\/wp-json\/wp\/v2\/comments?post=771"}],"version-history":[{"count":2,"href":"https:\/\/websrv.saske.sk\/uef\/wp-json\/wp\/v2\/pages\/771\/revisions"}],"predecessor-version":[{"id":866,"href":"https:\/\/websrv.saske.sk\/uef\/wp-json\/wp\/v2\/pages\/771\/revisions\/866"}],"up":[{"embeddable":true,"href":"https:\/\/websrv.saske.sk\/uef\/wp-json\/wp\/v2\/pages\/569"}],"wp:attachment":[{"href":"https:\/\/websrv.saske.sk\/uef\/wp-json\/wp\/v2\/media?parent=771"}],"curies":[{"name":"wp","href":"https:\/\/api.w.org\/{rel}","templated":true}]}}