{"id":769,"date":"2018-10-03T15:13:36","date_gmt":"2018-10-03T13:13:36","guid":{"rendered":"http:\/\/websrv.saske.sk\/uef\/?page_id=769"},"modified":"2021-04-10T22:25:03","modified_gmt":"2021-04-10T20:25:03","slug":"projekty","status":"publish","type":"page","link":"https:\/\/websrv.saske.sk\/uef\/oddelenia-a-laboratoria\/laboratorium-experimentalnej-chemickej-fyziky\/projekty\/","title":{"rendered":"Projekty"},"content":{"rendered":"<ul>\n<li><strong>VEGA (Vedeck\u00e1 grantov\u00e1 agent\u00fara M\u0160 SR a SAV)<\/strong><\/li>\n<\/ul>\n<p>Samousporiadanie polym\u00e9rnych a nepolym\u00e9rnych materi\u00e1lov v kvapalnom stave na mezo\u0161k\u00e1lach, 1\/2020<strong> \u2013 <\/strong>12\/2022, \u010d. grantu 2\/0115\/20<\/p>\n<p>&nbsp;<\/p>\n<ul>\n<li><b>APVV (Agent\u00fara pre podporu v\u00fdskumu a v\u00fdvoja)<\/b><\/li>\n<\/ul>\n<p>Nanosegreg\u00e1cia v m\u00e4kk\u00fdch l\u00e1tkach polym\u00e9rneho a nepolym\u00e9rneho charakteru, 7\/2017-6\/2021, \u010d. grantu 16-0550<\/p>\n<p>&nbsp;<\/p>\n<ul>\n<li><strong>VEGA (Vedeck\u00e1 grantov\u00e1 agent\u00fara M\u0160 SR a SAV)<\/strong><\/li>\n<\/ul>\n<p>Mezo\u0161k\u00e1lov\u00e9 javy a \u0161trukt\u00fary v m\u00e4kk\u00fdch l\u00e1tkach polym\u00e9rneho a nepolym\u00e9rneho charakteru, 1\/2017<strong>\u2013 <\/strong>12\/2019, \u010d. grantu 2\/0177\/17<\/p>\n<p>&nbsp;<\/p>\n<ul>\n<li><b><span lang=\"EN-AU\">\u0160truktur\u00e1lne fondy E\u00da<\/span><\/b><\/li>\n<\/ul>\n<p>Medzin\u00e1rodn\u00e9 virtu\u00e1lne laborat\u00f3rium fyziky progres\u00edvnych materi\u00e1lov \u2013 PhysNet, projekt 26110230097, 9\/2013 \u2013 8\/2015<\/p>\n<p><span lang=\"EN-GB\">V\u00fdskumn\u00e9 centrum progres\u00edvnych materi\u00e1lov a technol\u00f3gi\u00ed pre s\u00fa\u010dasn\u00e9 a bud\u00face aplik\u00e1cie \u201ePROMATECH\u201c, projekt\u00a0 26220220186, 07\/2013-06\/2015<\/span><\/p>\n<p>Budovanie infra\u0161trukt\u00fary <span lang=\"EN-AU\">Centra excelentnosti pre progres\u00edvne materi\u00e1ly s nano- a submikr\u00f3novou \u0161trukt\u00farou, projekt 26220120035, 05\/2010 \u2013 04\/2013<\/span><\/p>\n<p><span lang=\"EN-AU\">Centrum excelentnosti pre progres\u00edvne materi\u00e1ly s nano- a submikr\u00f3novou \u0161trukt\u00farou, projekt 26220120019, 05\/2009 \u2013 04\/2011<\/span><\/p>\n<p><span lang=\"EN-AU\">\u00dastavy SAV v Ko\u0161iciach \u2013 moderniz\u00e1cia infra\u0161trukt\u00fary a vn\u00fatorn\u00e9ho vybavenia u\u010debn\u00ed pre lep\u0161ie podmienky vzdel\u00e1vania, <\/span><span lang=\"EN-GB\">ITMS k\u00f3d projektu: 26250120013, 8\/2009 \u2013 7\/2011 <\/span><\/p>\n<p>&nbsp;<\/p>\n<ul>\n<li><b>Sch\u00e9ma COST (European COoperation in the field of Scientific and Technical Research)<\/b><\/li>\n<\/ul>\n<p><span lang=\"SK\">Akcia COST CM-1101, Koloidn\u00e9 aspekty nanovedy pre inovat\u00edvne procesy a materi\u00e1ly (M. Sedl\u00e1k &#8211; \u010dlen riadiaceho v\u00fdboru za SR) <\/span><\/p>\n<p>&nbsp;<\/p>\n<ul>\n<li><strong>VEGA (Vedeck\u00e1 grantov\u00e1 agent\u00fara M\u0160 SR a SAV)<\/strong><\/li>\n<\/ul>\n<p>Spont\u00e1nne a vyvolan\u00e9 cielen\u00e9 samousporiadanie polym\u00e9rnych a nepolym\u00e9rnych materi\u00e1lov v kvapalnom stave, 1\/2014<strong>\u2013 <\/strong>12\/2016, \u010d. grantu 2\/0182\/14<\/p>\n<p>&nbsp;<\/p>\n<ul>\n<li><b>APVV (Agent\u00fara pre podporu v\u00fdskumu a v\u00fdvoja)<\/b><\/li>\n<\/ul>\n<p><span lang=\"EN-GB\">Progres\u00edvne polym\u00e9rne technol\u00f3gie v biomedic\u00edne: Polym\u00e9rne mikrokapsule pre imunitn\u00fa ochranu transplantovan\u00fdch pankreatick\u00fdch ostrov\u010dekov v lie\u010dbe cukrovky<\/span>\u201d, grant APVV, <span lang=\"EN\">5\/2011 \u2013 10\/2014, (<\/span><span lang=\"EN-GB\">\u010d. grantu 0486-10<\/span><span lang=\"EN\">). <\/span><\/p>\n<p>&nbsp;<\/p>\n<ul>\n<li><strong>VEGA (Vedeck\u00e1 grantov\u00e1 agent\u00fara M\u0160 SR a SAV)<\/strong><\/li>\n<\/ul>\n<p>Samousporiadanie vodorozpustn\u00fdch polym\u00e9rov, <span lang=\"EN\">1\/2010 \u2013 12\/2012, <\/span><span lang=\"EN-GB\">\u010d. grantu 2\/0215\/10<\/span><\/p>\n<p>&nbsp;<\/p>\n<ul>\n<li><b>Sch\u00e9ma COST (European COoperation in the field of Scientific and Technical Research)<\/b><\/li>\n<\/ul>\n<p>Akcia COST D 43, Ch\u00e9mia koloidov a rozhran\u00ed pre nanotechnol\u00f3gie, 10\/2006 \u2013 11\/2011 (M. Sedl\u00e1k &#8211; \u010dlen riadiaceho v\u00fdboru za SR)<\/p>\n<p>&nbsp;<\/p>\n<ul>\n<li><b>APVV (Agent\u00fara pre podporu v\u00fdskumu a v\u00fdvoja)<\/b><\/li>\n<\/ul>\n<p>Vodorozpustn\u00e9 polym\u00e9ry: od fundament\u00e1lnych poznatkov o interakci\u00e1ch, \u0161trukt\u00fare a dynamike v roztoku ku kontrole mechanizmu ich synt\u00e9zy a samo-usporiadania, 5\/2006 \u2013 4\/2009, \u010d. grantu 51-037905. V\u00fdsledky rie\u0161enia n\u00e1jdete <a class=\"bluelink\" href=\"http:\/\/www.saske.sk\/UEF\/LECHF\/projekty.php\">tu<\/a>.<\/p>\n<p>&nbsp;<\/p>\n<ul>\n<li><b>APVV (Agent\u00fara pre podporu v\u00fdskumu a v\u00fdvoja), bilater\u00e1lna spolupr\u00e1ca<\/b><\/li>\n<\/ul>\n<p>Asoci\u00e1cia slab\u00fdch polyani\u00f3nov pomocou vod\u00edkov\u00fdch v\u00e4zieb \u2013 nov\u00ed kandid\u00e1ti na cielen\u00fd transport lie\u010div, projekt s \u00daMCH AV \u010cR v r\u00e1mci \u010cesko-slovenskej medzivl\u00e1dnej vedecko-technickej spolupr\u00e1ce, 1\/2006 \u2013 12\/2007, \u010d. grantu SK-CZ-05506<\/p>\n<p>&nbsp;<\/p>\n<ul>\n<li><b>VEGA (Vedeck\u00e1 grantov\u00e1 agent\u00fara M\u0160 SR a SAV)<\/b><\/li>\n<\/ul>\n<p>Asocia\u010dn\u00e9 vlastnosti i\u00f3nov\u00fdch polym\u00e9rov a n\u00edzkomolekul\u00e1rnych l\u00e1tok a ich potenci\u00e1lne vyu\u017eitie pre inteligentn\u00e9 mikrosyst\u00e9my cielen\u00e9ho transportu lie\u010div, 1\/2006 \u2013 12\/2008, \u010d. grantu 2\/6197\/26<\/p>\n<p>&nbsp;<\/p>\n<ul>\n<li><b>SAV, Program podpory excelentn\u00fdch projektov (osobnost\u00ed) v SAV<\/b><\/li>\n<\/ul>\n<p>I\u00f3nov\u00e9 polym\u00e9ry: chovanie v roztoku a vybran\u00e9 sp\u00f4soby charakteriz\u00e1cie, 6\/2002 \u2013 12\/2006, \u010d. grantu 2\/8001\/22<\/p>\n<p>&nbsp;<\/p>\n<ul>\n<li><b>VEGA (Vedeck\u00e1 grantov\u00e1 agent\u00fara M\u0160 SR a SAV)<\/b><\/li>\n<\/ul>\n<p>I\u00f3nov\u00e9 polym\u00e9ry: chovanie v roztoku a vybran\u00e9 sp\u00f4soby charakteriz\u00e1cie, 1\/2002-12\/2005, \u010d. grantu 2\/2085\/2002<\/p>\n<p>&nbsp;<\/p>\n<ul>\n<li><b>VEGA (Vedeck\u00e1 grantov\u00e1 agent\u00fara M\u0160 SR a SAV)<\/b><\/li>\n<\/ul>\n<p>Submikr\u00f3nov\u00e1 \u0161trukt\u00fara a dynamika roztokov \u010dast\u00edc s elektrostatick\u00fdm n\u00e1bojom, 1\/1999-12\/2001, \u010d. grantu 2\/6100\/99<\/p>\n<p>&nbsp;<\/p>\n<ul>\n<li><b>GAV (Grantov\u00e1 agent\u00fara pre vedu SR)<\/b><\/li>\n<\/ul>\n<p>\u0160t\u00fadium makromolek\u00fal, supramolekul\u00e1rnych \u0161trukt\u00far a koloidov rozptylom laserov\u00e9ho \u017eiarenia, 1\/1995-121998, \u010d. grantu 95\/5305\/688<\/p>\n<ul>\n<li><b>PECO programme of the European Commission<\/b><\/li>\n<\/ul>\n<p>The application of quasielastic light scattering to the study of italian crater lake and adriatic sediments, 1\/1995-12\/1997, \u010d. kontraktu CIPD-CT94-0116<\/p>\n<ul>\n<li><b>SAV, Podpora medzin\u00e1rodnej vedecko-technickej spolupr\u00e1ce<\/b><\/li>\n<\/ul>\n<p>Paleoenvironment\u00e1lna anal\u00fdza sedimentov talianskych kr\u00e1terov\u00fdch jazier, 1995, \u010d. grantu 940016<\/p>\n<ul>\n<li><b>Slovensko-americk\u00fd vedecko-technick\u00fd program<\/b><\/li>\n<\/ul>\n<p>Polyelectrolyte Structure and Dynamics, 1\/1994-12\/1997, \u010d. grantu 92005<\/p>\n<p>&nbsp;<\/p>\n<ul>\n<li><b>National Science Foundation, USA<\/b><\/li>\n<\/ul>\n<p>Polyelectrolyte Structure and Dynamics, projekt bilater\u00e1lnej spolupr\u00e1ce s USC Los Angeles, 1\/1993-12\/1994<\/p>\n<p>&nbsp;<\/p>\n<ul>\n<li><b>GAV (Grantov\u00e1 agent\u00fara pre vedu SR)<\/b><\/li>\n<\/ul>\n<p>\u0160t\u00fadium dynamiky a \u0161trukt\u00fary makromolek\u00fal a supramolekul\u00e1rnych \u0161trukt\u00far fot\u00f3novou korela\u010dnou spektroskopiou, 1\/1992-12\/1995, \u010d. grantu 2\/29\/92<\/p>\n<div class=\"notranslate\"><\/div>\n","protected":false},"excerpt":{"rendered":"<p>VEGA (Vedeck\u00e1 grantov\u00e1 agent\u00fara M\u0160 SR a SAV) Samousporiadanie polym\u00e9rnych a nepolym\u00e9rnych materi\u00e1lov v kvapalnom stave na mezo\u0161k\u00e1lach, 1\/2020 \u2013 12\/2022, \u010d. grantu 2\/0115\/20 &nbsp;&#8230;<\/p>\n","protected":false},"author":4,"featured_media":0,"parent":569,"menu_order":30,"comment_status":"closed","ping_status":"closed","template":"","meta":{"footnotes":""},"_links":{"self":[{"href":"https:\/\/websrv.saske.sk\/uef\/wp-json\/wp\/v2\/pages\/769"}],"collection":[{"href":"https:\/\/websrv.saske.sk\/uef\/wp-json\/wp\/v2\/pages"}],"about":[{"href":"https:\/\/websrv.saske.sk\/uef\/wp-json\/wp\/v2\/types\/page"}],"author":[{"embeddable":true,"href":"https:\/\/websrv.saske.sk\/uef\/wp-json\/wp\/v2\/users\/4"}],"replies":[{"embeddable":true,"href":"https:\/\/websrv.saske.sk\/uef\/wp-json\/wp\/v2\/comments?post=769"}],"version-history":[{"count":6,"href":"https:\/\/websrv.saske.sk\/uef\/wp-json\/wp\/v2\/pages\/769\/revisions"}],"predecessor-version":[{"id":5166,"href":"https:\/\/websrv.saske.sk\/uef\/wp-json\/wp\/v2\/pages\/769\/revisions\/5166"}],"up":[{"embeddable":true,"href":"https:\/\/websrv.saske.sk\/uef\/wp-json\/wp\/v2\/pages\/569"}],"wp:attachment":[{"href":"https:\/\/websrv.saske.sk\/uef\/wp-json\/wp\/v2\/media?parent=769"}],"curies":[{"name":"wp","href":"https:\/\/api.w.org\/{rel}","templated":true}]}}