{"id":767,"date":"2018-10-03T15:13:15","date_gmt":"2018-10-03T13:13:15","guid":{"rendered":"http:\/\/websrv.saske.sk\/uef\/?page_id=767"},"modified":"2019-09-23T18:05:04","modified_gmt":"2019-09-23T16:05:04","slug":"ludia","status":"publish","type":"page","link":"https:\/\/websrv.saske.sk\/uef\/oddelenia-a-laboratoria\/laboratorium-experimentalnej-chemickej-fyziky\/ludia\/","title":{"rendered":"\u013dudia"},"content":{"rendered":"<p class=\"name\">RNDr. Mari\u00e1n Sedl\u00e1k, DrSc.<\/p>\n<p>ved\u00faci laborat\u00f3ria<\/p>\n<p><img loading=\"lazy\" decoding=\"async\" class=\"alignnone size-medium wp-image-2889\" src=\"http:\/\/websrv.saske.sk\/uef\/wp-content\/uploads\/2019\/09\/ms-foto-204x300.jpg\" alt=\"\" width=\"204\" height=\"300\" srcset=\"https:\/\/websrv.saske.sk\/uef\/wp-content\/uploads\/2019\/09\/ms-foto-204x300.jpg 204w, https:\/\/websrv.saske.sk\/uef\/wp-content\/uploads\/2019\/09\/ms-foto.jpg 587w\" sizes=\"(max-width: 204px) 100vw, 204px\" \/><\/p>\n<hr \/>\n<p>Mgr. Dmytro Rak, PhD.<\/p>\n<p>Mgr. Michaela Ovadov\u00e1<\/p>\n","protected":false},"excerpt":{"rendered":"<p>RNDr. Mari\u00e1n Sedl\u00e1k, DrSc. ved\u00faci laborat\u00f3ria Mgr. Dmytro Rak, PhD. Mgr. Michaela Ovadov\u00e1<\/p>\n","protected":false},"author":4,"featured_media":0,"parent":569,"menu_order":20,"comment_status":"closed","ping_status":"closed","template":"","meta":{"footnotes":""},"_links":{"self":[{"href":"https:\/\/websrv.saske.sk\/uef\/wp-json\/wp\/v2\/pages\/767"}],"collection":[{"href":"https:\/\/websrv.saske.sk\/uef\/wp-json\/wp\/v2\/pages"}],"about":[{"href":"https:\/\/websrv.saske.sk\/uef\/wp-json\/wp\/v2\/types\/page"}],"author":[{"embeddable":true,"href":"https:\/\/websrv.saske.sk\/uef\/wp-json\/wp\/v2\/users\/4"}],"replies":[{"embeddable":true,"href":"https:\/\/websrv.saske.sk\/uef\/wp-json\/wp\/v2\/comments?post=767"}],"version-history":[{"count":9,"href":"https:\/\/websrv.saske.sk\/uef\/wp-json\/wp\/v2\/pages\/767\/revisions"}],"predecessor-version":[{"id":2892,"href":"https:\/\/websrv.saske.sk\/uef\/wp-json\/wp\/v2\/pages\/767\/revisions\/2892"}],"up":[{"embeddable":true,"href":"https:\/\/websrv.saske.sk\/uef\/wp-json\/wp\/v2\/pages\/569"}],"wp:attachment":[{"href":"https:\/\/websrv.saske.sk\/uef\/wp-json\/wp\/v2\/media?parent=767"}],"curies":[{"name":"wp","href":"https:\/\/api.w.org\/{rel}","templated":true}]}}