{"id":765,"date":"2018-10-03T15:13:01","date_gmt":"2018-10-03T13:13:01","guid":{"rendered":"http:\/\/websrv.saske.sk\/uef\/?page_id=765"},"modified":"2018-10-03T16:35:12","modified_gmt":"2018-10-03T14:35:12","slug":"zameranie","status":"publish","type":"page","link":"https:\/\/websrv.saske.sk\/uef\/oddelenia-a-laboratoria\/laboratorium-experimentalnej-chemickej-fyziky\/zameranie\/","title":{"rendered":"Zameranie"},"content":{"rendered":"<p><strong>Laborat\u00f3rium experiment\u00e1lnej chemickej fyziky je zameran\u00e9 na v\u00fdskum v nasledovn\u00fdch oblastiach:<\/strong><\/p>\n<ul>\n<li>Vodorozpustn\u00e9 polym\u00e9ry, polyelektrolyty (i\u00f3nov\u00e9 polym\u00e9ry)<\/li>\n<li>Vlastnosti polym\u00e9rov v roztoku, interakcie, \u0161trukt\u00fara, dynamika<\/li>\n<li>Samousporiadanie polym\u00e9rov, asoci\u00e1cia, agreg\u00e1cia<\/li>\n<li>Polym\u00e9rne nano\u010dastice a nanokomplexy<\/li>\n<li>Roztoky n\u00edzkomolekul\u00e1rnych l\u00e1tok, asoci\u00e1cia, segreg\u00e1cia, f\u00e1zov\u00e9 prechody, interakcie<\/li>\n<li>Komplexn\u00e9 syst\u00e9my v kvapalnom stave<\/li>\n<li>Metodika laserov\u00e9ho rozptylu (statick\u00fd, dynamick\u00fd a elektroforetick\u00fd)<\/li>\n<li>Meranie ve\u013ekosti \u010dast\u00edc v nano a submikr\u00f3novej oblasti<\/li>\n<\/ul>\n","protected":false},"excerpt":{"rendered":"<p>Laborat\u00f3rium experiment\u00e1lnej chemickej fyziky je zameran\u00e9 na v\u00fdskum v nasledovn\u00fdch oblastiach: Vodorozpustn\u00e9 polym\u00e9ry, polyelektrolyty (i\u00f3nov\u00e9 polym\u00e9ry) Vlastnosti polym\u00e9rov v roztoku, interakcie, \u0161trukt\u00fara, dynamika Samousporiadanie polym\u00e9rov,&#8230;<\/p>\n","protected":false},"author":4,"featured_media":0,"parent":569,"menu_order":10,"comment_status":"closed","ping_status":"closed","template":"","meta":{"footnotes":""},"_links":{"self":[{"href":"https:\/\/websrv.saske.sk\/uef\/wp-json\/wp\/v2\/pages\/765"}],"collection":[{"href":"https:\/\/websrv.saske.sk\/uef\/wp-json\/wp\/v2\/pages"}],"about":[{"href":"https:\/\/websrv.saske.sk\/uef\/wp-json\/wp\/v2\/types\/page"}],"author":[{"embeddable":true,"href":"https:\/\/websrv.saske.sk\/uef\/wp-json\/wp\/v2\/users\/4"}],"replies":[{"embeddable":true,"href":"https:\/\/websrv.saske.sk\/uef\/wp-json\/wp\/v2\/comments?post=765"}],"version-history":[{"count":2,"href":"https:\/\/websrv.saske.sk\/uef\/wp-json\/wp\/v2\/pages\/765\/revisions"}],"predecessor-version":[{"id":862,"href":"https:\/\/websrv.saske.sk\/uef\/wp-json\/wp\/v2\/pages\/765\/revisions\/862"}],"up":[{"embeddable":true,"href":"https:\/\/websrv.saske.sk\/uef\/wp-json\/wp\/v2\/pages\/569"}],"wp:attachment":[{"href":"https:\/\/websrv.saske.sk\/uef\/wp-json\/wp\/v2\/media?parent=765"}],"curies":[{"name":"wp","href":"https:\/\/api.w.org\/{rel}","templated":true}]}}