{"id":727,"date":"2018-10-03T13:55:35","date_gmt":"2018-10-03T11:55:35","guid":{"rendered":"http:\/\/websrv.saske.sk\/uef\/?page_id=727"},"modified":"2025-06-18T10:49:02","modified_gmt":"2025-06-18T08:49:02","slug":"urychlovac-lhc","status":"publish","type":"page","link":"https:\/\/websrv.saske.sk\/uef\/oddelenia-a-laboratoria\/oddelenie-subjadrovej-fyziky\/urychlovac-lhc\/","title":{"rendered":"Ur\u00fdch\u013eova\u010d LHC"},"content":{"rendered":"<p><a href=\"https:\/\/home.cern\/science\/accelerators\/large-hadron-collider\">LHC (.klik)<\/a><\/p>\n<p>Ve\u013ek\u00fd hadr\u00f3nov\u00fd ur\u00fdch\u013eova\u010d (LHC) je najv\u00e4\u010d\u0161\u00ed a najv\u00fdkonnej\u0161\u00ed ur\u00fdch\u013eova\u010d \u010dast\u00edc na svete. Bol spusten\u00fd 10. septembra 2008. LHC pozost\u00e1va z 27-kilometrov\u00e9ho prstenca supravodiv\u00fdch magnetov . Ur\u00fdch\u013eova\u010d sa nach\u00e1dza v tuneli 100 metrov pod zemou v CERN-e, Eur\u00f3pskej organiz\u00e1cii pre jadrov\u00fd v\u00fdskum, na franc\u00fazsko-\u0161vaj\u010diarskych hraniciach ne\u010faleko \u017denevy vo \u0160vaj\u010diarsku.<\/p>\n<p><img decoding=\"async\" src=\"http:\/\/websrv.saske.sk\/uef\/wp-content\/uploads\/2025\/06\/LHCCERN.jpg\" \/><\/p>\n","protected":false},"excerpt":{"rendered":"<p>LHC (.klik) Ve\u013ek\u00fd hadr\u00f3nov\u00fd ur\u00fdch\u013eova\u010d (LHC) je najv\u00e4\u010d\u0161\u00ed a najv\u00fdkonnej\u0161\u00ed ur\u00fdch\u013eova\u010d \u010dast\u00edc na svete. Bol spusten\u00fd 10. septembra 2008. LHC pozost\u00e1va z 27-kilometrov\u00e9ho prstenca supravodiv\u00fdch&#8230;<\/p>\n","protected":false},"author":4,"featured_media":0,"parent":565,"menu_order":40,"comment_status":"closed","ping_status":"closed","template":"","meta":{"footnotes":""},"_links":{"self":[{"href":"https:\/\/websrv.saske.sk\/uef\/wp-json\/wp\/v2\/pages\/727"}],"collection":[{"href":"https:\/\/websrv.saske.sk\/uef\/wp-json\/wp\/v2\/pages"}],"about":[{"href":"https:\/\/websrv.saske.sk\/uef\/wp-json\/wp\/v2\/types\/page"}],"author":[{"embeddable":true,"href":"https:\/\/websrv.saske.sk\/uef\/wp-json\/wp\/v2\/users\/4"}],"replies":[{"embeddable":true,"href":"https:\/\/websrv.saske.sk\/uef\/wp-json\/wp\/v2\/comments?post=727"}],"version-history":[{"count":13,"href":"https:\/\/websrv.saske.sk\/uef\/wp-json\/wp\/v2\/pages\/727\/revisions"}],"predecessor-version":[{"id":9233,"href":"https:\/\/websrv.saske.sk\/uef\/wp-json\/wp\/v2\/pages\/727\/revisions\/9233"}],"up":[{"embeddable":true,"href":"https:\/\/websrv.saske.sk\/uef\/wp-json\/wp\/v2\/pages\/565"}],"wp:attachment":[{"href":"https:\/\/websrv.saske.sk\/uef\/wp-json\/wp\/v2\/media?parent=727"}],"curies":[{"name":"wp","href":"https:\/\/api.w.org\/{rel}","templated":true}]}}