{"id":725,"date":"2018-10-03T13:55:06","date_gmt":"2018-10-03T11:55:06","guid":{"rendered":"http:\/\/websrv.saske.sk\/uef\/?page_id=725"},"modified":"2025-06-17T09:18:03","modified_gmt":"2025-06-17T07:18:03","slug":"ludia","status":"publish","type":"page","link":"https:\/\/websrv.saske.sk\/uef\/oddelenia-a-laboratoria\/oddelenie-subjadrovej-fyziky\/ludia\/","title":{"rendered":"\u013dudia"},"content":{"rendered":"<p>&nbsp;<\/p>\n<table style=\"height: 348px;\" border=\"0\" width=\"357\" align=\"center\">\n<tbody>\n<tr align=\"left\">\n<th><strong><u>Ved\u00faci oddelenia<\/u>:<\/strong><\/th>\n<th><a href=\"http:\/\/www.sav.sk\/index.php?lang=sk&amp;charset=&amp;doc=org-user&amp;user_no=4003\">RNDr. Ivan Kr\u00e1lik, CSc.<\/a><\/th>\n<\/tr>\n<tr align=\"left\">\n<th><\/th>\n<th><\/th>\n<\/tr>\n<tr align=\"left\">\n<th><\/th>\n<th><\/th>\n<\/tr>\n<tr align=\"left\">\n<th><\/th>\n<th><a href=\"http:\/\/www.sav.sk\/index.php?lang=sk&amp;charset=&amp;doc=org-user&amp;user_no=3997\">Ing. Ingrid Ku\u013ekov\u00e1<\/a><\/th>\n<\/tr>\n<tr align=\"left\">\n<th><\/th>\n<th><a href=\"https:\/\/www.sav.sk\/?lang=sk&amp;doc=user-org-user&amp;user_no=14489\">RNDr. Olena Mezhenska PhD<\/a><\/th>\n<\/tr>\n<tr align=\"left\">\n<th><\/th>\n<th><a href=\"http:\/\/www.sav.sk\/index.php?lang=sk&amp;charset=&amp;doc=org-user&amp;user_no=6268\">Ing. Miloslav Straka<\/a><\/th>\n<\/tr>\n<tr align=\"left\">\n<th><\/th>\n<th><a href=\"http:\/\/www.sav.sk\/index.php?lang=sk&amp;charset=&amp;doc=org-user&amp;user_no=4011\">RNDr. Pavol Str\u00ed\u017eenec, CSc.<\/a><\/th>\n<\/tr>\n<tr align=\"left\">\n<th><\/th>\n<th><a href=\"http:\/\/www.sav.sk\/index.php?lang=sk&amp;charset=&amp;doc=user-org-user&amp;user_no=9153\">Doc. RNDr. Jozef Urb\u00e1n, CSc<\/a>.<\/th>\n<\/tr>\n<tr align=\"left\">\n<th><\/th>\n<th><a href=\"http:\/\/www.sav.sk\/index.php?lang=sk&amp;charset=&amp;doc=user-org-user&amp;user_no=10530\">Mgr. Filom\u00e9na Sopkov\u00e1<\/a><\/th>\n<\/tr>\n<tr align=\"left\">\n<th><\/th>\n<th><a href=\"http:\/\/www.sav.sk\/index.php?lang=sk&amp;charset=&amp;doc=org-user&amp;user_no=7001\">RNDr. Peter Kali\u0148\u00e1k, PhD.<\/a><\/th>\n<\/tr>\n<tr align=\"left\">\n<th><\/th>\n<th><a href=\"http:\/\/www.sav.sk\/index.php?lang=sk&amp;charset=&amp;doc=user-org-user&amp;user_no=9026\">Mgr. J\u00e1n Mu\u0161insk\u00fd, PhD.<\/a><\/th>\n<th><\/th>\n<\/tr>\n<tr align=\"left\">\n<th><\/th>\n<th><\/th>\n<\/tr>\n<\/tbody>\n<\/table>\n","protected":false},"excerpt":{"rendered":"<p>&nbsp; Ved\u00faci oddelenia: RNDr. Ivan Kr\u00e1lik, CSc. Ing. Ingrid Ku\u013ekov\u00e1 RNDr. Olena Mezhenska PhD Ing. Miloslav Straka RNDr. Pavol Str\u00ed\u017eenec, CSc. Doc. RNDr. Jozef Urb\u00e1n,&#8230;<\/p>\n","protected":false},"author":4,"featured_media":0,"parent":565,"menu_order":30,"comment_status":"closed","ping_status":"closed","template":"","meta":{"footnotes":""},"_links":{"self":[{"href":"https:\/\/websrv.saske.sk\/uef\/wp-json\/wp\/v2\/pages\/725"}],"collection":[{"href":"https:\/\/websrv.saske.sk\/uef\/wp-json\/wp\/v2\/pages"}],"about":[{"href":"https:\/\/websrv.saske.sk\/uef\/wp-json\/wp\/v2\/types\/page"}],"author":[{"embeddable":true,"href":"https:\/\/websrv.saske.sk\/uef\/wp-json\/wp\/v2\/users\/4"}],"replies":[{"embeddable":true,"href":"https:\/\/websrv.saske.sk\/uef\/wp-json\/wp\/v2\/comments?post=725"}],"version-history":[{"count":7,"href":"https:\/\/websrv.saske.sk\/uef\/wp-json\/wp\/v2\/pages\/725\/revisions"}],"predecessor-version":[{"id":9201,"href":"https:\/\/websrv.saske.sk\/uef\/wp-json\/wp\/v2\/pages\/725\/revisions\/9201"}],"up":[{"embeddable":true,"href":"https:\/\/websrv.saske.sk\/uef\/wp-json\/wp\/v2\/pages\/565"}],"wp:attachment":[{"href":"https:\/\/websrv.saske.sk\/uef\/wp-json\/wp\/v2\/media?parent=725"}],"curies":[{"name":"wp","href":"https:\/\/api.w.org\/{rel}","templated":true}]}}