{"id":7116,"date":"2023-02-09T10:23:03","date_gmt":"2023-02-09T09:23:03","guid":{"rendered":"https:\/\/websrv.saske.sk\/uef\/?page_id=7116"},"modified":"2023-02-09T10:24:24","modified_gmt":"2023-02-09T09:24:24","slug":"vyhlasenie-o-pristupnosti","status":"publish","type":"page","link":"https:\/\/websrv.saske.sk\/uef\/o-nas\/dokumenty-ustavu\/vyhlasenie-o-pristupnosti\/","title":{"rendered":"Vyhl\u00e1senie o pr\u00edstupnosti"},"content":{"rendered":"<p>\u00dastav experiment\u00e1lnej fyziky SAV, v.v.i. m\u00e1 z\u00e1ujem zabezpe\u010di\u0165 pr\u00edstupnos\u0165 svojich webov\u00fdch s\u00eddel v s\u00falade so z\u00e1konom \u010d. 95\/2019 Z. z. o informa\u010dn\u00fdch technol\u00f3gi\u00e1ch vo verejnej spr\u00e1ve a pr\u00edslu\u0161n\u00fdmi vykon\u00e1vac\u00edmi predpismi v rozsahu podmienok pod\u013ea smernice (E\u00da) 2016\/2102.<\/p>\n<p>Toto vyhl\u00e1senie o pr\u00edstupnosti sa vz\u0165ahuje na webov\u00e9 s\u00eddlo <a href=\"https:\/\/websrv.saske.sk\/uef\/\">uef.saske.sk.<\/a><\/p>\n<h2>Stav s\u00faladu<\/h2>\n<p>Toto <a href=\"https:\/\/websrv.saske.sk\/uef\/\">webov\u00e9 s\u00eddlo<\/a> nie je v s\u00falade so z\u00e1konom \u010d. 95\/2019 Z. z. o informa\u010dn\u00fdch technol\u00f3gi\u00e1ch vo verejnej spr\u00e1ve a pr\u00edslu\u0161n\u00fdmi vykon\u00e1vac\u00edmi predpismi v rozsahu podmienok pod\u013ea smernice (E\u00da) 2016\/2102. Prvky nes\u00faladu s\u00fa uveden\u00e9 ni\u017e\u0161ie.<\/p>\n<h4 dir=\"ltr\">Nepr\u00edstupn\u00fd obsah<\/h4>\n<p dir=\"ltr\">Obsah uveden\u00fd ni\u017e\u0161ie nie je pr\u00edstupn\u00fd z\u00a0t\u00fdchto d\u00f4vodov:<\/p>\n<ol dir=\"ltr\">\n<li>Nes\u00falad so smernicou (E\u00da) 2016\/2102 o\u00a0pr\u00edstupnosti webov\u00fdch s\u00eddel a\u00a0mobiln\u00fdch aplik\u00e1ci\u00ed subjektov verejn\u00e9ho sektora:\n<ul dir=\"ltr\">\n<li>Pre niektor\u00e9 hypertextov\u00e9 odkazy sa farba pou\u017e\u00edva ako jedin\u00fd rozli\u0161ovac\u00ed prostriedok od\u00a0be\u017en\u00e9ho textu. [Krit\u00e9rium \u00faspe\u0161nosti 1.4.1 Pou\u017eitie farieb]<\/li>\n<li>Zameranie niektor\u00fdch naviga\u010dn\u00fdch prvkov nem\u00e1 dostato\u010dn\u00fd kontrast. [Krit\u00e9rium \u00faspe\u0161nosti 1.4.3 Kontrast (minim\u00e1lny)]<\/li>\n<li>Niektor\u00e9 PDF dokumenty s\u00fa naskenovan\u00e9 bez pou\u017eitia OCR vrstvy. [Krit\u00e9rium \u00faspe\u0161nosti 1.4.5 Text vo forme obr\u00e1zkov]<\/li>\n<li>Niektor\u00e9 netextov\u00e9 prvky nemaj\u00fa dostato\u010dn\u00fd kontrast. [Krit\u00e9rium \u00faspe\u0161nosti 1.4.11 Kontrast netextov\u00fdch prvkov]<\/li>\n<li>Niektor\u00e9 polo\u017eky v\u00a0hlavnom menu nie s\u00fa zamerate\u013en\u00e9 pomocou kl\u00e1vesnice. [Krit\u00e9rium \u00faspe\u0161nosti 2.1.1 Kl\u00e1vesnica]<\/li>\n<li>Na\u00a0podstr\u00e1nkach nefunguje mechanizmus na\u00a0presko\u010denie opakuj\u00facich sa \u010dast\u00ed obsahu. [Krit\u00e9rium \u00faspe\u0161nosti 2.4.1 Presko\u010denie blokov]<\/li>\n<li>Na\u00a0str\u00e1nke sa vyskytuj\u00fa syntakticky nespr\u00e1vne vnorenia prvkov. [Krit\u00e9rium \u00faspe\u0161nosti 4.1.1 Syntaktick\u00e1 anal\u00fdza]<\/li>\n<li>Na niektor\u00fdch str\u00e1nkach nie je pou\u017e\u00edvate\u013e, ktor\u00fd pou\u017e\u00edva \u010d\u00edta\u010dku obrazovky, informovan\u00fd o otvorenej a zatvorenej polo\u017eke. [Krit\u00e9rium \u00faspe\u0161nosti 4.1.2 N\u00e1zov, funkcia, hodnota]<\/li>\n<li>Niektor\u00e9 tla\u010didl\u00e1 nemj\u00fa definovan\u00fd n\u00e1zov, nevidiaci pou\u017e\u00edvate\u013e preto nevie pomocou \u010d\u00edta\u010da obrazovky identifikova\u0165, ak\u00fa m\u00e1 toto tla\u010didlo funkciu [Krit\u00e9rium \u00faspe\u0161nosti 3.3.2 Menovky alebo pokyny]<\/li>\n<li>Niektor\u00e9 str\u00e1nky obsahuj\u00fa prvky, ktor\u00e9 nesp\u013a\u0148aj\u00fa po\u017eiadavky na spr\u00e1vnu syntax zna\u010dkovacieho jazyka (nespr\u00e1vne vnorenie tagov, duplicitn\u00e9 ID \u010di nespr\u00e1vne uzatvorenie tagov) [Krit\u00e9rium \u00faspe\u0161nosti 4.1.1 Syntaktick\u00e1 anal\u00fdza]<\/li>\n<li>Pou\u017e\u00edvate\u013e nie je pomocou \u010d\u00edta\u010da obrazovky informovan\u00fd o tom, \u017ee polo\u017eky v menu obsahuj\u00fa vnoren\u00e9 podpolo\u017eky. [Krit\u00e9rium \u00faspe\u0161nosti 4.1.2 N\u00e1zov, funkcia, hodnota]<\/li>\n<li><\/li>\n<\/ul>\n<\/li>\n<li>Nes\u00falad so slovensk\u00fdmi v\u0161eobecne z\u00e1v\u00e4zn\u00fdmi pr\u00e1vnymi predpismi, upravuj\u00facimi \u0161tandardy t\u00fdkaj\u00face sa pr\u00edstupnosti webov\u00fdch s\u00eddel a\u00a0mobiln\u00fdch aplik\u00e1cii:\n<ul dir=\"ltr\">\n<li>Niektor\u00e9 odkazy nie s\u00fa doplnen\u00e9 o inform\u00e1ciu o form\u00e1te a ve\u013ekosti s\u00faboru. Pou\u017e\u00edvate\u013e nie je informovan\u00fd, \u017ee hypertextov\u00fd odkaz vedie na s\u00fabor in\u00e9ho form\u00e1tu (napr. DOCX, XLS, PDF, at\u010f.).<\/li>\n<li>V r\u00e1mci css \u0161t\u00fdlov sa vyskytuje px pri zad\u00e1van\u00ed ve\u013ekosti p\u00edsma. [Pravidlo bodu 2.2 pr\u00edlohy \u010d. 1 k v\u00fdnosu o \u0161tandardoch]<\/li>\n<\/ul>\n<\/li>\n<\/ol>\n<h2>Vypracovanie vyhl\u00e1senia o nepr\u00edstupnosti<\/h2>\n<p>Toto vyhl\u00e1senie bolo vypracovan\u00e9 8.2.2023.<\/p>\n<p>Vyhodnotenie s\u00faladu webov\u00e9ho s\u00eddla s po\u017eiadavkami z\u00e1kona \u010d. 95\/2019 Z. z. o informa\u010dn\u00fdch technol\u00f3gi\u00e1ch vo verejnej spr\u00e1ve a pr\u00edslu\u0161n\u00fdmi vykon\u00e1vac\u00edmi predpismi v rozsahu podmienok pod\u013ea smernice (E\u00da) 2016\/2102 bolo vykonan\u00e9 samohodnoten\u00edm.<\/p>\n<h2>Sp\u00e4tn\u00e1 v\u00e4zba a kontaktn\u00e9 inform\u00e1cie<\/h2>\n<p>V pr\u00edpade ot\u00e1zok, pozn\u00e1mok, n\u00e1vrhov na zlep\u0161enie alebo s\u0165a\u017enost\u00ed n\u00e1s, pros\u00edm, kontaktujte\u00a0 na adrese <a href=\"mailto:webmaster@saske.sk\">webmaster<span id=\"wpmt-343766-799516\">@saske.sk<\/span><\/a>. Spr\u00e1vcom webov\u00e9ho s\u00eddla a jeho prev\u00e1dzkovate\u013eom je \u00daEF SAV, v.v.i..<\/p>\n<h2><strong>Vynucovacie konanie<\/strong><\/h2>\n<p>V pr\u00edpade neuspokojiv\u00fdch odpoved\u00ed na podnety alebo \u017eiadosti zaslan\u00e9 v r\u00e1mci sp\u00e4tnej v\u00e4zby subjektu verejn\u00e9ho sektora v s\u00falade s \u010dl. 7 ods. 1 p\u00edsm. b) smernice Eur\u00f3pskeho parlamentu sa m\u00f4\u017eete obr\u00e1ti\u0165 v r\u00e1mci vynucovacieho konania na subjekt poveren\u00fd presadzovan\u00edm Smernice, ktor\u00fdm je \u00a0Ministerstvo invest\u00edci\u00ed, region\u00e1lneho rozvoja a\u00a0informatiz\u00e1cie SR na e-mailovej adrese:\u00a0<a href=\"mailto:standard@vicepremier.gov.sk\"><span id=\"wpmt-505914-290649\">standard@vicepremier.gov.sk<\/span><\/a><\/p>\n<p>&nbsp;<\/p>\n","protected":false},"excerpt":{"rendered":"<p>\u00dastav experiment\u00e1lnej fyziky SAV, v.v.i. m\u00e1 z\u00e1ujem zabezpe\u010di\u0165 pr\u00edstupnos\u0165 svojich webov\u00fdch s\u00eddel v s\u00falade so z\u00e1konom \u010d. 95\/2019 Z. z. o informa\u010dn\u00fdch technol\u00f3gi\u00e1ch vo verejnej&#8230;<\/p>\n","protected":false},"author":1,"featured_media":0,"parent":180,"menu_order":0,"comment_status":"closed","ping_status":"closed","template":"","meta":{"footnotes":""},"_links":{"self":[{"href":"https:\/\/websrv.saske.sk\/uef\/wp-json\/wp\/v2\/pages\/7116"}],"collection":[{"href":"https:\/\/websrv.saske.sk\/uef\/wp-json\/wp\/v2\/pages"}],"about":[{"href":"https:\/\/websrv.saske.sk\/uef\/wp-json\/wp\/v2\/types\/page"}],"author":[{"embeddable":true,"href":"https:\/\/websrv.saske.sk\/uef\/wp-json\/wp\/v2\/users\/1"}],"replies":[{"embeddable":true,"href":"https:\/\/websrv.saske.sk\/uef\/wp-json\/wp\/v2\/comments?post=7116"}],"version-history":[{"count":6,"href":"https:\/\/websrv.saske.sk\/uef\/wp-json\/wp\/v2\/pages\/7116\/revisions"}],"predecessor-version":[{"id":7123,"href":"https:\/\/websrv.saske.sk\/uef\/wp-json\/wp\/v2\/pages\/7116\/revisions\/7123"}],"up":[{"embeddable":true,"href":"https:\/\/websrv.saske.sk\/uef\/wp-json\/wp\/v2\/pages\/180"}],"wp:attachment":[{"href":"https:\/\/websrv.saske.sk\/uef\/wp-json\/wp\/v2\/media?parent=7116"}],"curies":[{"name":"wp","href":"https:\/\/api.w.org\/{rel}","templated":true}]}}