{"id":6203,"date":"2022-03-30T09:42:18","date_gmt":"2022-03-30T07:42:18","guid":{"rendered":"https:\/\/websrv.saske.sk\/uef\/?page_id=6203"},"modified":"2022-03-30T10:10:56","modified_gmt":"2022-03-30T08:10:56","slug":"vnutorne-predpisy-uef-sav-v-v-i","status":"publish","type":"page","link":"https:\/\/websrv.saske.sk\/uef\/o-nas\/vnutorne-predpisy-uef-sav-v-v-i\/","title":{"rendered":"Vn\u00fatorn\u00e9 predpisy \u00daEF SAV, v.v.i."},"content":{"rendered":"<div class=\"post-content\">\n<p>Organiza\u010dn\u00fd poriadok \u00daEF SAV, v.v.i.\u00a0<a href=\"http:\/\/websrv.saske.sk\/uef\/wp-content\/uploads\/2022\/03\/Organizacny-poriadok-UEF-SAV-v.v.i..pdf\"> (.pdf)<\/a><\/p>\n<p>Pracovn\u00fd poriadok \u00daEF SAV, v.v.i. <a href=\"http:\/\/websrv.saske.sk\/uef\/wp-content\/uploads\/2022\/03\/Pracovny-poriadok-UEF-SAV-v.v.i..pdf\">(.pdf)<\/a><\/p>\n<p>Pravidl\u00e1 tvorby rozpo\u010dtu \u00daEF SAV, v.v.i.\u00a0 <a href=\"http:\/\/websrv.saske.sk\/uef\/wp-content\/uploads\/2022\/03\/Pravidla-tvorby-rozpoctu-UEF-SAV-v.v.i..pdf\">(.pdf)<\/a><\/p>\n<p>Pravidl\u00e1 hodnotenia v\u00fdskumn\u00fdch pracovn\u00edkov \u00daEF SAV, v.v.i. <a href=\"http:\/\/websrv.saske.sk\/uef\/wp-content\/uploads\/2022\/03\/Pravidla-hodnotenia-vyskumnych-pracovnikov-UEF-SAV-v.v.i..pdf\">(.pdf)<\/a><\/p>\n<p>Volebn\u00fd a nomina\u010dn\u00fd\u00a0 poriadok na \u010dlena SR \u00daEF SAV, v.v.i. <a href=\"http:\/\/websrv.saske.sk\/uef\/wp-content\/uploads\/2022\/03\/Volebny-a-nominacny-poriadok-na-clena-SR-UEF-SAV-v.v.i..pdf\">(.pdf)<\/a><\/p>\n<p>Volebn\u00fd a nomina\u010dn\u00fd\u00a0 poriadok na \u010dlena VR \u00daEF SAV, v.v.i. <a href=\"http:\/\/websrv.saske.sk\/uef\/wp-content\/uploads\/2022\/03\/Volebny-a-nominacny-poriadok-na-clena-VR-UEF-SAV-v.v.i..pdf\">(.pdf)<\/a><\/p>\n<\/div>\n","protected":false},"excerpt":{"rendered":"<p>Organiza\u010dn\u00fd poriadok \u00daEF SAV, v.v.i.\u00a0 (.pdf) Pracovn\u00fd poriadok \u00daEF SAV, v.v.i. (.pdf) Pravidl\u00e1 tvorby rozpo\u010dtu \u00daEF SAV, v.v.i.\u00a0 (.pdf) Pravidl\u00e1 hodnotenia v\u00fdskumn\u00fdch pracovn\u00edkov \u00daEF SAV,&#8230;<\/p>\n","protected":false},"author":1,"featured_media":0,"parent":7,"menu_order":0,"comment_status":"closed","ping_status":"closed","template":"","meta":{"footnotes":""},"_links":{"self":[{"href":"https:\/\/websrv.saske.sk\/uef\/wp-json\/wp\/v2\/pages\/6203"}],"collection":[{"href":"https:\/\/websrv.saske.sk\/uef\/wp-json\/wp\/v2\/pages"}],"about":[{"href":"https:\/\/websrv.saske.sk\/uef\/wp-json\/wp\/v2\/types\/page"}],"author":[{"embeddable":true,"href":"https:\/\/websrv.saske.sk\/uef\/wp-json\/wp\/v2\/users\/1"}],"replies":[{"embeddable":true,"href":"https:\/\/websrv.saske.sk\/uef\/wp-json\/wp\/v2\/comments?post=6203"}],"version-history":[{"count":8,"href":"https:\/\/websrv.saske.sk\/uef\/wp-json\/wp\/v2\/pages\/6203\/revisions"}],"predecessor-version":[{"id":6219,"href":"https:\/\/websrv.saske.sk\/uef\/wp-json\/wp\/v2\/pages\/6203\/revisions\/6219"}],"up":[{"embeddable":true,"href":"https:\/\/websrv.saske.sk\/uef\/wp-json\/wp\/v2\/pages\/7"}],"wp:attachment":[{"href":"https:\/\/websrv.saske.sk\/uef\/wp-json\/wp\/v2\/media?parent=6203"}],"curies":[{"name":"wp","href":"https:\/\/api.w.org\/{rel}","templated":true}]}}