{"id":618,"date":"2018-10-02T11:57:02","date_gmt":"2018-10-02T09:57:02","guid":{"rendered":"http:\/\/websrv.saske.sk\/uef\/?page_id=618"},"modified":"2022-01-03T09:45:13","modified_gmt":"2022-01-03T08:45:13","slug":"kontakt","status":"publish","type":"page","link":"https:\/\/websrv.saske.sk\/uef\/oddelenia-a-laboratoria\/oddelenie-biofyziky\/kontakt\/","title":{"rendered":"Kontakt"},"content":{"rendered":"<p>&nbsp;<\/p>\n<p style=\"padding-left: 30px;\"><a href=\"https:\/\/www.sav.sk\/index.php?lang=sk&amp;doc=user-org-user&amp;user_no=4337\">RNDr. Diana Fedunov\u00e1, PhD.<\/a><\/p>\n<p style=\"padding-left: 30px;\">\u00dastav experiment\u00e1lnej fyziky SAV, v.v.i.,<br \/>\nOddelenie biofyziky<br \/>\nWatsonova 47<br \/>\n040 01<br \/>\nSlovensk\u00e1 republika<\/p>\n<p style=\"padding-left: 30px;\"><strong>Phone: <\/strong>+421 55 792 2345, +421 55 720 4131<\/p>\n<p style=\"padding-left: 30px;\"><strong>Fax:<\/strong> +421 55 633 6292<\/p>\n<p style=\"padding-left: 30px;\"><strong>E-mail:<\/strong> fedunova@saske.sk<\/p>\n","protected":false},"excerpt":{"rendered":"<p>&nbsp; RNDr. Diana Fedunov\u00e1, PhD. \u00dastav experiment\u00e1lnej fyziky SAV, v.v.i., Oddelenie biofyziky Watsonova 47 040 01 Slovensk\u00e1 republika Phone: +421 55 792 2345, +421 55&#8230;<\/p>\n","protected":false},"author":1,"featured_media":0,"parent":554,"menu_order":80,"comment_status":"closed","ping_status":"closed","template":"","meta":{"footnotes":""},"_links":{"self":[{"href":"https:\/\/websrv.saske.sk\/uef\/wp-json\/wp\/v2\/pages\/618"}],"collection":[{"href":"https:\/\/websrv.saske.sk\/uef\/wp-json\/wp\/v2\/pages"}],"about":[{"href":"https:\/\/websrv.saske.sk\/uef\/wp-json\/wp\/v2\/types\/page"}],"author":[{"embeddable":true,"href":"https:\/\/websrv.saske.sk\/uef\/wp-json\/wp\/v2\/users\/1"}],"replies":[{"embeddable":true,"href":"https:\/\/websrv.saske.sk\/uef\/wp-json\/wp\/v2\/comments?post=618"}],"version-history":[{"count":6,"href":"https:\/\/websrv.saske.sk\/uef\/wp-json\/wp\/v2\/pages\/618\/revisions"}],"predecessor-version":[{"id":5987,"href":"https:\/\/websrv.saske.sk\/uef\/wp-json\/wp\/v2\/pages\/618\/revisions\/5987"}],"up":[{"embeddable":true,"href":"https:\/\/websrv.saske.sk\/uef\/wp-json\/wp\/v2\/pages\/554"}],"wp:attachment":[{"href":"https:\/\/websrv.saske.sk\/uef\/wp-json\/wp\/v2\/media?parent=618"}],"curies":[{"name":"wp","href":"https:\/\/api.w.org\/{rel}","templated":true}]}}