{"id":616,"date":"2018-10-02T11:56:48","date_gmt":"2018-10-02T09:56:48","guid":{"rendered":"http:\/\/websrv.saske.sk\/uef\/?page_id=616"},"modified":"2025-06-17T09:29:49","modified_gmt":"2025-06-17T07:29:49","slug":"popularizacia","status":"publish","type":"page","link":"https:\/\/websrv.saske.sk\/uef\/oddelenia-a-laboratoria\/oddelenie-biofyziky\/popularizacia\/","title":{"rendered":"Populariz\u00e1cia"},"content":{"rendered":"<p><a href=\"https:\/\/websrv.saske.sk\/uef\/navstiv-svoju-skolu-spoznaj-svojho-vedca\/\" target=\"_blank\" rel=\"noopener\">Nav\u0161t\u00edv svoju \u0161kolu &#8211; spoznaj svojho vedca 2023<\/a><\/p>\n<p><a href=\"http:\/\/www.nocvyskumnikov.sk\/\" target=\"_blank\" rel=\"noopener\">Noc v\u00fdskumn\u00edkov<\/a><\/p>\n<p>&nbsp;<\/p>\n","protected":false},"excerpt":{"rendered":"<p>Nav\u0161t\u00edv svoju \u0161kolu &#8211; spoznaj svojho vedca 2023 Noc v\u00fdskumn\u00edkov &nbsp;<\/p>\n","protected":false},"author":1,"featured_media":0,"parent":554,"menu_order":70,"comment_status":"closed","ping_status":"closed","template":"","meta":{"footnotes":""},"_links":{"self":[{"href":"https:\/\/websrv.saske.sk\/uef\/wp-json\/wp\/v2\/pages\/616"}],"collection":[{"href":"https:\/\/websrv.saske.sk\/uef\/wp-json\/wp\/v2\/pages"}],"about":[{"href":"https:\/\/websrv.saske.sk\/uef\/wp-json\/wp\/v2\/types\/page"}],"author":[{"embeddable":true,"href":"https:\/\/websrv.saske.sk\/uef\/wp-json\/wp\/v2\/users\/1"}],"replies":[{"embeddable":true,"href":"https:\/\/websrv.saske.sk\/uef\/wp-json\/wp\/v2\/comments?post=616"}],"version-history":[{"count":6,"href":"https:\/\/websrv.saske.sk\/uef\/wp-json\/wp\/v2\/pages\/616\/revisions"}],"predecessor-version":[{"id":9205,"href":"https:\/\/websrv.saske.sk\/uef\/wp-json\/wp\/v2\/pages\/616\/revisions\/9205"}],"up":[{"embeddable":true,"href":"https:\/\/websrv.saske.sk\/uef\/wp-json\/wp\/v2\/pages\/554"}],"wp:attachment":[{"href":"https:\/\/websrv.saske.sk\/uef\/wp-json\/wp\/v2\/media?parent=616"}],"curies":[{"name":"wp","href":"https:\/\/api.w.org\/{rel}","templated":true}]}}