{"id":614,"date":"2018-10-02T11:56:19","date_gmt":"2018-10-02T09:56:19","guid":{"rendered":"http:\/\/websrv.saske.sk\/uef\/?page_id=614"},"modified":"2023-09-18T14:44:36","modified_gmt":"2023-09-18T12:44:36","slug":"konferencie","status":"publish","type":"page","link":"https:\/\/websrv.saske.sk\/uef\/oddelenia-a-laboratoria\/oddelenie-biofyziky\/konferencie\/","title":{"rendered":"Konferencie"},"content":{"rendered":"<p><a href=\"https:\/\/ssb2023.saske.sk\/\" target=\"_blank\" rel=\"noopener\">\u0160trukt\u00fara a stabilita biomakromolek\u00fal 2023<\/a><\/p>\n<p><a href=\"https:\/\/ssb2019.saske.sk\" target=\"_blank\" rel=\"noopener\">\u0160trukt\u00fara a stabilita biomakromolek\u00fal 2019<\/a><\/p>\n<p><a href=\"http:\/\/ssb17.saske.sk\/\" target=\"_blank\" rel=\"noopener\">\u0160trukt\u00fara a stabilita biomakromolek\u00fal 2017<\/a><\/p>\n<p><a href=\"http:\/\/ngp-net17.saske.sk\/\" target=\"_blank\" rel=\"noopener\">3<sup>rd<\/sup> SYMPOSIUM ON NON-GLOBULAR PROTEINS<\/a><\/p>\n<p><a href=\"http:\/\/ssb.saske.sk\/\" target=\"_blank\" rel=\"noopener\">\u0160trukt\u00fara a stabilita biomakromolek\u00fal 201<\/a><a href=\"http:\/\/ssb.saske.sk\">5<\/a><\/p>\n<p><a href=\"http:\/\/www.saske.sk\/UEF\/biophys\/conference2013\/\" target=\"_blank\" rel=\"noopener\">\u0160trukt\u00fara a stabilita biomakromolek\u00fal 2013<\/a><\/p>\n<p><a href=\"http:\/\/www.saske.sk\/UEF\/biophys\/conference2011\" target=\"_blank\" rel=\"noopener\">\u0160trukt\u00fara a stabilita biomakromolek\u00fal 2011<\/a><\/p>\n<p><a href=\"http:\/\/www.saske.sk\/UEF\/biophys\/conference09\/index.html\" target=\"_blank\" rel=\"noopener\">\u0160trukt\u00fara a stabilita biomakromolek\u00fal 2009<\/a><\/p>\n<p><a href=\"http:\/\/www.saske.sk\/UEF\/biophys\/ssb07\/conference\/\" target=\"_blank\" rel=\"noopener\">\u0160trukt\u00fara a stabilita biomakromolek\u00fal 2007<\/a><\/p>\n<p><a href=\"http:\/\/www.saske.sk\/UEF\/biophys\/conference_past\/english.htm\" target=\"_blank\" rel=\"noopener\">\u0160trukt\u00fara a stabilita biomakromolek\u00fal 2005<\/a><\/p>\n<p><a href=\"http:\/\/www.saske.sk\/UEF\/biophys\/ssb03\/conference\/english.htm\" target=\"_blank\" rel=\"noopener\">\u0160trukt\u00fara a stabilita biomakromolek\u00fal 2003<\/a><\/p>\n","protected":false},"excerpt":{"rendered":"<p>\u0160trukt\u00fara a stabilita biomakromolek\u00fal 2023 \u0160trukt\u00fara a stabilita biomakromolek\u00fal 2019 \u0160trukt\u00fara a stabilita biomakromolek\u00fal 2017 3rd SYMPOSIUM ON NON-GLOBULAR PROTEINS \u0160trukt\u00fara a stabilita biomakromolek\u00fal 2015&#8230;<\/p>\n","protected":false},"author":1,"featured_media":0,"parent":554,"menu_order":60,"comment_status":"closed","ping_status":"closed","template":"","meta":{"footnotes":""},"_links":{"self":[{"href":"https:\/\/websrv.saske.sk\/uef\/wp-json\/wp\/v2\/pages\/614"}],"collection":[{"href":"https:\/\/websrv.saske.sk\/uef\/wp-json\/wp\/v2\/pages"}],"about":[{"href":"https:\/\/websrv.saske.sk\/uef\/wp-json\/wp\/v2\/types\/page"}],"author":[{"embeddable":true,"href":"https:\/\/websrv.saske.sk\/uef\/wp-json\/wp\/v2\/users\/1"}],"replies":[{"embeddable":true,"href":"https:\/\/websrv.saske.sk\/uef\/wp-json\/wp\/v2\/comments?post=614"}],"version-history":[{"count":7,"href":"https:\/\/websrv.saske.sk\/uef\/wp-json\/wp\/v2\/pages\/614\/revisions"}],"predecessor-version":[{"id":7618,"href":"https:\/\/websrv.saske.sk\/uef\/wp-json\/wp\/v2\/pages\/614\/revisions\/7618"}],"up":[{"embeddable":true,"href":"https:\/\/websrv.saske.sk\/uef\/wp-json\/wp\/v2\/pages\/554"}],"wp:attachment":[{"href":"https:\/\/websrv.saske.sk\/uef\/wp-json\/wp\/v2\/media?parent=614"}],"curies":[{"name":"wp","href":"https:\/\/api.w.org\/{rel}","templated":true}]}}