{"id":6101,"date":"2022-02-03T10:24:43","date_gmt":"2022-02-03T09:24:43","guid":{"rendered":"https:\/\/websrv.saske.sk\/uef\/?page_id=6101"},"modified":"2025-03-12T14:21:03","modified_gmt":"2025-03-12T13:21:03","slug":"plan-rodovej-rovnosti-uef","status":"publish","type":"page","link":"https:\/\/websrv.saske.sk\/uef\/o-nas\/dokumenty-ustavu\/plan-rodovej-rovnosti-uef\/","title":{"rendered":"Pl\u00e1n rodovej rovnosti \u00daEF"},"content":{"rendered":"<p>Pl\u00e1n rodovej rovnosti \u00daEF 2021 \u2013 2024 <a href=\"http:\/\/websrv.saske.sk\/uef\/wp-content\/uploads\/2023\/01\/PRR-SAV-2021-2024-UEF-SAVvvi.pdf\">(.pdf)<\/a><\/p>\n<p>Pl\u00e1n rodovej rovnosti \u00daEF, v.v.i. 2025 \u2013 2029 <a href=\"http:\/\/websrv.saske.sk\/uef\/wp-content\/uploads\/2025\/03\/PRR25-29_SAV_vvi-final.pdf\">(.pdf)<\/a><\/p>\n<p><b><\/b>Slovak Academy of Sciences Gender Equality Plan\u00a0<a href=\"http:\/\/websrv.saske.sk\/uef\/wp-content\/uploads\/2025\/03\/PRR25-29_SAV_final_EN_final-pre-uef.pdf\">(.pdf)<\/a><\/p>\n<p>Projekt Anthena\u00a0 <a href=\"https:\/\/www.athenaequality.eu\/\">(.klik)<\/a><\/p>\n","protected":false},"excerpt":{"rendered":"<p>Pl\u00e1n rodovej rovnosti \u00daEF 2021 \u2013 2024 (.pdf) Pl\u00e1n rodovej rovnosti \u00daEF, v.v.i. 2025 \u2013 2029 (.pdf) Slovak Academy of Sciences Gender Equality Plan\u00a0(.pdf) Projekt&#8230;<\/p>\n","protected":false},"author":1,"featured_media":0,"parent":180,"menu_order":21,"comment_status":"closed","ping_status":"closed","template":"","meta":{"footnotes":""},"_links":{"self":[{"href":"https:\/\/websrv.saske.sk\/uef\/wp-json\/wp\/v2\/pages\/6101"}],"collection":[{"href":"https:\/\/websrv.saske.sk\/uef\/wp-json\/wp\/v2\/pages"}],"about":[{"href":"https:\/\/websrv.saske.sk\/uef\/wp-json\/wp\/v2\/types\/page"}],"author":[{"embeddable":true,"href":"https:\/\/websrv.saske.sk\/uef\/wp-json\/wp\/v2\/users\/1"}],"replies":[{"embeddable":true,"href":"https:\/\/websrv.saske.sk\/uef\/wp-json\/wp\/v2\/comments?post=6101"}],"version-history":[{"count":12,"href":"https:\/\/websrv.saske.sk\/uef\/wp-json\/wp\/v2\/pages\/6101\/revisions"}],"predecessor-version":[{"id":8935,"href":"https:\/\/websrv.saske.sk\/uef\/wp-json\/wp\/v2\/pages\/6101\/revisions\/8935"}],"up":[{"embeddable":true,"href":"https:\/\/websrv.saske.sk\/uef\/wp-json\/wp\/v2\/pages\/180"}],"wp:attachment":[{"href":"https:\/\/websrv.saske.sk\/uef\/wp-json\/wp\/v2\/media?parent=6101"}],"curies":[{"name":"wp","href":"https:\/\/api.w.org\/{rel}","templated":true}]}}