{"id":608,"date":"2018-10-02T11:55:28","date_gmt":"2018-10-02T09:55:28","guid":{"rendered":"http:\/\/websrv.saske.sk\/uef\/?page_id=608"},"modified":"2025-03-19T10:43:24","modified_gmt":"2025-03-19T09:43:24","slug":"ludia","status":"publish","type":"page","link":"https:\/\/websrv.saske.sk\/uef\/oddelenia-a-laboratoria\/oddelenie-biofyziky\/ludia\/","title":{"rendered":"\u013dudia"},"content":{"rendered":"<p><strong>Ved\u00faci oddelenia:<\/strong><\/p>\n<p><a href=\"http:\/\/www.sav.sk\/index.php?lang=sk&amp;charset=&amp;doc=org-user&amp;user_no=4337\">RNDr. Diana Fedunov\u00e1, PhD.<\/a><\/p>\n<hr \/>\n<p><strong>Vedeck\u00ed pracovn\u00edci:\u00a0<\/strong><\/p>\n<p><a href=\"http:\/\/www.sav.sk\/index.php?lang=sk&amp;charset=&amp;doc=org-user&amp;user_no=7353\" target=\"_blank\" rel=\"noopener\">RNDr. Andrea Anto\u0161ov\u00e1, PhD.<\/a><\/p>\n<p><a href=\"http:\/\/www.sav.sk\/index.php?lang=sk&amp;charset=&amp;doc=user-org-user&amp;user_no=9027\">RNDr. Zuzana Bedn\u00e1rikov\u00e1<\/a><a href=\"http:\/\/www.sav.sk\/index.php?lang=sk&amp;doc=user-org-user&amp;user_no=9027\" target=\"_blank\" rel=\"noopener\">, PhD.<\/a><\/p>\n<p><a href=\"http:\/\/www.sav.sk\/index.php?lang=sk&amp;charset=&amp;doc=org-user&amp;user_no=5425\" target=\"_blank\" rel=\"noopener\">doc. RNDr. Zuzana Ga\u017eov\u00e1, DrSc.<\/a><\/p>\n<p><a href=\"http:\/\/www.sav.sk\/index.php?lang=sk&amp;doc=user-org-user&amp;user_no=10525\">RNDr. Miroslav Gan\u010d\u00e1r, PhD.<\/a><\/p>\n<p><a href=\"http:\/\/www.sav.sk\/index.php?lang=sk&amp;doc=user-org-user&amp;user_no=9958\" target=\"_blank\" rel=\"noopener\">RNDr. Jana Kubackov\u00e1, PhD.<\/a><\/p>\n<p><a href=\"http:\/\/www.sav.sk\/index.php?lang=sk&amp;charset=&amp;doc=org-user&amp;user_no=6278\" target=\"_blank\" rel=\"noopener\">RNDr. Jozef Marek, PhD.<\/a><\/p>\n<p><a href=\"https:\/\/www.sav.sk\/index.php?lang=sk&amp;doc=user-org-user&amp;user_no=8816\">RNDr. Michal Pudl\u00e1k, CSc.<\/a><\/p>\n<p><a href=\"https:\/\/www.sav.sk\/?lang=sk&amp;doc=user-org-user&amp;user_no=14240\">RNDr. Michaela Romanovov\u00e1<\/a><\/p>\n<p><a href=\"http:\/\/www.sav.sk\/index.php?lang=sk&amp;charset=&amp;doc=org-user&amp;user_no=8136\">RNDr<\/a><a href=\"https:\/\/www.sav.sk\/?lang=sk&amp;doc=user-org-user&amp;user_no=14491\" target=\"_blank\" rel=\"noopener\">. Cyril Slab\u00fd<\/a><a href=\"http:\/\/www.sav.sk\/index.php?lang=sk&amp;charset=&amp;doc=org-user&amp;user_no=8136\">, PhD.<\/a><\/p>\n<p><a href=\"http:\/\/www.sav.sk\/index.php?lang=sk&amp;charset=&amp;doc=org-user&amp;user_no=8136\">RNDr<\/a><a href=\"http:\/\/www.sav.sk\/index.php?lang=sk&amp;charset=&amp;doc=org-user&amp;user_no=8136\" target=\"_blank\" rel=\"noopener\">., Ing. Katar\u00edna \u0160ipo\u0161ov\u00e1<\/a><a href=\"http:\/\/www.sav.sk\/index.php?lang=sk&amp;charset=&amp;doc=org-user&amp;user_no=8136\">, PhD.<\/a><\/p>\n<p><a href=\"http:\/\/www.sav.sk\/index.php?lang=sk&amp;charset=&amp;doc=org-user&amp;user_no=4060\" target=\"_blank\" rel=\"noopener\">doc. Ing. Zolt\u00e1n Tomori, CSc.<\/a>\u00a0(<a href=\"http:\/\/www.saske.sk\/~tomori\" target=\"_blank\" rel=\"noopener\">homepage<\/a>)<\/p>\n<p><a href=\"http:\/\/www.sav.sk\/index.php?lang=sk&amp;charset=&amp;doc=org-user&amp;user_no=6320\" target=\"_blank\" rel=\"noopener\">RNDr. Eva Valu\u0161ov\u00e1, PhD.<\/a><\/p>\n<hr \/>\n<p><strong>PhD \u0161tudenti:<\/strong><\/p>\n<p><a href=\"https:\/\/www.sav.sk\/?lang=sk&amp;doc=user-org-user&amp;user_no=14125\">Mgr. Tom\u00e1\u0161 B\u00edr\u00f3<\/a><\/p>\n<p><a href=\"https:\/\/www.sav.sk\/index.php?lang=sk&amp;doc=user-org-user&amp;user_no=11852\">RNDr. Barbora Borovsk\u00e1 (MD)<\/a><\/p>\n<p><a href=\"https:\/\/www.sav.sk\/?lang=sk&amp;doc=user-org-user&amp;user_no=13119\">RNDr. Vikt\u00f3ria Fedorov\u00e1<\/a><\/p>\n<p><a href=\"https:\/\/www.sav.sk\/index.php?lang=sk&amp;doc=user-org-user&amp;user_no=11851\">RNDr. Ivana Gar\u010d\u00e1rov\u00e1 (MD)<\/a><\/p>\n<p><a href=\"https:\/\/www.sav.sk\/?lang=en&amp;doc=user-org-user&amp;user_no=13738\">M.Tech. Hannan Abdul Kareem<\/a><\/p>\n<p><a href=\"https:\/\/www.sav.sk\/?lang=sk&amp;doc=user-org-user&amp;user_no=12825\">Mgr. O\u013ega Parmar (MD)<\/a><\/p>\n<hr \/>\n<p><strong>Laboranti a pomocn\u00fd person\u00e1l:<\/strong><\/p>\n<p><a href=\"http:\/\/www.sav.sk\/index.php?lang=sk&amp;charset=&amp;doc=user-org-user&amp;user_no=6275\">Danka \u0160varcbergerov\u00e1<\/a><\/p>\n<p><a href=\"http:\/\/www.sav.sk\/index.php?lang=sk&amp;doc=user-org-user&amp;user_no=9927\">Martina Ivan\u010d\u00e1kov\u00e1<\/a><\/p>\n<p>&nbsp;<\/p>\n","protected":false},"excerpt":{"rendered":"<p>Ved\u00faci oddelenia: RNDr. Diana Fedunov\u00e1, PhD. Vedeck\u00ed pracovn\u00edci:\u00a0 RNDr. Andrea Anto\u0161ov\u00e1, PhD. RNDr. Zuzana Bedn\u00e1rikov\u00e1, PhD. doc. RNDr. Zuzana Ga\u017eov\u00e1, DrSc. RNDr. Miroslav Gan\u010d\u00e1r, PhD&#8230;.<\/p>\n","protected":false},"author":1,"featured_media":0,"parent":554,"menu_order":30,"comment_status":"closed","ping_status":"closed","template":"","meta":{"footnotes":""},"_links":{"self":[{"href":"https:\/\/websrv.saske.sk\/uef\/wp-json\/wp\/v2\/pages\/608"}],"collection":[{"href":"https:\/\/websrv.saske.sk\/uef\/wp-json\/wp\/v2\/pages"}],"about":[{"href":"https:\/\/websrv.saske.sk\/uef\/wp-json\/wp\/v2\/types\/page"}],"author":[{"embeddable":true,"href":"https:\/\/websrv.saske.sk\/uef\/wp-json\/wp\/v2\/users\/1"}],"replies":[{"embeddable":true,"href":"https:\/\/websrv.saske.sk\/uef\/wp-json\/wp\/v2\/comments?post=608"}],"version-history":[{"count":32,"href":"https:\/\/websrv.saske.sk\/uef\/wp-json\/wp\/v2\/pages\/608\/revisions"}],"predecessor-version":[{"id":8943,"href":"https:\/\/websrv.saske.sk\/uef\/wp-json\/wp\/v2\/pages\/608\/revisions\/8943"}],"up":[{"embeddable":true,"href":"https:\/\/websrv.saske.sk\/uef\/wp-json\/wp\/v2\/pages\/554"}],"wp:attachment":[{"href":"https:\/\/websrv.saske.sk\/uef\/wp-json\/wp\/v2\/media?parent=608"}],"curies":[{"name":"wp","href":"https:\/\/api.w.org\/{rel}","templated":true}]}}