{"id":606,"date":"2018-10-02T11:55:08","date_gmt":"2018-10-02T09:55:08","guid":{"rendered":"http:\/\/websrv.saske.sk\/uef\/?page_id=606"},"modified":"2026-04-28T11:32:01","modified_gmt":"2026-04-28T09:32:01","slug":"laboratoria","status":"publish","type":"page","link":"https:\/\/websrv.saske.sk\/uef\/oddelenia-a-laboratoria\/oddelenie-biofyziky\/laboratoria\/","title":{"rendered":"Laborat\u00f3ria"},"content":{"rendered":"<ul>\n<li><a href=\"http:\/\/websrv.saske.sk\/uef\/wp-content\/uploads\/2023\/07\/OBF_12-02-2016_biomakro1-4.pdf\" target=\"_blank\" rel=\"noopener\">Laborat\u00f3rium stability a konform\u00e1cie biomakromolek\u00fal<\/a><\/li>\n<li><a href=\"\/uef-intranet-old\/files\/vedeckainfrastruktura\/BioFyz\/OBF_12-02-2016_laser12.pdf\" target=\"_blank\" rel=\"noopener\">Laserov\u00e9 laborat\u00f3rium<\/a><\/li>\n<li><a href=\"\/uef-intranet-old\/files\/vedeckainfrastruktura\/BioFyz\/OBFS-nadBio.JPG\" target=\"_blank\" rel=\"noopener\">Laborat\u00f3rium nadmolekul\u00e1rnych biokomplexov<\/a><\/li>\n<li>\n<hr \/>\n<p><a href=\"http:\/\/websrv.saske.sk\/uef\/wp-content\/uploads\/2026\/04\/Zoznam_Chemikalii_OBF_2026_april.xls\">Zoznam_Chemik\u00e1li\u00ed_OBF_2026<\/a><\/li>\n<\/ul>\n","protected":false},"excerpt":{"rendered":"<p>Laborat\u00f3rium stability a konform\u00e1cie biomakromolek\u00fal Laserov\u00e9 laborat\u00f3rium Laborat\u00f3rium nadmolekul\u00e1rnych biokomplexov Zoznam_Chemik\u00e1li\u00ed_OBF_2026<\/p>\n","protected":false},"author":1,"featured_media":0,"parent":554,"menu_order":20,"comment_status":"closed","ping_status":"closed","template":"","meta":{"footnotes":""},"_links":{"self":[{"href":"https:\/\/websrv.saske.sk\/uef\/wp-json\/wp\/v2\/pages\/606"}],"collection":[{"href":"https:\/\/websrv.saske.sk\/uef\/wp-json\/wp\/v2\/pages"}],"about":[{"href":"https:\/\/websrv.saske.sk\/uef\/wp-json\/wp\/v2\/types\/page"}],"author":[{"embeddable":true,"href":"https:\/\/websrv.saske.sk\/uef\/wp-json\/wp\/v2\/users\/1"}],"replies":[{"embeddable":true,"href":"https:\/\/websrv.saske.sk\/uef\/wp-json\/wp\/v2\/comments?post=606"}],"version-history":[{"count":25,"href":"https:\/\/websrv.saske.sk\/uef\/wp-json\/wp\/v2\/pages\/606\/revisions"}],"predecessor-version":[{"id":9964,"href":"https:\/\/websrv.saske.sk\/uef\/wp-json\/wp\/v2\/pages\/606\/revisions\/9964"}],"up":[{"embeddable":true,"href":"https:\/\/websrv.saske.sk\/uef\/wp-json\/wp\/v2\/pages\/554"}],"wp:attachment":[{"href":"https:\/\/websrv.saske.sk\/uef\/wp-json\/wp\/v2\/media?parent=606"}],"curies":[{"name":"wp","href":"https:\/\/api.w.org\/{rel}","templated":true}]}}