{"id":604,"date":"2018-10-02T11:54:43","date_gmt":"2018-10-02T09:54:43","guid":{"rendered":"http:\/\/websrv.saske.sk\/uef\/?page_id=604"},"modified":"2025-03-19T10:30:06","modified_gmt":"2025-03-19T09:30:06","slug":"projekty","status":"publish","type":"page","link":"https:\/\/websrv.saske.sk\/uef\/oddelenia-a-laboratoria\/oddelenie-biofyziky\/projekty\/","title":{"rendered":"Projekty"},"content":{"rendered":"<hr class=\"wp-block-separator\" \/>\r\n<div><span style=\"color: #104196\"><strong>Aktu\u00e1lne rie\u0161en\u00e9 projekty<\/strong><\/span><\/div>\r\n<div><hr \/><\/div>\r\n<div><em><strong><u>Medzin\u00e1rodn\u00e9 projekty<\/u><\/strong><\/em><\/div>\r\n<div><hr \/><\/div>\r\n<ul>\r\n<li><strong>Horizon 2020<\/strong>: Research and Innovation Staff Exchange (RISE) H2020-MSCA-RISE-2020<br \/><a href=\"https:\/\/cordis.europa.eu\/project\/id\/101007642\"><strong><em>Innovative water-soluble phytomaterial inhibitors for Alzheimer\u2019s and Parkinson\u2019s disease prevention<\/em> <\/strong><\/a><br \/>Zodpovedn\u00fd rie\u0161ite\u013e za SR: RNDr. Ing. Katar\u00edna \u0160ipo\u0161ov\u00e1, PhD. (since 07\/2024); MUDr. Andrej Musatov, DrSc. (10\/2022 &#8211; 06\/2024)<br \/>Doba trvania: 28.10. 2022 \u2013 28. 2. 2026<\/li>\r\n<li><strong>COST<\/strong>: European Cooperation in Science &amp; Technology \u00a0 \u00a0 \u00a0 \u00a0 \u00a0 \u00a0 \u00a0 \u00a0 \u00a0 \u00a0 \u00a0 \u00a0 \u00a0 \u00a0 \u00a0 \u00a0 \u00a0 \u00a0 \u00a0 \u00a0 \u00a0 \u00a0 \u00a0 \u00a0 \u00a0 \u00a0 \u00a0 \u00a0 \u00a0 \u00a0 \u00a0 \u00a0 \u00a0 \u00a0 \u00a0 \u00a0 \u00a0 \u00a0 \u00a0 \u00a0 \u00a0 \u00a0 \u00a0 \u00a0 \u00a0 \u00a0 \u00a0 \u00a0 \u00a0 \u00a0 \u00a0\u00a0 <a href=\"https:\/\/www.cost.eu\/actions\/CA21146\/\"><span style=\"color: #0f4196\"><strong><em>Fundamentals and applications of purple bacteria biotechnology for resource recovery from waste (PurpleGain)<\/em> <\/strong><\/span><\/a><br \/>Zodpovedn\u00fd rie\u0161ite\u013e za SR: RNDr. Michal Pudl\u00e1k, PhD.<br \/>Doba trvania: 10. 10. 2022 \u2013 09. 10. 2026<\/li>\r\n<li><strong>COST<\/strong>: European Cooperation in Science &amp; Technology \u00a0 \u00a0 \u00a0 \u00a0 \u00a0 \u00a0 \u00a0 \u00a0 \u00a0 \u00a0 \u00a0 \u00a0 \u00a0 \u00a0 \u00a0 \u00a0 \u00a0 \u00a0 \u00a0 \u00a0 \u00a0 \u00a0 \u00a0 \u00a0 \u00a0 \u00a0 \u00a0 \u00a0 \u00a0 \u00a0 \u00a0 \u00a0 \u00a0 \u00a0 \u00a0 \u00a0 \u00a0 \u00a0 \u00a0 \u00a0 \u00a0 \u00a0 \u00a0 \u00a0 \u00a0 \u00a0 \u00a0 \u00a0 \u00a0 \u00a0 \u00a0\u00a0 <em><a href=\"https:\/\/ml4ngp.eu\/\"><strong>Neglobul\u00e1rne prote\u00edny v \u00e9re strojov\u00e9ho u\u010denia<\/strong><\/a><\/em><br \/>Zodpovedn\u00fd rie\u0161ite\u013e za SR: RNDr. Zuzana Bedn\u00e1rikov\u00e1, PhD.<br \/>Doba trvania: 25. 10. 2022 \u2013 24.10.2026<\/li>\r\n<li><strong>SAV-MOST <b>Joint Research Project<\/b><\/strong><br \/><span style=\"color: #0f4196\"><strong><em>\u0160t\u00fadium \u0161trukt\u00fary a dynamiky supramolekul\u00e1rnych amyloidn\u00fdch \u0161trukt\u00far jednomolekulovou mikroskopiou a modelovan\u00edm pomocou strojov\u00e9ho u\u010denia<\/em> <\/strong><\/span><br \/>Zodpovedn\u00fd rie\u0161ite\u013e za SR: RNDr., Ing. Katar\u00edna \u0160ipo\u0161ov\u00e1, PhD.<br \/>Doba trvania: 1. 1. 2025 \u2013 31. 12. 2027<\/li>\r\n<li><strong>APVV bilater\u00e1lny projekt Slovensko-Po\u013esko<\/strong><br \/><span style=\"color: #0f4196\"><strong><em>Ultrazvukom a magneticky indukovan\u00e1 hypertermia ako lie\u010debn\u00e1 modalita pre amyloidn\u00e9 ochorenia<\/em> <\/strong><\/span><br \/>Zodpovedn\u00fd rie\u0161ite\u013e: RNDr., Ing. Katar\u00edna \u0160ipo\u0161ov\u00e1, PhD.<br \/>Doba trvania: 1. 1. 2024 \u2013 31. 12. 2025<\/li>\r\n<li><strong>PPP SVK-DAAD projekt<\/strong><br \/><span style=\"color: #0f4196\"><strong><em>Hybrid DNA-functionalized fibrils as nanostructured material for bioanalytical applications<\/em> <\/strong><\/span><br \/>Zodpovedn\u00fd rie\u0161ite\u013e za SR: RNDr., Ing. Katar\u00edna \u0160ipo\u0161ov\u00e1, PhD.<br \/>Doba trvania: 1. 1. 2024 \u2013 31. 12. 2025<\/li>\r\n<\/ul>\r\n<hr \/><hr class=\"wp-block-separator\" \/>\r\n<div><em><u><strong>Dom\u00e1ce projekty <\/strong><\/u><\/em><\/div>\r\n<div><hr \/><\/div>\r\n<div><strong>Agent\u00fara na podporu vedy a v\u00fdskumu (APVV<\/strong>)<\/div>\r\n<ul>\r\n<li><em><strong><span style=\"color: #0f4196\">Programovate\u013en\u00e9 samo-usporiadanie hybridn\u00fdch DNA-prote\u00edn nanosyst\u00e9mov pre kontrolovate\u013en\u00e9 viazanie a uvo\u013enovanie biologicky akt\u00edvnych l\u00e1tok<\/span> <\/strong><\/em><br \/>Zodpovedn\u00fd rie\u0161ite\u013e: RNDr., Ing. Katar\u00edna \u0160ipo\u0161ov\u00e1, PhD.<br \/>Doba trvania: 1. 7. 2024 \u2013 30. 6. 2028<\/li>\r\n<li><em><strong><span style=\"color: #0f4196\">Viaczlo\u017ekov\u00e9 ligandy ako modul\u00e1tory cie\u013eov spojen\u00fdch s patogen\u00e9zou Alzheimerovej choroby<\/span> <\/strong><\/em><br \/>Zodpovedn\u00fd rie\u0161ite\u013e: Doc. RNDr. Zuzana Ga\u017eov\u00e1, DrSc.<br \/>Doba trvania: 1. 7. 2023 \u2013 30. 6. 2027<\/li>\r\n<li><span style=\"color: #333399\"><em><strong><span style=\"color: #104196\">Pru\u017en\u00e9 mikro\u0161trukt\u00fary a mikroroboty pre biomedic\u00ednske lab-on-chip aplik\u00e1cie<\/span><\/strong><\/em><\/span><br \/>Zodpovedn\u00fd rie\u0161ite\u013e za \u00daEF: Doc. Ing. Zolt\u00e1n Tomori, CSc.<br \/>Doba trvania: 1. 7. 2022 \u2013 30. 6. 2026<\/li>\r\n<\/ul>\r\n<div><hr \/><\/div>\r\n<div><strong>Vedeck\u00e1 grantov\u00e1 agent\u00fara Ministerstva \u0161kolstva, vedy, v\u00fdskumu a \u0161portu Slovenskej republiky a Slovenskej akad\u00e9mie vied (VEGA)<\/strong><\/div>\r\n<div>\r\n<ul>\r\n<li><span style=\"color: #104196\"><em><strong>I\u00f3nov\u00e9 kvapaliny a hlboko eutektick\u00e9 zmesi ako modul\u00e1tory stability a agreg\u00e1cie prote\u00ednov<\/strong><\/em><\/span><br \/>Zodpovedn\u00fd rie\u0161ite\u013e: RNDr. Diana Fedunov\u00e1, PhD. <br \/>Doba trvania: 1. 1. 2022 \u2013 31. 12. 2025<\/li>\r\n<li><span style=\"color: #0f4196\"><em><strong>\u0160t\u00fadium a modifik\u00e1cia vlastnost\u00ed pav\u00fa\u010dieho prote\u00ednu nadprodukovan\u00e9ho v Escherichia coli<\/strong><\/em><\/span><br \/>Zodpovedn\u00fd rie\u0161ite\u013e: RNDr., Ing. Katar\u00edna \u0160ipo\u0161ov\u00e1, PhD. <br \/>Doba trvania: 1. 1. 2022 \u2013 31. 12. 2025<\/li>\r\n<li><span style=\"color: #104196\"><em><strong>Anal\u00fdza obrazov\u00fdch sekvenci\u00ed met\u00f3dami hlbok\u00e9ho u\u010denia vo vybran\u00fdch biofyzik\u00e1lnych experimentoch<\/strong><\/em><\/span><br \/>Zodpovedn\u00fd rie\u0161ite\u013e: Doc. Ing. Zolt\u00e1n Tomori, CSc.<br \/>Doba trvania: 1. 1. 2022 \u2013 31. 12. 2024<\/li>\r\n<li><span style=\"color: #0f4196\"><em><strong>Objasnenie po\u010diato\u010dn\u00fdch \u0161t\u00e1di\u00ed amyloidnej agreg\u00e1cie prote\u00ednov &#8211; od mechanizmu k terapii<\/strong><\/em><\/span><br \/>Zodpovedn\u00fd rie\u0161ite\u013e: Doc. RNDr. Zuzana Ga\u017eov\u00e1, DrSc. <br \/>Doba trvania: 1. 1. 2021 \u2013 31. 12. 2024\r\n<div>\u00a0<\/div>\r\n<\/li>\r\n<\/ul>\r\n<hr \/>\r\n<p><strong>PostdokGrant Slovenskej akad\u00e9mie vied <br \/><\/strong><\/p>\r\n<ul>\r\n<li><span style=\"color: #0f4196\"><em><strong>Low-molecular-weight compounds targeting amyloid-related diseases<\/strong><\/em><\/span><br \/>Zodpovedn\u00fd rie\u0161ite\u013e: RNDr. Miroslav Gan\u010d\u00e1r, PhD. <br \/>Doba trvania: 1. 7. 2024 \u2013 31. 12. 2025<\/li>\r\n<\/ul>\r\n<\/div>\r\n\r\n<div><hr \/>\r\n<p><strong>DOKTOGrant Slovenskej akad\u00e9mie vied <br \/><\/strong><\/p>\r\n<ul>\r\n<li><span style=\"color: #0f4196\"><em><strong><span lang=\"EN-US\">Functional ligand utilization as assembly agent for protein-DNA bioconjugates<\/span><\/strong><\/em><\/span><br \/>Zodpovedn\u00fd rie\u0161ite\u013e: RNDr. Vikt\u00f3ria Fedorov\u00e1<br \/>Doba trvania: 1. 1. 2025 \u2013 31. 12. 2025<\/li>\r\n<\/ul>\r\n<\/div>\r\n<hr \/><hr class=\"wp-block-separator\" \/>\r\n<p><em><u><strong>Ukon\u010den\u00e9 projekty<\/strong><\/u><\/em><\/p>\r\n<hr \/><hr \/>\r\n<ul>\r\n<li>NATO: The Science for Peace and Security Programme<br \/><span style=\"color: #0f4196\"><a style=\"color: #0f4196\" href=\"https:\/\/sites.fct.unl.pt\/natosps5683\"><em>Novel Composites Based on Cerium Oxide Nanoparticles and Carbon Enterosorbents for Acute Radiation Sickness Therapy<\/em> <\/a><\/span><br \/>Zodpovedn\u00fd rie\u0161ite\u013e za SR: MUDr. Andrej Musatov, DrSc.<br \/>Doba trvania: 15. 7. 2020 \u2013 14. 1. 2024<\/li>\r\n<li>COST<br \/><span style=\"color: #104196\">083\/14 akcia BM1405 &#8211; <em>Neglobul\u00e1rne prote\u00edny- od sekvencie ku \u0161trukt\u00fare, funkcii a\u00a0aplik\u00e1cii v\u00a0molekul\u00e1rnej fyziopatol\u00f3gii<\/em><\/span>\u00a0\u00a0 (NGP-NET)<br \/>Zodpovedn\u00fd rie\u0161ite\u013e: Doc. RNDr. Zuzana Ga\u017eov\u00e1, CSc. <br \/>Doba trvania: 1. 8. 2015 \u2013 31. 5. 2019<\/li>\r\n<\/ul>\r\n<hr \/>\r\n<p><em>Bilater\u00e1lne projekty<\/em><\/p>\r\n<ul>\r\n<li>SAV-MOST JRP spolo\u010dn\u00fd v\u00fdskumn\u00fd projekt &#8211; Slovensko-Taiwan<br \/><span style=\"color: #0f4196\">JRP 2021\/2 <em>Anti-amyloidn\u00e1 aktivita kompozitov na b\u00e1ze zeolitov a anal\u00fdza so zobrazovan\u00edm vo vysokom rozl\u00ed\u0161en\u00ed a v re\u00e1lnom \u010dase<\/em><\/span><br \/>Zodpovedn\u00fd rie\u0161ite\u013e: RNDr., Ing. Katar\u00edna \u0160ipo\u0161ov\u00e1, PhD. <br \/>Doba trvania: 1. 1. 2022 \u2013 31. 12. 2024<\/li>\r\n<li>Mobility<br \/><span style=\"color: #0f4196\"><em>Azobenz\u00e9nov\u00e9 deriv\u00e1ty ako potenci\u00e1lne terapeutik\u00e1 pre Alzheimerovu chorobu<\/em><\/span> <br \/>Zodpovedn\u00fd rie\u0161ite\u013e: RNDr. Zuzana Bedn\u00e1rikov\u00e1, PhD.<br \/>Doba trvania: 1. 1. 2023 \u2013 31. 12. 2024<\/li>\r\n<\/ul>\r\n<ul>\r\n<li>APVV bilater\u00e1lny projekt; Slovensko-Taiwan<br \/><span style=\"color: #0f4196\"><em>Interakcie nano\u010dast\u00edc s amyloidn\u00fdmi fibrilami: od terapie k nanomateri\u00e1lom<\/em> <\/span><br \/>Zodpovedn\u00fd rie\u0161ite\u013e: Doc. RNDr. Zuzana Ga\u017eov\u00e1, DrSc.<br \/>Doba trvania: 1. 1. 2022 \u2013 31. 12. 2023<\/li>\r\n<li>PPP SVK-DAAD projekt<br \/><span style=\"color: #0f4196\"><em>Self assembly and functionalization of nanofibrillar DNA-spider silk hybrid materials<\/em><\/span> <br \/>Zodpovedn\u00fd rie\u0161ite\u013e za SR: RNDr., Ing. Katar\u00edna \u0160ipo\u0161ov\u00e1, PhD.<br \/>Doba trvania: 1. 1. 2022 \u2013 31. 12. 2023<\/li>\r\n<li>Mobility BAS-SAS<br \/><span style=\"color: #0f4196\"><em>Stabilita a agreg\u00e1cia globul\u00e1rnych prote\u00ednov v pr\u00edtomnosti biokompatibiln\u00fdch i\u00f3nov\u00fdch kvapal\u00edn<\/em><\/span> <br \/>Zodpovedn\u00fd rie\u0161ite\u013e: RNDr. Diana Fedunov\u00e1, PhD.<br \/>Doba trvania: 1. 1. 2021 \u2013 31. 12. 2022<\/li>\r\n<li>Medzi-\u00fastavn\u00e1 dohoda medzi \u00daEF SAV a Biological Research Centre, Institute of Biophysics, Szeged (Ma\u010farsko)<br \/><span style=\"color: #0f4196\"><em>Elastic micro-tools for optical manipulation of biological object<\/em><\/span><br \/>Zodpovedn\u00fd rie\u0161ite\u013e: Doc. Ing. Zolt\u00e1n Tomori, CSc.<br \/>Doba trvania: 1. 1. 2019 \u2013 31. 12. 2022<\/li>\r\n<li>Medzi-\u00fastavn\u00e1 dohoda medzi \u00daEF SAV a\u00a0Vernadskii Institute of General and Inorganic Chemistry of NAS of Ukraine (Ukrajina)<br \/><span style=\"color: #0f4196\"><em>Enhancement of Bioactivity of Cerium Oxide Nanoparticles<\/em> <\/span><br \/>Zodpovedn\u00fd rie\u0161ite\u013e: MUDr. Andrej Musatov, DrSc.<br \/>Doba trvania: 1. 1. 2020 \u2013 31. 12. 2022<\/li>\r\n<li>Medzi-\u00fastavn\u00e1 dohoda medzi \u00daEF SAV a\u00a0N\u00e1rodn\u00edm \u00fastavem du\u0161evn\u00edho zdrav\u00ed (\u010cesk\u00e1 republika)<br \/><span style=\"color: #0f4196\"><em>\u0160t\u00fadium amyloidnej agreg\u00e1cie prote\u00ednov in vitro a\u00a0v\u00a0likvore<\/em><\/span><br \/>Zodpovedn\u00fd rie\u0161ite\u013e: Doc. RNDr. Zuzana Ga\u017eov\u00e1, CSc<br \/>Doba trvania: 1. 1. 2015 \u2013 31. 12. 2020<\/li>\r\n<li>Bilater\u00e1lny projekt medzi Oddelen\u00edm biofyziky \u00daEF SAV a Oddelen\u00edm farmaceutick\u00fdch vied Katedry farm\u00e1cie na V\u00fdchodo\u010d\u00ednskej univerzite vedy a technol\u00f3gi\u00ed, Shanhai, \u010c\u00edna<br \/>SK-CN-2017-0033 <span style=\"color: #104196\"><em>Identifik\u00e1cia a mechanizmus \u00fa\u010dinku mal\u00fdch molek\u00fal vyu\u017e\u00edvan\u00fdch v tradi\u010dnej \u010d\u00ednskej medic\u00edne na lie\u010dbu Alzheimerovej choroby<\/em><\/span><br \/>Zodpovedn\u00fd rie\u0161ite\u013e: Doc. RNDr. Zuzana Ga\u017eov\u00e1, CSc. <br \/>Doba trvania: 1.1.2018 &#8211; 31.12.2019<\/li>\r\n<\/ul>\r\n<ul>\r\n<li>APVV bilater\u00e1lny projekt; Slovensko-Taiwan. National Cheng-Chi University &amp; Academia Sinica<br \/>SK-TW-2017-0012<span style=\"color: #104196\"> \u0160<em>t\u00fadium usporiadania, orient\u00e1cie a samozba\u013eovania v biopolym\u00e9roch a kvapaln\u00fdch kry\u0161t\u00e1loch<\/em><\/span><br \/>Zodpovedn\u00fd rie\u0161ite\u013e: RNDr., Ing. Katar\u00edna \u0160ipo\u0161ov\u00e1, PhD.<br \/>Doba trvania: 1.1.2018 &#8211; 31.12.2019<\/li>\r\n<li>SAV-MOST JRP spolo\u010dn\u00fd v\u00fdskumn\u00fd projekt &#8211; Slovensko-Taiwan<br \/>JRP 2015\/5 <span style=\"color: #104196\">V<em>plyv mal\u00fdch molek\u00fal a\u00a0nano\u010dast\u00edc na amyloidn\u00fa agreg\u00e1ciu poly\/peptidov<\/em><\/span><br \/>Zodpovedn\u00fd rie\u0161ite\u013e: Doc. RNDr. Zuzana Ga\u017eov\u00e1, CSc. <br \/>Doba trvania: 1. 1. 2016 \u2013 31. 12. 2018<\/li>\r\n<li>APVV bilater\u00e1lny projekt medzi Oddelen\u00edm biofyziky \u00daEF SAV a Oddelen\u00edm farmaceutick\u00fdch vied, Katedra farm\u00e1cie, V\u00fdchodo\u010d\u00ednska univerzita vedy a technol\u00f3gi\u00ed<br \/>SK-CN-2015-0023<span style=\"color: #0f4196\"><em> Vyu\u017eitie multitargetov\u00fdch n\u00edzkomolekulov\u00fdch l\u00e1tok z tradi\u010dn\u00fdch \u010d\u00ednskych byl\u00edn pri lie\u010dbe Alzheimerovej choroby<\/em><\/span><br \/>Zodpovedn\u00fd rie\u0161ite\u013e: Doc. RNDr. Zuzana Ga\u017eov\u00e1, CSc. <br \/>Doba trvania: 1.1.2016 &#8211; 31.12.2017<\/li>\r\n<li>Medziakademick\u00e1 dohoda o vedeckej spolupr\u00e1ci medzi CNR (Taliansko) a SAV (Slovensko)<br \/><span style=\"color: #104196\"><em>Amyloidn\u00e1 agreg\u00e1cia prote\u00ednov na hybridn\u00fdch povrchoch<\/em><\/span><br \/>Zodpovedn\u00fd rie\u0161ite\u013e: Doc. RNDr. Zuzana Ga\u017eov\u00e1, CSc. <br \/>Doba trvania: 1. 1. 2013 \u2013 31. 12. 2017<\/li>\r\n<\/ul>\r\n<hr \/>\r\n<p><em>Agent\u00fara na podporu vedy a v\u00fdskumu (APVV)<\/em><\/p>\r\n<ul>\r\n<li><em><span style=\"color: #0f4196\">V\u00fdvoj transla\u010dne relevantn\u00fdch regenera\u010dn\u00fdch a reparat\u00edvnych strat\u00e9gi\u00ed po traumatickom poranen\u00ed miechy<\/span> <\/em><br \/>Zodpovedn\u00fd rie\u0161ite\u013e: MUDr. Andrey Musatov, DrSc.<br \/>Doba trvania: 1. 7. 2020 \u2013 30. 6. 2024<\/li>\r\n<li><em><span style=\"color: #0f4196\">Multifunk\u010dn\u00e9 inhib\u00edtory poly\/peptidov spojen\u00fdch s Alzheimerovou chorobou<\/span> <\/em><br \/>Zodpovedn\u00fd rie\u0161ite\u013e: Doc. RNDr. Zuzana Ga\u017eov\u00e1, DrSc.<br \/>Doba trvania: 1. 7. 2019 \u2013 1. 6. 2023<\/li>\r\n<li><span style=\"color: #0f4196\"><em>Obrazov\u00e1 anal\u00fdza mikroskopick\u00fdch \u010dast\u00edc pri automatiz\u00e1cii optick\u00fdch manipula\u010dn\u00fdch techn\u00edk aplikovate\u013en\u00fdch v mikro\/nanorobotike<\/em><\/span><br \/>Zodpovedn\u00fd rie\u0161ite\u013e: Doc. Ing. Zolt\u00e1n Tomori, CSc.<br \/>Doba trvania: 1. 7. 2016 \u2013 30. 6. 2020<\/li>\r\n<\/ul>\r\n<hr \/>\r\n<p><em>VEGA<\/em><\/p>\r\n<ul>\r\n<li><span style=\"color: #0f4196\"><em>Nov\u00fd poh\u013ead na vplyv hydrof\u00f3bnych interakci\u00ed na tvorbu a stabilitu prote\u00ednov\u00fdch agreg\u00e1tov. Prepojenie na oxida\u010dn\u00fd stres<\/em><\/span><br \/>Zodpovedn\u00fd rie\u0161ite\u013e: MUDr. Andrey Musatov, DrSc.<br \/>Doba trvania: 1. 1. 2021 \u2013 31. 12. 2023<\/li>\r\n<li><span style=\"color: #0f4196\"><em>Nadmolekul\u00e1rne komplexy prote\u00ednov &#8211; konforma\u010dn\u00e9 prechody, stabilita a agreg\u00e1cia <\/em><\/span><br \/>Zodpovedn\u00fd rie\u0161ite\u013e: RNDr. Diana Fedunov\u00e1, PhD.<br \/>Doba trvania: 1. 1. 2018 \u2013 31. 12. 2021<\/li>\r\n<li><em><span style=\"color: #0f4196\">Nov\u00e9 met\u00f3dy v \u0161tatistickej a korela\u010dnej anal\u00fdze parametrick\u00fdch modelov povrchov a ich distrib\u00faci\u00ed<\/span> <\/em><br \/>Zodpovedn\u00fd rie\u0161ite\u013e: RNDr. Jozef Marek, PhD.<br \/>Doba trvania: 1. 1. 2019 \u2013 31. 12. 2021<\/li>\r\n<li><span style=\"color: #0f4196\"><em>Samousporiadanie poly\/peptidov do amyloidn\u00fdch agreg\u00e1tov &#8211; mechanizmus, inhib\u00edcia a cytotoxicita<\/em><\/span><br \/>Zodpovedn\u00fd rie\u0161ite\u013e: Doc. RNDr. Zuzana Ga\u017eov\u00e1, CSc.<br \/>Doba trvania: 1. 1. 2018 \u2013 31. 12. 2020<\/li>\r\n<li><span style=\"color: #0f4196\"><em>Oxida\u010dn\u00fd stres a fosfolipidovo-prote\u00ednov\u00e9 interakcie: funk\u010dn\u00e9 a \u0161truktur\u00e1lne d\u00f4sledky<\/em><\/span><br \/>Zodpovedn\u00fd rie\u0161ite\u013e: MUDr. Andrej Musatov, DrSc. <br \/>Doba trvania: 1. 1. 2018 \u2013 31. 12. 2020<\/li>\r\n<li><span style=\"color: #104196\"><em>Supramolekul\u00e1rne komplexy biomakromolek\u00fal<\/em><\/span><br \/>Zodpovedn\u00fd rie\u0161ite\u013e: RNDr. Eva Valu\u0161ov\u00e1, PhD.<br \/>Doba trvania: 1.1.2016 \u2013 31.12.2019<\/li>\r\n<li><span style=\"color: #104196\"><em>Vyu\u017eitie karb\u00f3nov\u00fdch nano\u010dast\u00edc v spintronike<\/em><\/span><br \/>Zodpovedn\u00fd rie\u0161ite\u013e: RNDr. Michal Pudl\u00e1k, CSc.<br \/>Doba trvania: 1.1.2016 &#8211; 31.12.2018<\/li>\r\n<li><span style=\"color: #104196\"><em>Prirodzen\u00e9 u\u017e\u00edvate\u013esk\u00e9 rozhranie na b\u00e1ze algoritmov spracovania RGB-D obrazu s vyu\u017eit\u00edm v biomedic\u00edne<\/em><\/span><br \/>Zodpovedn\u00fd rie\u0161ite\u013e: Doc. Ing. Zolt\u00e1n Tomori, CSc.<br \/>Doba trvania: 1.1.2016 &#8211; 31.12.2018<\/li>\r\n<li><span style=\"color: #104196\"><em>\u0160t\u00fadium stability a agreg\u00e1cie nat\u00edvne rozbalen\u00fdch prote\u00ednov<\/em><\/span><br \/>Zodpovedn\u00fd rie\u0161ite\u013e: RNDr. Diana Fedunov\u00e1, PhD. <br \/>Doba trvania: 1.1.2014 &#8211; 31.12.2017<\/li>\r\n<\/ul>\r\n<hr \/>\r\n<div>\r\n<p><em>Program grantov pre doktorandov SAV (DoktoGrant)<\/em><span id=\":2wp.co\" class=\"tL8wMe EMoHub\" dir=\"ltr\"><\/span><\/p>\r\n<ul>\r\n<li><em><span id=\":2wp.co\" class=\"tL8wMe EMoHub\" dir=\"ltr\"><span style=\"color: #0f4196\">\u0160t\u00fadium p\u00f4sobenia hybridn\u00fdch molek\u00fal na amyloidn\u00fa agreg\u00e1ciu\u00a0 globul\u00e1rnych a prirodzene rozbalen\u00fdch prote\u00ednov<\/span><\/span><\/em><br \/>Zodpovedn\u00fd rie\u0161ite\u013e: RNDr. Barbora Borovsk\u00e1<br \/>Doba trvania: 1. 1. 2022 \u2013 31. 12. 2022<\/li>\r\n<li><span style=\"color: #0f4196\"><em><span id=\":2wp.co\" class=\"tL8wMe EMoHub\" dir=\"ltr\">\u0160t\u00fadium anti-oxida\u010dnej a zosilnenej anti-amyloidnej aktivity nano\u010dast\u00edc c\u00e9ru pre biomedic\u00ednske aplik\u00e1cie<\/span><\/em><\/span><br \/>Zodpovedn\u00fd rie\u0161ite\u013e: Mgr. Ivana Gar\u010d\u00e1rov\u00e1<br \/>Doba trvania: 1. 1. 2021 \u2013 31. 12. 2021<\/li>\r\n<li><span style=\"color: #0f4196\"><em>I\u00f3nov\u00e9 kvapaliny ako modul\u00e1tory amyloidnej agreg\u00e1cie<\/em><\/span><br \/>Zodpovedn\u00fd rie\u0161ite\u013e: RNDr. Vladim\u00edr Van\u00edk<br \/>Doba trvania: 1. 1. 2020 \u2013 31. 12. 2020<\/li>\r\n<\/ul>\r\n<\/div>\r\n<hr class=\"wp-block-separator\" \/>\r\n\r\n<hr class=\"wp-block-separator\" \/>","protected":false},"excerpt":{"rendered":"<p>Aktu\u00e1lne rie\u0161en\u00e9 projekty Medzin\u00e1rodn\u00e9 projekty Horizon 2020: Research and Innovation Staff Exchange (RISE) H2020-MSCA-RISE-2020Innovative water-soluble phytomaterial inhibitors for Alzheimer\u2019s and Parkinson\u2019s disease prevention Zodpovedn\u00fd rie\u0161ite\u013e&#8230;<\/p>\n","protected":false},"author":1,"featured_media":0,"parent":554,"menu_order":10,"comment_status":"closed","ping_status":"closed","template":"","meta":{"footnotes":""},"_links":{"self":[{"href":"https:\/\/websrv.saske.sk\/uef\/wp-json\/wp\/v2\/pages\/604"}],"collection":[{"href":"https:\/\/websrv.saske.sk\/uef\/wp-json\/wp\/v2\/pages"}],"about":[{"href":"https:\/\/websrv.saske.sk\/uef\/wp-json\/wp\/v2\/types\/page"}],"author":[{"embeddable":true,"href":"https:\/\/websrv.saske.sk\/uef\/wp-json\/wp\/v2\/users\/1"}],"replies":[{"embeddable":true,"href":"https:\/\/websrv.saske.sk\/uef\/wp-json\/wp\/v2\/comments?post=604"}],"version-history":[{"count":82,"href":"https:\/\/websrv.saske.sk\/uef\/wp-json\/wp\/v2\/pages\/604\/revisions"}],"predecessor-version":[{"id":8942,"href":"https:\/\/websrv.saske.sk\/uef\/wp-json\/wp\/v2\/pages\/604\/revisions\/8942"}],"up":[{"embeddable":true,"href":"https:\/\/websrv.saske.sk\/uef\/wp-json\/wp\/v2\/pages\/554"}],"wp:attachment":[{"href":"https:\/\/websrv.saske.sk\/uef\/wp-json\/wp\/v2\/media?parent=604"}],"curies":[{"name":"wp","href":"https:\/\/api.w.org\/{rel}","templated":true}]}}