{"id":6027,"date":"2022-01-14T11:34:10","date_gmt":"2022-01-14T10:34:10","guid":{"rendered":"https:\/\/websrv.saske.sk\/uef\/?page_id=6027"},"modified":"2022-04-28T09:12:10","modified_gmt":"2022-04-28T07:12:10","slug":"riaditel","status":"publish","type":"page","link":"https:\/\/websrv.saske.sk\/uef\/o-nas\/organy-uef-sav-v-v-i\/riaditel\/","title":{"rendered":"Riadite\u013e"},"content":{"rendered":"<h3>Riadite\u013eka \u00dastavu experiment\u00e1lnej fyziky SAV, v. v. i.<\/h3>\n<h3>doc. RNDr. Zuzana Ga\u017eov\u00e1, DrSc.<\/h3>\n<address class=\"margin-bottom-1\">\n<div><span class=\"inst_name\">\u00dastav experiment\u00e1lnej fyziky SAV, v.v.i.<\/span><\/div>\n<div class=\"street padding\">Watsonova 47<\/div>\n<div class=\"city\">040 01 Ko\u0161ice<\/div>\n<div class=\"country\">Slovensk\u00e1 republika<\/div>\n<\/address>\n<div><span class=\"phone\">055\/7922200, 7204135 (2.08, BUL6)<\/span><\/div>\n<div><span class=\"mail\"><a href=\"mailto:gazova@saske.sk\">gazova@saske.sk<\/a><\/span><\/div>\n","protected":false},"excerpt":{"rendered":"<p>Riadite\u013eka \u00dastavu experiment\u00e1lnej fyziky SAV, v. v. i. doc. RNDr. Zuzana Ga\u017eov\u00e1, DrSc. \u00dastav experiment\u00e1lnej fyziky SAV, v.v.i. Watsonova 47 040 01 Ko\u0161ice Slovensk\u00e1 republika&#8230;<\/p>\n","protected":false},"author":1,"featured_media":0,"parent":6019,"menu_order":1,"comment_status":"closed","ping_status":"closed","template":"","meta":{"footnotes":""},"_links":{"self":[{"href":"https:\/\/websrv.saske.sk\/uef\/wp-json\/wp\/v2\/pages\/6027"}],"collection":[{"href":"https:\/\/websrv.saske.sk\/uef\/wp-json\/wp\/v2\/pages"}],"about":[{"href":"https:\/\/websrv.saske.sk\/uef\/wp-json\/wp\/v2\/types\/page"}],"author":[{"embeddable":true,"href":"https:\/\/websrv.saske.sk\/uef\/wp-json\/wp\/v2\/users\/1"}],"replies":[{"embeddable":true,"href":"https:\/\/websrv.saske.sk\/uef\/wp-json\/wp\/v2\/comments?post=6027"}],"version-history":[{"count":4,"href":"https:\/\/websrv.saske.sk\/uef\/wp-json\/wp\/v2\/pages\/6027\/revisions"}],"predecessor-version":[{"id":6384,"href":"https:\/\/websrv.saske.sk\/uef\/wp-json\/wp\/v2\/pages\/6027\/revisions\/6384"}],"up":[{"embeddable":true,"href":"https:\/\/websrv.saske.sk\/uef\/wp-json\/wp\/v2\/pages\/6019"}],"wp:attachment":[{"href":"https:\/\/websrv.saske.sk\/uef\/wp-json\/wp\/v2\/media?parent=6027"}],"curies":[{"name":"wp","href":"https:\/\/api.w.org\/{rel}","templated":true}]}}