{"id":6019,"date":"2022-01-14T11:04:55","date_gmt":"2022-01-14T10:04:55","guid":{"rendered":"https:\/\/websrv.saske.sk\/uef\/?page_id=6019"},"modified":"2022-01-19T09:27:58","modified_gmt":"2022-01-19T08:27:58","slug":"organy-uef-sav-v-v-i","status":"publish","type":"page","link":"https:\/\/websrv.saske.sk\/uef\/o-nas\/organy-uef-sav-v-v-i\/","title":{"rendered":"Org\u00e1ny \u00daEF SAV, v. v. i."},"content":{"rendered":"<h3><a href=\"https:\/\/websrv.saske.sk\/uef\/o-nas\/organy-uef-sav-v-v-i\/riaditel\/\">Riadite\u013eka \u00dastavu experiment\u00e1lnej fyziky SAV, v. v. i.<\/a><\/h3>\n<div class=\"post-content\">\n<h3><a href=\"https:\/\/websrv.saske.sk\/uef\/o-nas\/organy-uef-sav-v-v-i\/dozorna-rada\/\">Dozorn\u00e1 rada \u00dastavu experiment\u00e1lnej fyziky SAV, v. v. i.<\/a><\/h3>\n<\/div>\n<h3><a href=\"https:\/\/websrv.saske.sk\/uef\/o-nas\/organy-uef-sav-v-v-i\/spravna-rada\/\">Spr\u00e1vna rada \u00dastavu experiment\u00e1lnej fyziky SAV, v. v. i.<\/a><\/h3>\n<h3><a href=\"https:\/\/websrv.saske.sk\/uef\/o-nas\/organy-uef-sav-v-v-i\/vedecka-rada\/\">Vedeck\u00e1 rada \u00dastavu experiment\u00e1lnej fyziky SAV, v. v. i.<\/a><\/h3>\n","protected":false},"excerpt":{"rendered":"<p>Riadite\u013eka \u00dastavu experiment\u00e1lnej fyziky SAV, v. v. i. Dozorn\u00e1 rada \u00dastavu experiment\u00e1lnej fyziky SAV, v. v. i. Spr\u00e1vna rada \u00dastavu experiment\u00e1lnej fyziky SAV, v. v&#8230;.<\/p>\n","protected":false},"author":1,"featured_media":0,"parent":7,"menu_order":0,"comment_status":"closed","ping_status":"closed","template":"","meta":{"footnotes":""},"_links":{"self":[{"href":"https:\/\/websrv.saske.sk\/uef\/wp-json\/wp\/v2\/pages\/6019"}],"collection":[{"href":"https:\/\/websrv.saske.sk\/uef\/wp-json\/wp\/v2\/pages"}],"about":[{"href":"https:\/\/websrv.saske.sk\/uef\/wp-json\/wp\/v2\/types\/page"}],"author":[{"embeddable":true,"href":"https:\/\/websrv.saske.sk\/uef\/wp-json\/wp\/v2\/users\/1"}],"replies":[{"embeddable":true,"href":"https:\/\/websrv.saske.sk\/uef\/wp-json\/wp\/v2\/comments?post=6019"}],"version-history":[{"count":7,"href":"https:\/\/websrv.saske.sk\/uef\/wp-json\/wp\/v2\/pages\/6019\/revisions"}],"predecessor-version":[{"id":6073,"href":"https:\/\/websrv.saske.sk\/uef\/wp-json\/wp\/v2\/pages\/6019\/revisions\/6073"}],"up":[{"embeddable":true,"href":"https:\/\/websrv.saske.sk\/uef\/wp-json\/wp\/v2\/pages\/7"}],"wp:attachment":[{"href":"https:\/\/websrv.saske.sk\/uef\/wp-json\/wp\/v2\/media?parent=6019"}],"curies":[{"name":"wp","href":"https:\/\/api.w.org\/{rel}","templated":true}]}}