{"id":573,"date":"2018-10-02T11:44:17","date_gmt":"2018-10-02T09:44:17","guid":{"rendered":"http:\/\/websrv.saske.sk\/uef\/?page_id=573"},"modified":"2020-02-04T11:42:00","modified_gmt":"2020-02-04T10:42:00","slug":"laboratorium-nanomaterialov-a-aplikovaneho-magnetizmu","status":"publish","type":"page","link":"https:\/\/websrv.saske.sk\/uef\/oddelenia-a-laboratoria\/laboratorium-nanomaterialov-a-aplikovaneho-magnetizmu\/","title":{"rendered":"Oddelenie aplikovan\u00e9ho magnetizmu a nanomateri\u00e1lov"},"content":{"rendered":"<p>\nV\u00fdskum v Oddelen\u00ed Aplikovan\u00e9ho Magnetizmu a Nanomateri\u00e1lov (OAMN) je zameran\u00fd na v\u00fdvoj a charakteriz\u00e1ciu nov\u00fdch magnetick\u00fdch materi\u00e1lov s aplika\u010dn\u00fdm potenci\u00e1lom v technickej praxi. Pozornos\u0165 je s\u00fastreden\u00e1 najm\u00e4 na syst\u00e9my, ktor\u00fdch z\u00e1kladn\u00e9 stavebn\u00e9 jednotky s\u00fa v rozsahu 1-100 nanometrov.\n<\/p>\n<p><img loading=\"lazy\" decoding=\"async\" src=\"http:\/\/websrv.saske.sk\/uef\/wp-content\/uploads\/2019\/12\/LNAM_1.jpg\" alt=\"\" width=\"535\" height=\"357\" class=\"aligncenter size-full wp-image-3467\" srcset=\"https:\/\/websrv.saske.sk\/uef\/wp-content\/uploads\/2019\/12\/LNAM_1.jpg 535w, https:\/\/websrv.saske.sk\/uef\/wp-content\/uploads\/2019\/12\/LNAM_1-300x200.jpg 300w\" sizes=\"(max-width: 535px) 100vw, 535px\" \/><\/p>\n<p><img loading=\"lazy\" decoding=\"async\" src=\"http:\/\/websrv.saske.sk\/uef\/wp-content\/uploads\/2019\/12\/LNAM_2.jpg\" alt=\"\" width=\"535\" height=\"357\" class=\"aligncenter size-full wp-image-3468\" srcset=\"https:\/\/websrv.saske.sk\/uef\/wp-content\/uploads\/2019\/12\/LNAM_2.jpg 535w, https:\/\/websrv.saske.sk\/uef\/wp-content\/uploads\/2019\/12\/LNAM_2-300x200.jpg 300w\" sizes=\"(max-width: 535px) 100vw, 535px\" \/><\/p>\n","protected":false},"excerpt":{"rendered":"<p>V\u00fdskum v Oddelen\u00ed Aplikovan\u00e9ho Magnetizmu a Nanomateri\u00e1lov (OAMN) je zameran\u00fd na v\u00fdvoj a charakteriz\u00e1ciu nov\u00fdch magnetick\u00fdch materi\u00e1lov s aplika\u010dn\u00fdm potenci\u00e1lom v technickej praxi. Pozornos\u0165 je&#8230;<\/p>\n","protected":false},"author":1,"featured_media":0,"parent":9,"menu_order":90,"comment_status":"closed","ping_status":"closed","template":"","meta":{"footnotes":""},"_links":{"self":[{"href":"https:\/\/websrv.saske.sk\/uef\/wp-json\/wp\/v2\/pages\/573"}],"collection":[{"href":"https:\/\/websrv.saske.sk\/uef\/wp-json\/wp\/v2\/pages"}],"about":[{"href":"https:\/\/websrv.saske.sk\/uef\/wp-json\/wp\/v2\/types\/page"}],"author":[{"embeddable":true,"href":"https:\/\/websrv.saske.sk\/uef\/wp-json\/wp\/v2\/users\/1"}],"replies":[{"embeddable":true,"href":"https:\/\/websrv.saske.sk\/uef\/wp-json\/wp\/v2\/comments?post=573"}],"version-history":[{"count":18,"href":"https:\/\/websrv.saske.sk\/uef\/wp-json\/wp\/v2\/pages\/573\/revisions"}],"predecessor-version":[{"id":3846,"href":"https:\/\/websrv.saske.sk\/uef\/wp-json\/wp\/v2\/pages\/573\/revisions\/3846"}],"up":[{"embeddable":true,"href":"https:\/\/websrv.saske.sk\/uef\/wp-json\/wp\/v2\/pages\/9"}],"wp:attachment":[{"href":"https:\/\/websrv.saske.sk\/uef\/wp-json\/wp\/v2\/media?parent=573"}],"curies":[{"name":"wp","href":"https:\/\/api.w.org\/{rel}","templated":true}]}}