{"id":571,"date":"2018-10-02T11:44:02","date_gmt":"2018-10-02T09:44:02","guid":{"rendered":"http:\/\/websrv.saske.sk\/uef\/?page_id=571"},"modified":"2023-02-09T14:51:30","modified_gmt":"2023-02-09T13:51:30","slug":"laboratorium-materialovej-fyziky","status":"publish","type":"page","link":"https:\/\/websrv.saske.sk\/uef\/oddelenia-a-laboratoria\/laboratorium-materialovej-fyziky\/","title":{"rendered":"Oddelenie materi\u00e1lovej fyziky"},"content":{"rendered":"<p>Oddelenie materi\u00e1lovej fyziky (OMF) patr\u00ed k\u00a0popredn\u00fdm pracovisk\u00e1m vo svete v\u00a0oblasti pr\u00edpravy a \u0161t\u00fadia vlastnost\u00ed REBCO mas\u00edvnych monokry\u0161talick\u00fdch supravodi\u010dov (MMS). Spolupracuje v\u00a0tejto oblasti s\u00a0University of Cambridge, SIT Tokyo, SJTU Shanghai a\u00a0v\u00fdrobcom MMS firmou CAN Superconductors s.r.o. a\u00a0s firmou CRYOSOFT s.r.o.<\/p>\n<p>V\u00a0oblasti \u0161t\u00fadia \u0161trukt\u00fary mikrodr\u00f4tov pre senzoriku spolupracuje OMF\u00a0 s\u00a0firmou RVmagnetics a.s.<\/p>\n<p>OMF rozv\u00edja experiment\u00e1lne metodiky \u0161t\u00fadia \u0161trukt\u00fary, mikro\u0161trukt\u00fary a\u00a0f\u00e1zov\u00fdch transform\u00e1ci\u00ed progres\u00edvnych materi\u00e1lov.<\/p>\n<p>Je vybaven\u00e9 unik\u00e1tnymi experiment\u00e1lnymi zariadeniami v\u00a0oblasti RTG difrak\u010dnej anal\u00fdzy (tri difraktometre RIGAKU s mo\u017enos\u0165ou merania pri n\u00edzkych a\u00a0vysok\u00fdch teplot\u00e1ch a\u00a0kontrolovanej atmosf\u00e9re, SAXS anal\u00fdza, mikrofokus, text\u00farna anal\u00fdza) (<a href=\"http:\/\/websrv.saske.sk\/uef\/wp-content\/uploads\/2023\/02\/statutRTG_OMF.pdf\" target=\"_blank\" rel=\"noopener\">\u0161tat\u00fat k RTG<\/a>), skenovacej elektr\u00f3novej mikroskopie a\u00a0mikroanal\u00fdzy (EDS, WDS, EBSD) a\u00a0zariadeniami pre komplexn\u00fa termick\u00fa anal\u00fdzu materi\u00e1lov (DTA, DSC, TG, hmotnostn\u00e1 spektroskopia).<\/p>\n<p>Ak m\u00e1te z\u00e1ujem dozvedie\u0165 sa nie\u010do viac, nev\u00e1hajte a nav\u0161t\u00edvte na\u0161u str\u00e1nku.<\/p>\n<p>&nbsp;<\/p>\n<p>Kontakt:<\/p>\n<p>Ing. Pavel Diko, DrSc. ved\u00faci OMF<\/p>\n<p>Oddelenie materi\u00e1lovej fyziky, \u00dastav experiment\u00e1lnej fyziky SAV<\/p>\n<p>Watsonova 47, 04001 Ko\u0161ice<\/p>\n<p>Email: dikos@saske.sk<\/p>\n<p>&nbsp;<\/p>\n<p>V rokoch 2022 a 2021 na\u0161e oddelenie z\u00edskalo ocenenie v oblasti aplika\u010dn\u00e9ho v\u00fdskumu<\/p>\n<p><a href=\"http:\/\/websrv.saske.sk\/uef\/wp-content\/uploads\/2023\/01\/ApplVyskum_OMF.jpg\"><img loading=\"lazy\" decoding=\"async\" class=\"alignnone size-medium wp-image-7034\" src=\"http:\/\/websrv.saske.sk\/uef\/wp-content\/uploads\/2023\/01\/ApplVyskum_OMF-300x212.jpg\" alt=\"\" width=\"300\" height=\"212\" srcset=\"https:\/\/websrv.saske.sk\/uef\/wp-content\/uploads\/2023\/01\/ApplVyskum_OMF-300x212.jpg 300w, https:\/\/websrv.saske.sk\/uef\/wp-content\/uploads\/2023\/01\/ApplVyskum_OMF-768x543.jpg 768w, https:\/\/websrv.saske.sk\/uef\/wp-content\/uploads\/2023\/01\/ApplVyskum_OMF.jpg 936w\" sizes=\"(max-width: 300px) 100vw, 300px\" \/><\/a><a href=\"http:\/\/websrv.saske.sk\/uef\/wp-content\/uploads\/2021\/12\/CenaAplUEF21a1-scaled.jpg\"><img loading=\"lazy\" decoding=\"async\" class=\"alignnone size-medium wp-image-5917\" src=\"http:\/\/websrv.saske.sk\/uef\/wp-content\/uploads\/2021\/12\/CenaAplUEF21a1-300x218.jpg\" alt=\"\" width=\"300\" height=\"218\" srcset=\"https:\/\/websrv.saske.sk\/uef\/wp-content\/uploads\/2021\/12\/CenaAplUEF21a1-300x218.jpg 300w, https:\/\/websrv.saske.sk\/uef\/wp-content\/uploads\/2021\/12\/CenaAplUEF21a1-1024x744.jpg 1024w, https:\/\/websrv.saske.sk\/uef\/wp-content\/uploads\/2021\/12\/CenaAplUEF21a1-768x558.jpg 768w, https:\/\/websrv.saske.sk\/uef\/wp-content\/uploads\/2021\/12\/CenaAplUEF21a1-1536x1116.jpg 1536w, https:\/\/websrv.saske.sk\/uef\/wp-content\/uploads\/2021\/12\/CenaAplUEF21a1-2048x1488.jpg 2048w\" sizes=\"(max-width: 300px) 100vw, 300px\" \/><\/a><\/p>\n<p>&nbsp;<\/p>\n<p>Pozrite si n\u00e1\u0161 v\u00fdstup za rok 2021:\u00a0<a href=\"http:\/\/websrv.saske.sk\/uef\/wp-content\/uploads\/2023\/01\/KoncorocnyOMF22af1a-compressed.pdf\" target=\"_blank\" rel=\"noopener\">Koncoro\u010dn\u00fd semin\u00e1r \u00daEF SAV &#8211; OMF_2022<\/a><\/p>\n<p>A \u010fal\u0161ie roky: <a href=\"http:\/\/websrv.saske.sk\/uef\/wp-content\/uploads\/2021\/12\/KoncorocnyOMF21fa-1.pdf\" target=\"_blank\" rel=\"noopener\">Koncoro\u010dn\u00fd semin\u00e1r \u00daEF SAV &#8211; OMF_2021<\/a>, <a href=\"http:\/\/websrv.saske.sk\/uef\/wp-content\/uploads\/2021\/04\/KoncorocnyOMF20A_2.pdf\" target=\"_blank\" rel=\"noopener\">Koncoro\u010dn\u00fd semin\u00e1r \u00daEF SAV &#8211; OMF_2020<\/a>,\u00a0<a href=\"http:\/\/websrv.saske.sk\/uef\/wp-content\/uploads\/2019\/12\/LMF19KS.pdf\" target=\"_blank\" rel=\"noopener\">Koncoro\u010dn\u00fd semin\u00e1r \u00daEF SAV &#8211; OMF_2019<\/a><\/p>\n<p>&nbsp;<\/p>\n","protected":false},"excerpt":{"rendered":"<p>Oddelenie materi\u00e1lovej fyziky (OMF) patr\u00ed k\u00a0popredn\u00fdm pracovisk\u00e1m vo svete v\u00a0oblasti pr\u00edpravy a \u0161t\u00fadia vlastnost\u00ed REBCO mas\u00edvnych monokry\u0161talick\u00fdch supravodi\u010dov (MMS). Spolupracuje v\u00a0tejto oblasti s\u00a0University of Cambridge,&#8230;<\/p>\n","protected":false},"author":1,"featured_media":0,"parent":9,"menu_order":80,"comment_status":"closed","ping_status":"closed","template":"","meta":{"footnotes":""},"_links":{"self":[{"href":"https:\/\/websrv.saske.sk\/uef\/wp-json\/wp\/v2\/pages\/571"}],"collection":[{"href":"https:\/\/websrv.saske.sk\/uef\/wp-json\/wp\/v2\/pages"}],"about":[{"href":"https:\/\/websrv.saske.sk\/uef\/wp-json\/wp\/v2\/types\/page"}],"author":[{"embeddable":true,"href":"https:\/\/websrv.saske.sk\/uef\/wp-json\/wp\/v2\/users\/1"}],"replies":[{"embeddable":true,"href":"https:\/\/websrv.saske.sk\/uef\/wp-json\/wp\/v2\/comments?post=571"}],"version-history":[{"count":24,"href":"https:\/\/websrv.saske.sk\/uef\/wp-json\/wp\/v2\/pages\/571\/revisions"}],"predecessor-version":[{"id":7127,"href":"https:\/\/websrv.saske.sk\/uef\/wp-json\/wp\/v2\/pages\/571\/revisions\/7127"}],"up":[{"embeddable":true,"href":"https:\/\/websrv.saske.sk\/uef\/wp-json\/wp\/v2\/pages\/9"}],"wp:attachment":[{"href":"https:\/\/websrv.saske.sk\/uef\/wp-json\/wp\/v2\/media?parent=571"}],"curies":[{"name":"wp","href":"https:\/\/api.w.org\/{rel}","templated":true}]}}