{"id":567,"date":"2018-10-02T11:43:28","date_gmt":"2018-10-02T09:43:28","guid":{"rendered":"http:\/\/websrv.saske.sk\/uef\/?page_id=567"},"modified":"2019-03-13T09:35:58","modified_gmt":"2019-03-13T08:35:58","slug":"oddelenie-teoretickej-fyziky","status":"publish","type":"page","link":"https:\/\/websrv.saske.sk\/uef\/oddelenia-a-laboratoria\/oddelenie-teoretickej-fyziky\/","title":{"rendered":"Oddelenie teoretickej fyziky"},"content":{"rendered":"<p>Vitajte na str\u00e1nkach <strong>Oddelenia teoretickej fyziky.<\/strong>&nbsp;Oddelenie je s\u00fa\u010das\u0165ou&nbsp;\u00dastavu experiment\u00e1lnej fyziky SAV&nbsp;v Ko\u0161iciach od jeho zalo\u017eenia v roku 1998.<\/p>\n<p>V\u00fdskum na oddelen\u00ed m\u00e1 multisciplin\u00e1rny charakter&nbsp;a \u0161pecializuje sa na \u0161irok\u00e9 spektrum fyzik\u00e1lnych probl\u00e9mov ako napr.&nbsp;<u>fyziku kondenzovan\u00fdch l\u00e1tok<\/u>,&nbsp;<u>stochastick\u00e9 a turbulentn\u00e9 &nbsp;procesy<\/u>, <u>klasick\u00fa \u0161tatistick\u00fa mechaniku<\/u>,&nbsp;<u>\u010dasticov\u00fa a kozmick\u00fa fyziku&nbsp;<\/u>ako aj na&nbsp;<u>popis elektr\u00f3nov\u00fdch vlastnost\u00ed nano\u0161trukt\u00far<\/u>. Taktie\u017e metodika, ktor\u00fa vyu\u017e\u00edvame pri rie\u0161en\u00ed dan\u00fdch \u00faloh je ve\u013emi r\u00f4znorod\u00e1.<\/p>\n<p>&nbsp;<\/p>\n<p>Hlavn\u00e9 smery v\u00fdskumu na oddelen\u00ed v s\u00fa\u010dasnosti s\u00fa:<\/p>\n<ul>\n<li>Silne korelovan\u00e9 elektr\u00f3nov\u00e9 syst\u00e9my, modelovanie z prvotn\u00fdch princ\u00edpov<\/li>\n<li>Stochastick\u00e9 a \u0161tatisticko-mechanick\u00e9 syst\u00e9my: \u0161t\u00fadium univerz\u00e1lnych z\u00e1konitost\u00ed, f\u00e1zov\u00fdch prechodov a kritick\u00fdch javov<\/li>\n<li>Te\u00f3ria \u0161trukturaliza\u010dn\u00fdch javov v syst\u00e9moch nano\u010dast\u00edc<\/li>\n<li>Supratekutos\u0165, supravodivos\u0165, fyzika nehomog\u00e9nnych tuh\u00fdch l\u00e1tok<\/li>\n<li>Jadrov\u00e9 efekty v produkcii \u010dast\u00edc pri vysok\u00fdch energi\u00e1ch<\/li>\n<li>Fuler\u00e9ny, nanotrubky, graf\u00e9ny, elektron\u00f3v\u00e9 prenosy vo fotosyntetick\u00fdch reak\u010dn\u00fdch centr\u00e1ch. Ekonofyzika, \u0161t\u00fadium silne stochastick\u00fdch \u010dasov\u00fdch radov<\/li>\n<li>Vysokoenergetick\u00e9 \u010dastice vo vesm\u00edre<\/li>\n<\/ul>\n<p>Viac inform\u00e1ci\u00ed oh\u013eadom vedeck\u00fdch smerov oddelenia a v\u00fdskumu <a href=\"\/uef\/oddelenia-a-laboratoria\/oddelenie-teoretickej-fyziky\/zameranie-2\/\">tu<\/a>.<\/p>\n","protected":false},"excerpt":{"rendered":"<p>Vitajte na str\u00e1nkach Oddelenia teoretickej fyziky.&nbsp;Oddelenie je s\u00fa\u010das\u0165ou&nbsp;\u00dastavu experiment\u00e1lnej fyziky SAV&nbsp;v Ko\u0161iciach od jeho zalo\u017eenia v roku 1998. V\u00fdskum na oddelen\u00ed m\u00e1 multisciplin\u00e1rny charakter&nbsp;a \u0161pecializuje&#8230;<\/p>\n","protected":false},"author":10,"featured_media":0,"parent":9,"menu_order":60,"comment_status":"closed","ping_status":"closed","template":"","meta":{"footnotes":""},"_links":{"self":[{"href":"https:\/\/websrv.saske.sk\/uef\/wp-json\/wp\/v2\/pages\/567"}],"collection":[{"href":"https:\/\/websrv.saske.sk\/uef\/wp-json\/wp\/v2\/pages"}],"about":[{"href":"https:\/\/websrv.saske.sk\/uef\/wp-json\/wp\/v2\/types\/page"}],"author":[{"embeddable":true,"href":"https:\/\/websrv.saske.sk\/uef\/wp-json\/wp\/v2\/users\/10"}],"replies":[{"embeddable":true,"href":"https:\/\/websrv.saske.sk\/uef\/wp-json\/wp\/v2\/comments?post=567"}],"version-history":[{"count":5,"href":"https:\/\/websrv.saske.sk\/uef\/wp-json\/wp\/v2\/pages\/567\/revisions"}],"predecessor-version":[{"id":1949,"href":"https:\/\/websrv.saske.sk\/uef\/wp-json\/wp\/v2\/pages\/567\/revisions\/1949"}],"up":[{"embeddable":true,"href":"https:\/\/websrv.saske.sk\/uef\/wp-json\/wp\/v2\/pages\/9"}],"wp:attachment":[{"href":"https:\/\/websrv.saske.sk\/uef\/wp-json\/wp\/v2\/media?parent=567"}],"curies":[{"name":"wp","href":"https:\/\/api.w.org\/{rel}","templated":true}]}}