{"id":565,"date":"2018-10-02T11:43:14","date_gmt":"2018-10-02T09:43:14","guid":{"rendered":"http:\/\/websrv.saske.sk\/uef\/?page_id=565"},"modified":"2025-06-17T09:31:18","modified_gmt":"2025-06-17T07:31:18","slug":"oddelenie-subjadrovej-fyziky","status":"publish","type":"page","link":"https:\/\/websrv.saske.sk\/uef\/oddelenia-a-laboratoria\/oddelenie-subjadrovej-fyziky\/","title":{"rendered":"Oddelenie subjadrovej fyziky"},"content":{"rendered":"<p>&nbsp;<\/p>\n<p>Kliknut\u00edm na vy\u0161\u0161ie uveden\u00fa linku op\u00fa\u0161\u0165ate prostredie \u00fastavnej str\u00e1nky.<\/p>\n<p>&nbsp;<\/p>\n<p><img loading=\"lazy\" decoding=\"async\" src=\"\/uef-intranet-old\/files\/osf\/grid.jpg\" alt=\"grid.jpg\" width=\"535\" height=\"357\" \/><\/p>\n<p><strong>Po\u010d\u00edta\u010dov\u00e1 farma GRID<\/strong> Oddelenia subjadrovej fyziky pre v\u00fdpo\u010dty v experimentoch fyziky element\u00e1rnych \u010dast\u00edc: <a href=\"http:\/\/aliceinfo.cern.ch\/Public\/Welcome.html\">ALICE<\/a> a <a href=\"http:\/\/atlas.ch\/\">ATLAS<\/a> na ur\u00fdch\u013eova\u010di LHC v \u00fastave <a href=\"http:\/\/public.web.cern.ch\/public\/\">CERN<\/a> \u017deneva, <a href=\"http:\/\/www-cdf.fnal.gov\/public\/index.html\">CDF<\/a> na ur\u00fdch\u013eova\u010di Tevatron v \u00fastave <a href=\"http:\/\/www.fnal.gov\/\">Fermilab<\/a> Batavia a <a href=\"http:\/\/www-h1.desy.de\/\">H1<\/a> v \u00fastave <a href=\"http:\/\/www.desy.de\/index_eng.html\">DESY<\/a> Hamburg (Virtual Organizations \/ VO = <em>alice<\/em>, <em>atlas<\/em>, <em>cdf<\/em>, <em>hone<\/em>).<\/p>\n<p><a href=\"http:\/\/alimonitor.cern.ch\/map.jsp\">ALICE MONITORING<\/a><\/p>\n","protected":false},"excerpt":{"rendered":"<p>&nbsp; Kliknut\u00edm na vy\u0161\u0161ie uveden\u00fa linku op\u00fa\u0161\u0165ate prostredie \u00fastavnej str\u00e1nky. &nbsp; Po\u010d\u00edta\u010dov\u00e1 farma GRID Oddelenia subjadrovej fyziky pre v\u00fdpo\u010dty v experimentoch fyziky element\u00e1rnych \u010dast\u00edc: ALICE&#8230;<\/p>\n","protected":false},"author":1,"featured_media":0,"parent":9,"menu_order":50,"comment_status":"closed","ping_status":"closed","template":"","meta":{"footnotes":""},"_links":{"self":[{"href":"https:\/\/websrv.saske.sk\/uef\/wp-json\/wp\/v2\/pages\/565"}],"collection":[{"href":"https:\/\/websrv.saske.sk\/uef\/wp-json\/wp\/v2\/pages"}],"about":[{"href":"https:\/\/websrv.saske.sk\/uef\/wp-json\/wp\/v2\/types\/page"}],"author":[{"embeddable":true,"href":"https:\/\/websrv.saske.sk\/uef\/wp-json\/wp\/v2\/users\/1"}],"replies":[{"embeddable":true,"href":"https:\/\/websrv.saske.sk\/uef\/wp-json\/wp\/v2\/comments?post=565"}],"version-history":[{"count":9,"href":"https:\/\/websrv.saske.sk\/uef\/wp-json\/wp\/v2\/pages\/565\/revisions"}],"predecessor-version":[{"id":9206,"href":"https:\/\/websrv.saske.sk\/uef\/wp-json\/wp\/v2\/pages\/565\/revisions\/9206"}],"up":[{"embeddable":true,"href":"https:\/\/websrv.saske.sk\/uef\/wp-json\/wp\/v2\/pages\/9"}],"wp:attachment":[{"href":"https:\/\/websrv.saske.sk\/uef\/wp-json\/wp\/v2\/media?parent=565"}],"curies":[{"name":"wp","href":"https:\/\/api.w.org\/{rel}","templated":true}]}}